{"id":1574,"date":"2025-10-29T13:33:16","date_gmt":"2025-10-29T19:33:16","guid":{"rendered":"https:\/\/www.blindtrapper.com\/?post_type=product&#038;p=1574"},"modified":"2025-10-29T13:37:50","modified_gmt":"2025-10-29T19:37:50","slug":"wild-rose-petals","status":"publish","type":"product","link":"https:\/\/www.blindtrapper.com\/fr\/produit\/wild-rose-petals\/","title":{"rendered":"P\u00e9tales de rose sauvage"},"content":{"rendered":"<p>P\u00e9tales de rose sauvage, cueillis dans le nord de la Saskatchewan, vendus s\u00e9ch\u00e9s en sachets de 20 grammes. Ils servent \u00e0 la confection de confitures, de sirops, de tisanes et \u00e0 l&#039;infusion du miel. Traditionnellement utilis\u00e9s contre le rhume et les maux de gorge.<\/p>","protected":false},"excerpt":{"rendered":"<div class=\"entry-summary\">\n<div class=\"entry-summary\">\nP\u00e9tales de rose sauvage, cueillis dans le nord de la Saskatchewan, vendus s\u00e9ch\u00e9s en sachets de 20 grammes. Ils servent \u00e0 la confection de confitures, de sirops, de tisanes et \u00e0 l&#039;infusion du miel. Traditionnellement utilis\u00e9s contre le rhume et les maux de gorge.\n<\/div>\n<\/div>","protected":false},"featured_media":1575,"template":"","meta":{"_acf_changed":false},"product_brand":[],"product_cat":[76],"product_tag":[],"class_list":{"0":"post-1574","1":"product","2":"type-product","3":"status-publish","4":"has-post-thumbnail","6":"product_cat-dried-herbs","8":"first","9":"instock","10":"shipping-taxable","11":"purchasable","12":"product-type-simple","13":"entry"},"acf":[],"yoast_head":"<!-- This site is optimized with the Yoast SEO plugin v27.4 - https:\/\/yoast.com\/product\/yoast-seo-wordpress\/ -->\n<title>Wild Rose Petals - Blind Trapper Holistic Foods<\/title>\n<meta name=\"robots\" content=\"index, follow, max-snippet:-1, max-image-preview:large, max-video-preview:-1\" \/>\n<link rel=\"canonical\" href=\"https:\/\/www.blindtrapper.com\/fr\/produit\/wild-rose-petals\/\" \/>\n<meta property=\"og:locale\" content=\"fr_CA\" \/>\n<meta property=\"og:type\" content=\"article\" \/>\n<meta property=\"og:title\" content=\"Wild Rose Petals - Blind Trapper Holistic Foods\" \/>\n<meta property=\"og:description\" content=\"Wild Rose Petals, collected from Northern Saskatchewan, the come dried in a 20 gram package. They are used to make jam, syrups, teas and infuse honey. Traditionally used for colds and sore throats.\" \/>\n<meta property=\"og:url\" content=\"https:\/\/www.blindtrapper.com\/fr\/produit\/wild-rose-petals\/\" \/>\n<meta property=\"og:site_name\" content=\"Blind Trapper Holistic Foods\" \/>\n<meta property=\"article:publisher\" content=\"https:\/\/www.facebook.com\/BlindTrapper\/\" \/>\n<meta property=\"article:modified_time\" content=\"2025-10-29T19:37:50+00:00\" \/>\n<meta property=\"og:image\" content=\"https:\/\/www.blindtrapper.com\/wp-content\/uploads\/2025\/10\/FB_IMG_1761766026820.jpg\" \/>\n\t<meta property=\"og:image:width\" content=\"1510\" \/>\n\t<meta property=\"og:image:height\" content=\"527\" \/>\n\t<meta property=\"og:image:type\" content=\"image\/jpeg\" \/>\n<meta name=\"twitter:card\" content=\"summary_large_image\" \/>\n<meta name=\"twitter:label1\" content=\"Estimation du temps de lecture\" \/>\n\t<meta name=\"twitter:data1\" content=\"1 minute\" \/>\n<script type=\"application\/ld+json\" class=\"yoast-schema-graph\">{\"@context\":\"https:\\\/\\\/schema.org\",\"@graph\":[{\"@type\":\"WebPage\",\"@id\":\"https:\\\/\\\/www.blindtrapper.com\\\/product\\\/wild-rose-petals\\\/\",\"url\":\"https:\\\/\\\/www.blindtrapper.com\\\/product\\\/wild-rose-petals\\\/\",\"name\":\"Wild Rose Petals - Blind Trapper Holistic Foods\",\"isPartOf\":{\"@id\":\"https:\\\/\\\/www.blindtrapper.com\\\/#website\"},\"primaryImageOfPage\":{\"@id\":\"https:\\\/\\\/www.blindtrapper.com\\\/product\\\/wild-rose-petals\\\/#primaryimage\"},\"image\":{\"@id\":\"https:\\\/\\\/www.blindtrapper.com\\\/product\\\/wild-rose-petals\\\/#primaryimage\"},\"thumbnailUrl\":\"https:\\\/\\\/www.blindtrapper.com\\\/wp-content\\\/uploads\\\/2025\\\/10\\\/FB_IMG_1761766026820.jpg\",\"datePublished\":\"2025-10-29T19:33:16+00:00\",\"dateModified\":\"2025-10-29T19:37:50+00:00\",\"breadcrumb\":{\"@id\":\"https:\\\/\\\/www.blindtrapper.com\\\/product\\\/wild-rose-petals\\\/#breadcrumb\"},\"inLanguage\":\"fr-CA\",\"potentialAction\":[{\"@type\":\"ReadAction\",\"target\":[\"https:\\\/\\\/www.blindtrapper.com\\\/product\\\/wild-rose-petals\\\/\"]}]},{\"@type\":\"ImageObject\",\"inLanguage\":\"fr-CA\",\"@id\":\"https:\\\/\\\/www.blindtrapper.com\\\/product\\\/wild-rose-petals\\\/#primaryimage\",\"url\":\"https:\\\/\\\/www.blindtrapper.com\\\/wp-content\\\/uploads\\\/2025\\\/10\\\/FB_IMG_1761766026820.jpg\",\"contentUrl\":\"https:\\\/\\\/www.blindtrapper.com\\\/wp-content\\\/uploads\\\/2025\\\/10\\\/FB_IMG_1761766026820.jpg\",\"width\":1510,\"height\":527},{\"@type\":\"BreadcrumbList\",\"@id\":\"https:\\\/\\\/www.blindtrapper.com\\\/product\\\/wild-rose-petals\\\/#breadcrumb\",\"itemListElement\":[{\"@type\":\"ListItem\",\"position\":1,\"name\":\"Home\",\"item\":\"https:\\\/\\\/www.blindtrapper.com\\\/\"},{\"@type\":\"ListItem\",\"position\":2,\"name\":\"Online Shop\",\"item\":\"https:\\\/\\\/www.blindtrapper.com\\\/holistic-food-shop-online-canada\\\/\"},{\"@type\":\"ListItem\",\"position\":3,\"name\":\"Wild Rose Petals\"}]},{\"@type\":\"WebSite\",\"@id\":\"https:\\\/\\\/www.blindtrapper.com\\\/#website\",\"url\":\"https:\\\/\\\/www.blindtrapper.com\\\/\",\"name\":\"Blind Trapper Holistic Foods\",\"description\":\"Canadian Holistic Food Supplier\",\"publisher\":{\"@id\":\"https:\\\/\\\/www.blindtrapper.com\\\/#organization\"},\"potentialAction\":[{\"@type\":\"SearchAction\",\"target\":{\"@type\":\"EntryPoint\",\"urlTemplate\":\"https:\\\/\\\/www.blindtrapper.com\\\/?s={search_term_string}\"},\"query-input\":{\"@type\":\"PropertyValueSpecification\",\"valueRequired\":true,\"valueName\":\"search_term_string\"}}],\"inLanguage\":\"fr-CA\"},{\"@type\":\"Organization\",\"@id\":\"https:\\\/\\\/www.blindtrapper.com\\\/#organization\",\"name\":\"Blind Trapper Holistic Foods\",\"url\":\"https:\\\/\\\/www.blindtrapper.com\\\/\",\"logo\":{\"@type\":\"ImageObject\",\"inLanguage\":\"fr-CA\",\"@id\":\"https:\\\/\\\/www.blindtrapper.com\\\/#\\\/schema\\\/logo\\\/image\\\/\",\"url\":\"https:\\\/\\\/www.blindtrapper.com\\\/wp-content\\\/uploads\\\/2023\\\/05\\\/nature-svgrepo-com.png\",\"contentUrl\":\"https:\\\/\\\/www.blindtrapper.com\\\/wp-content\\\/uploads\\\/2023\\\/05\\\/nature-svgrepo-com.png\",\"width\":256,\"height\":256,\"caption\":\"Blind Trapper Holistic Foods\"},\"image\":{\"@id\":\"https:\\\/\\\/www.blindtrapper.com\\\/#\\\/schema\\\/logo\\\/image\\\/\"},\"sameAs\":[\"https:\\\/\\\/www.facebook.com\\\/BlindTrapper\\\/\",\"https:\\\/\\\/instagram.com\\\/blindtrapperholisticfoods\"]}]}<\/script>\n<!-- \/ Yoast SEO plugin. -->","yoast_head_json":{"title":"Wild Rose Petals - Blind Trapper Holistic Foods","robots":{"index":"index","follow":"follow","max-snippet":"max-snippet:-1","max-image-preview":"max-image-preview:large","max-video-preview":"max-video-preview:-1"},"canonical":"https:\/\/www.blindtrapper.com\/fr\/produit\/wild-rose-petals\/","og_locale":"fr_CA","og_type":"article","og_title":"Wild Rose Petals - Blind Trapper Holistic Foods","og_description":"Wild Rose Petals, collected from Northern Saskatchewan, the come dried in a 20 gram package. They are used to make jam, syrups, teas and infuse honey. Traditionally used for colds and sore throats.","og_url":"https:\/\/www.blindtrapper.com\/fr\/produit\/wild-rose-petals\/","og_site_name":"Blind Trapper Holistic Foods","article_publisher":"https:\/\/www.facebook.com\/BlindTrapper\/","article_modified_time":"2025-10-29T19:37:50+00:00","og_image":[{"width":1510,"height":527,"url":"https:\/\/www.blindtrapper.com\/wp-content\/uploads\/2025\/10\/FB_IMG_1761766026820.jpg","type":"image\/jpeg"}],"twitter_card":"summary_large_image","twitter_misc":{"Estimation du temps de lecture":"1 minute"},"schema":{"@context":"https:\/\/schema.org","@graph":[{"@type":"WebPage","@id":"https:\/\/www.blindtrapper.com\/product\/wild-rose-petals\/","url":"https:\/\/www.blindtrapper.com\/product\/wild-rose-petals\/","name":"Wild Rose Petals - Blind Trapper Holistic Foods","isPartOf":{"@id":"https:\/\/www.blindtrapper.com\/#website"},"primaryImageOfPage":{"@id":"https:\/\/www.blindtrapper.com\/product\/wild-rose-petals\/#primaryimage"},"image":{"@id":"https:\/\/www.blindtrapper.com\/product\/wild-rose-petals\/#primaryimage"},"thumbnailUrl":"https:\/\/www.blindtrapper.com\/wp-content\/uploads\/2025\/10\/FB_IMG_1761766026820.jpg","datePublished":"2025-10-29T19:33:16+00:00","dateModified":"2025-10-29T19:37:50+00:00","breadcrumb":{"@id":"https:\/\/www.blindtrapper.com\/product\/wild-rose-petals\/#breadcrumb"},"inLanguage":"fr-CA","potentialAction":[{"@type":"ReadAction","target":["https:\/\/www.blindtrapper.com\/product\/wild-rose-petals\/"]}]},{"@type":"ImageObject","inLanguage":"fr-CA","@id":"https:\/\/www.blindtrapper.com\/product\/wild-rose-petals\/#primaryimage","url":"https:\/\/www.blindtrapper.com\/wp-content\/uploads\/2025\/10\/FB_IMG_1761766026820.jpg","contentUrl":"https:\/\/www.blindtrapper.com\/wp-content\/uploads\/2025\/10\/FB_IMG_1761766026820.jpg","width":1510,"height":527},{"@type":"BreadcrumbList","@id":"https:\/\/www.blindtrapper.com\/product\/wild-rose-petals\/#breadcrumb","itemListElement":[{"@type":"ListItem","position":1,"name":"Home","item":"https:\/\/www.blindtrapper.com\/"},{"@type":"ListItem","position":2,"name":"Online Shop","item":"https:\/\/www.blindtrapper.com\/holistic-food-shop-online-canada\/"},{"@type":"ListItem","position":3,"name":"Wild Rose Petals"}]},{"@type":"WebSite","@id":"https:\/\/www.blindtrapper.com\/#website","url":"https:\/\/www.blindtrapper.com\/","name":"Blind Trapper Holistic Foods","description":"Fournisseur canadien d&#039;aliments holistiques","publisher":{"@id":"https:\/\/www.blindtrapper.com\/#organization"},"potentialAction":[{"@type":"SearchAction","target":{"@type":"EntryPoint","urlTemplate":"https:\/\/www.blindtrapper.com\/?s={search_term_string}"},"query-input":{"@type":"PropertyValueSpecification","valueRequired":true,"valueName":"search_term_string"}}],"inLanguage":"fr-CA"},{"@type":"Organization","@id":"https:\/\/www.blindtrapper.com\/#organization","name":"Blind Trapper Holistic Foods","url":"https:\/\/www.blindtrapper.com\/","logo":{"@type":"ImageObject","inLanguage":"fr-CA","@id":"https:\/\/www.blindtrapper.com\/#\/schema\/logo\/image\/","url":"https:\/\/www.blindtrapper.com\/wp-content\/uploads\/2023\/05\/nature-svgrepo-com.png","contentUrl":"https:\/\/www.blindtrapper.com\/wp-content\/uploads\/2023\/05\/nature-svgrepo-com.png","width":256,"height":256,"caption":"Blind Trapper Holistic Foods"},"image":{"@id":"https:\/\/www.blindtrapper.com\/#\/schema\/logo\/image\/"},"sameAs":["https:\/\/www.facebook.com\/BlindTrapper\/","https:\/\/instagram.com\/blindtrapperholisticfoods"]}]}},"_links":{"self":[{"href":"https:\/\/www.blindtrapper.com\/fr\/wp-json\/wp\/v2\/product\/1574","targetHints":{"allow":["GET"]}}],"collection":[{"href":"https:\/\/www.blindtrapper.com\/fr\/wp-json\/wp\/v2\/product"}],"about":[{"href":"https:\/\/www.blindtrapper.com\/fr\/wp-json\/wp\/v2\/types\/product"}],"wp:featuredmedia":[{"embeddable":true,"href":"https:\/\/www.blindtrapper.com\/fr\/wp-json\/wp\/v2\/media\/1575"}],"wp:attachment":[{"href":"https:\/\/www.blindtrapper.com\/fr\/wp-json\/wp\/v2\/media?parent=1574"}],"wp:term":[{"taxonomy":"product_brand","embeddable":true,"href":"https:\/\/www.blindtrapper.com\/fr\/wp-json\/wp\/v2\/product_brand?post=1574"},{"taxonomy":"product_cat","embeddable":true,"href":"https:\/\/www.blindtrapper.com\/fr\/wp-json\/wp\/v2\/product_cat?post=1574"},{"taxonomy":"product_tag","embeddable":true,"href":"https:\/\/www.blindtrapper.com\/fr\/wp-json\/wp\/v2\/product_tag?post=1574"}],"curies":[{"name":"wp","href":"https:\/\/api.w.org\/{rel}","templated":true}]}}