{"id":1542,"date":"2025-03-28T14:02:42","date_gmt":"2025-03-28T20:02:42","guid":{"rendered":"https:\/\/www.blindtrapper.com\/?post_type=product&#038;p=1542"},"modified":"2025-03-28T14:02:42","modified_gmt":"2025-03-28T20:02:42","slug":"rat-root","status":"publish","type":"product","link":"https:\/\/www.blindtrapper.com\/fr\/produit\/rat-root\/","title":{"rendered":"Racine de rat"},"content":{"rendered":"<p>La racine de rat est une plante herbac\u00e9e vivace aux feuilles hautes, dures et pointues, ainsi qu&#039;\u00e0 un rhizome noueux qui est souvent utilis\u00e9 dans <a class=\"of-internal-link\" href=\"https:\/\/www.organicfacts.net\/health-benefits\/other\/herbal-medicine.html\">plantes m\u00e9dicinales<\/a>. Scientifiquement connu sous le nom de\u00a0<em><a href=\"http:\/\/onlinelibrary.wiley.com\/doi\/10.1002\/ffj.1136\/full\" target=\"_blank\" rel=\"external nofollow noopener\">Acorus calamus<\/a>\u00a0<span class=\"ref-cite-link\">\u00a0<\/span><\/em>les tiges, les feuilles et les racines de cette plante ont \u00e9t\u00e9 utilis\u00e9es dans les pratiques de m\u00e9decine chinoise et traditionnelle.<\/p>","protected":false},"excerpt":{"rendered":"<div class=\"entry-summary\">\n<div class=\"entry-summary\">\nL&#039;Acorus calamus est une plante herbac\u00e9e vivace aux feuilles hautes, dures et pointues, ainsi qu&#039;\u00e0 un rhizome noueux, souvent utilis\u00e9e en phytoth\u00e9rapie. Scientifiquement connue sous le nom d&#039;Acorus calamus, ses tiges, feuilles et racines sont utilis\u00e9es\u2026\n<\/div>\n<\/div>","protected":false},"featured_media":1543,"template":"","meta":{"_acf_changed":false},"product_brand":[],"product_cat":[77],"product_tag":[],"class_list":{"0":"post-1542","1":"product","2":"type-product","3":"status-publish","4":"has-post-thumbnail","6":"product_cat-dried-roots","8":"first","9":"instock","10":"shipping-taxable","11":"purchasable","12":"product-type-simple","13":"entry"},"acf":[],"yoast_head":"<!-- This site is optimized with the Yoast SEO plugin v27.4 - https:\/\/yoast.com\/product\/yoast-seo-wordpress\/ -->\n<title>Rat Root - Blind Trapper Holistic Foods<\/title>\n<meta name=\"robots\" content=\"index, follow, max-snippet:-1, max-image-preview:large, max-video-preview:-1\" \/>\n<link rel=\"canonical\" href=\"https:\/\/www.blindtrapper.com\/fr\/produit\/rat-root\/\" \/>\n<meta property=\"og:locale\" content=\"fr_CA\" \/>\n<meta property=\"og:type\" content=\"article\" \/>\n<meta property=\"og:title\" content=\"Rat Root - Blind Trapper Holistic Foods\" \/>\n<meta property=\"og:description\" content=\"Rat Root is a perennial herb with tall, hard, and sharp leaves, as well as a knobby rhizome that is often used in herbal medicines. Scientifically known as\u00a0Acorus calamus\u00a0\u00a0the stems, leaves, and roots of this herb have been used in&hellip;\" \/>\n<meta property=\"og:url\" content=\"https:\/\/www.blindtrapper.com\/fr\/produit\/rat-root\/\" \/>\n<meta property=\"og:site_name\" content=\"Blind Trapper Holistic Foods\" \/>\n<meta property=\"article:publisher\" content=\"https:\/\/www.facebook.com\/BlindTrapper\/\" \/>\n<meta property=\"og:image\" content=\"https:\/\/www.blindtrapper.com\/wp-content\/uploads\/2025\/03\/ratroot.webp\" \/>\n\t<meta property=\"og:image:width\" content=\"510\" \/>\n\t<meta property=\"og:image:height\" content=\"510\" \/>\n\t<meta property=\"og:image:type\" content=\"image\/webp\" \/>\n<meta name=\"twitter:card\" content=\"summary_large_image\" \/>\n<meta name=\"twitter:label1\" content=\"Estimation du temps de lecture\" \/>\n\t<meta name=\"twitter:data1\" content=\"1 minute\" \/>\n<script type=\"application\/ld+json\" class=\"yoast-schema-graph\">{\"@context\":\"https:\\\/\\\/schema.org\",\"@graph\":[{\"@type\":\"WebPage\",\"@id\":\"https:\\\/\\\/www.blindtrapper.com\\\/product\\\/rat-root\\\/\",\"url\":\"https:\\\/\\\/www.blindtrapper.com\\\/product\\\/rat-root\\\/\",\"name\":\"Rat Root - Blind Trapper Holistic Foods\",\"isPartOf\":{\"@id\":\"https:\\\/\\\/www.blindtrapper.com\\\/#website\"},\"primaryImageOfPage\":{\"@id\":\"https:\\\/\\\/www.blindtrapper.com\\\/product\\\/rat-root\\\/#primaryimage\"},\"image\":{\"@id\":\"https:\\\/\\\/www.blindtrapper.com\\\/product\\\/rat-root\\\/#primaryimage\"},\"thumbnailUrl\":\"https:\\\/\\\/www.blindtrapper.com\\\/wp-content\\\/uploads\\\/2025\\\/03\\\/ratroot.webp\",\"datePublished\":\"2025-03-28T20:02:42+00:00\",\"breadcrumb\":{\"@id\":\"https:\\\/\\\/www.blindtrapper.com\\\/product\\\/rat-root\\\/#breadcrumb\"},\"inLanguage\":\"fr-CA\",\"potentialAction\":[{\"@type\":\"ReadAction\",\"target\":[\"https:\\\/\\\/www.blindtrapper.com\\\/product\\\/rat-root\\\/\"]}]},{\"@type\":\"ImageObject\",\"inLanguage\":\"fr-CA\",\"@id\":\"https:\\\/\\\/www.blindtrapper.com\\\/product\\\/rat-root\\\/#primaryimage\",\"url\":\"https:\\\/\\\/www.blindtrapper.com\\\/wp-content\\\/uploads\\\/2025\\\/03\\\/ratroot.webp\",\"contentUrl\":\"https:\\\/\\\/www.blindtrapper.com\\\/wp-content\\\/uploads\\\/2025\\\/03\\\/ratroot.webp\",\"width\":510,\"height\":510},{\"@type\":\"BreadcrumbList\",\"@id\":\"https:\\\/\\\/www.blindtrapper.com\\\/product\\\/rat-root\\\/#breadcrumb\",\"itemListElement\":[{\"@type\":\"ListItem\",\"position\":1,\"name\":\"Home\",\"item\":\"https:\\\/\\\/www.blindtrapper.com\\\/\"},{\"@type\":\"ListItem\",\"position\":2,\"name\":\"Online Shop\",\"item\":\"https:\\\/\\\/www.blindtrapper.com\\\/holistic-food-shop-online-canada\\\/\"},{\"@type\":\"ListItem\",\"position\":3,\"name\":\"Rat Root\"}]},{\"@type\":\"WebSite\",\"@id\":\"https:\\\/\\\/www.blindtrapper.com\\\/#website\",\"url\":\"https:\\\/\\\/www.blindtrapper.com\\\/\",\"name\":\"Blind Trapper Holistic Foods\",\"description\":\"Canadian Holistic Food Supplier\",\"publisher\":{\"@id\":\"https:\\\/\\\/www.blindtrapper.com\\\/#organization\"},\"potentialAction\":[{\"@type\":\"SearchAction\",\"target\":{\"@type\":\"EntryPoint\",\"urlTemplate\":\"https:\\\/\\\/www.blindtrapper.com\\\/?s={search_term_string}\"},\"query-input\":{\"@type\":\"PropertyValueSpecification\",\"valueRequired\":true,\"valueName\":\"search_term_string\"}}],\"inLanguage\":\"fr-CA\"},{\"@type\":\"Organization\",\"@id\":\"https:\\\/\\\/www.blindtrapper.com\\\/#organization\",\"name\":\"Blind Trapper Holistic Foods\",\"url\":\"https:\\\/\\\/www.blindtrapper.com\\\/\",\"logo\":{\"@type\":\"ImageObject\",\"inLanguage\":\"fr-CA\",\"@id\":\"https:\\\/\\\/www.blindtrapper.com\\\/#\\\/schema\\\/logo\\\/image\\\/\",\"url\":\"https:\\\/\\\/www.blindtrapper.com\\\/wp-content\\\/uploads\\\/2023\\\/05\\\/nature-svgrepo-com.png\",\"contentUrl\":\"https:\\\/\\\/www.blindtrapper.com\\\/wp-content\\\/uploads\\\/2023\\\/05\\\/nature-svgrepo-com.png\",\"width\":256,\"height\":256,\"caption\":\"Blind Trapper Holistic Foods\"},\"image\":{\"@id\":\"https:\\\/\\\/www.blindtrapper.com\\\/#\\\/schema\\\/logo\\\/image\\\/\"},\"sameAs\":[\"https:\\\/\\\/www.facebook.com\\\/BlindTrapper\\\/\",\"https:\\\/\\\/instagram.com\\\/blindtrapperholisticfoods\"]}]}<\/script>\n<!-- \/ Yoast SEO plugin. -->","yoast_head_json":{"title":"Rat Root - Blind Trapper Holistic Foods","robots":{"index":"index","follow":"follow","max-snippet":"max-snippet:-1","max-image-preview":"max-image-preview:large","max-video-preview":"max-video-preview:-1"},"canonical":"https:\/\/www.blindtrapper.com\/fr\/produit\/rat-root\/","og_locale":"fr_CA","og_type":"article","og_title":"Rat Root - Blind Trapper Holistic Foods","og_description":"Rat Root is a perennial herb with tall, hard, and sharp leaves, as well as a knobby rhizome that is often used in herbal medicines. Scientifically known as\u00a0Acorus calamus\u00a0\u00a0the stems, leaves, and roots of this herb have been used in&hellip;","og_url":"https:\/\/www.blindtrapper.com\/fr\/produit\/rat-root\/","og_site_name":"Blind Trapper Holistic Foods","article_publisher":"https:\/\/www.facebook.com\/BlindTrapper\/","og_image":[{"width":510,"height":510,"url":"https:\/\/www.blindtrapper.com\/wp-content\/uploads\/2025\/03\/ratroot.webp","type":"image\/webp"}],"twitter_card":"summary_large_image","twitter_misc":{"Estimation du temps de lecture":"1 minute"},"schema":{"@context":"https:\/\/schema.org","@graph":[{"@type":"WebPage","@id":"https:\/\/www.blindtrapper.com\/product\/rat-root\/","url":"https:\/\/www.blindtrapper.com\/product\/rat-root\/","name":"Rat Root - Blind Trapper Holistic Foods","isPartOf":{"@id":"https:\/\/www.blindtrapper.com\/#website"},"primaryImageOfPage":{"@id":"https:\/\/www.blindtrapper.com\/product\/rat-root\/#primaryimage"},"image":{"@id":"https:\/\/www.blindtrapper.com\/product\/rat-root\/#primaryimage"},"thumbnailUrl":"https:\/\/www.blindtrapper.com\/wp-content\/uploads\/2025\/03\/ratroot.webp","datePublished":"2025-03-28T20:02:42+00:00","breadcrumb":{"@id":"https:\/\/www.blindtrapper.com\/product\/rat-root\/#breadcrumb"},"inLanguage":"fr-CA","potentialAction":[{"@type":"ReadAction","target":["https:\/\/www.blindtrapper.com\/product\/rat-root\/"]}]},{"@type":"ImageObject","inLanguage":"fr-CA","@id":"https:\/\/www.blindtrapper.com\/product\/rat-root\/#primaryimage","url":"https:\/\/www.blindtrapper.com\/wp-content\/uploads\/2025\/03\/ratroot.webp","contentUrl":"https:\/\/www.blindtrapper.com\/wp-content\/uploads\/2025\/03\/ratroot.webp","width":510,"height":510},{"@type":"BreadcrumbList","@id":"https:\/\/www.blindtrapper.com\/product\/rat-root\/#breadcrumb","itemListElement":[{"@type":"ListItem","position":1,"name":"Home","item":"https:\/\/www.blindtrapper.com\/"},{"@type":"ListItem","position":2,"name":"Online Shop","item":"https:\/\/www.blindtrapper.com\/holistic-food-shop-online-canada\/"},{"@type":"ListItem","position":3,"name":"Rat Root"}]},{"@type":"WebSite","@id":"https:\/\/www.blindtrapper.com\/#website","url":"https:\/\/www.blindtrapper.com\/","name":"Blind Trapper Holistic Foods","description":"Fournisseur canadien d&#039;aliments holistiques","publisher":{"@id":"https:\/\/www.blindtrapper.com\/#organization"},"potentialAction":[{"@type":"SearchAction","target":{"@type":"EntryPoint","urlTemplate":"https:\/\/www.blindtrapper.com\/?s={search_term_string}"},"query-input":{"@type":"PropertyValueSpecification","valueRequired":true,"valueName":"search_term_string"}}],"inLanguage":"fr-CA"},{"@type":"Organization","@id":"https:\/\/www.blindtrapper.com\/#organization","name":"Blind Trapper Holistic Foods","url":"https:\/\/www.blindtrapper.com\/","logo":{"@type":"ImageObject","inLanguage":"fr-CA","@id":"https:\/\/www.blindtrapper.com\/#\/schema\/logo\/image\/","url":"https:\/\/www.blindtrapper.com\/wp-content\/uploads\/2023\/05\/nature-svgrepo-com.png","contentUrl":"https:\/\/www.blindtrapper.com\/wp-content\/uploads\/2023\/05\/nature-svgrepo-com.png","width":256,"height":256,"caption":"Blind Trapper Holistic Foods"},"image":{"@id":"https:\/\/www.blindtrapper.com\/#\/schema\/logo\/image\/"},"sameAs":["https:\/\/www.facebook.com\/BlindTrapper\/","https:\/\/instagram.com\/blindtrapperholisticfoods"]}]}},"_links":{"self":[{"href":"https:\/\/www.blindtrapper.com\/fr\/wp-json\/wp\/v2\/product\/1542","targetHints":{"allow":["GET"]}}],"collection":[{"href":"https:\/\/www.blindtrapper.com\/fr\/wp-json\/wp\/v2\/product"}],"about":[{"href":"https:\/\/www.blindtrapper.com\/fr\/wp-json\/wp\/v2\/types\/product"}],"wp:featuredmedia":[{"embeddable":true,"href":"https:\/\/www.blindtrapper.com\/fr\/wp-json\/wp\/v2\/media\/1543"}],"wp:attachment":[{"href":"https:\/\/www.blindtrapper.com\/fr\/wp-json\/wp\/v2\/media?parent=1542"}],"wp:term":[{"taxonomy":"product_brand","embeddable":true,"href":"https:\/\/www.blindtrapper.com\/fr\/wp-json\/wp\/v2\/product_brand?post=1542"},{"taxonomy":"product_cat","embeddable":true,"href":"https:\/\/www.blindtrapper.com\/fr\/wp-json\/wp\/v2\/product_cat?post=1542"},{"taxonomy":"product_tag","embeddable":true,"href":"https:\/\/www.blindtrapper.com\/fr\/wp-json\/wp\/v2\/product_tag?post=1542"}],"curies":[{"name":"wp","href":"https:\/\/api.w.org\/{rel}","templated":true}]}}