{"id":1439,"date":"2024-07-15T10:55:12","date_gmt":"2024-07-15T16:55:12","guid":{"rendered":"https:\/\/www.blindtrapper.com\/?post_type=product&#038;p=1439"},"modified":"2025-03-25T11:41:21","modified_gmt":"2025-03-25T17:41:21","slug":"wake-up-willy","status":"publish","type":"product","link":"https:\/\/www.blindtrapper.com\/fr\/produit\/wake-up-willy\/","title":{"rendered":"R\u00e9veille-toi Willy"},"content":{"rendered":"<p>Wake Up Willy \u2013 Un savoureux m\u00e9lange de bois d\u2019\u00e9pic\u00e9a, de ginseng s\u00e9ch\u00e9, de cynorhodon, de feuille de bouleau, de raisin d\u2019ours, de racine de salsepareille et de menthe sauvage.<\/p>\n<div class=\"outdent-content\">\n<p><img loading=\"lazy\" decoding=\"async\" class=\"alignnone wp-image-1429 size-medium\" src=\"https:\/\/www.blindtrapper.com\/wp-content\/uploads\/2024\/07\/Wake-Up-Willy-Tea-1-744x657.jpeg\" alt=\"\" width=\"744\" height=\"657\" srcset=\"https:\/\/www.blindtrapper.com\/wp-content\/uploads\/2024\/07\/Wake-Up-Willy-Tea-1-744x657.jpeg 744w, https:\/\/www.blindtrapper.com\/wp-content\/uploads\/2024\/07\/Wake-Up-Willy-Tea-1-600x530.jpeg 600w, https:\/\/www.blindtrapper.com\/wp-content\/uploads\/2024\/07\/Wake-Up-Willy-Tea-1.jpeg 822w\" sizes=\"auto, (max-width: 744px) 100vw, 744px\" \/><\/p>\n<div class=\"text-columns-2\">\n<p>\u00a0 Sans caf\u00e9ine. Cueilli de mani\u00e8re durable et sauvage par les habitants du delta du Cumberland sur leur territoire traditionnel.<\/p>\n<\/div>\n<\/div>","protected":false},"excerpt":{"rendered":"<div class=\"entry-summary\">\n<div class=\"entry-summary\">\nWake Up Willy \u2013 Un savoureux m\u00e9lange de bois d&#039;\u00e9pic\u00e9a, de ginseng s\u00e9ch\u00e9, de cynorhodon, de feuilles de bouleau, de raisin d&#039;ours, de racine de salsepareille et de menthe sauvage. Sans caf\u00e9ine. Cueilli de mani\u00e8re durable par les habitants du delta du Cumberland sur leur territoire traditionnel.\n<\/div>\n<\/div>","protected":false},"featured_media":1538,"template":"","meta":{"_acf_changed":false},"product_brand":[],"product_cat":[80],"product_tag":[],"class_list":{"0":"post-1439","1":"product","2":"type-product","3":"status-publish","4":"has-post-thumbnail","6":"product_cat-tea-bags","8":"first","9":"instock","10":"shipping-taxable","11":"purchasable","12":"product-type-variable","13":"has-default-attributes","14":"entry"},"acf":[],"yoast_head":"<!-- This site is optimized with the Yoast SEO plugin v27.4 - https:\/\/yoast.com\/product\/yoast-seo-wordpress\/ -->\n<title>Wake Up Willy - Blind Trapper Holistic Foods<\/title>\n<meta name=\"description\" content=\"Try our new wake up willy out tea that comes in a 30g, 15 bag package. Purchase it online on our website and have it shipped to your mailbox.\" \/>\n<meta name=\"robots\" content=\"index, follow, max-snippet:-1, max-image-preview:large, max-video-preview:-1\" \/>\n<link rel=\"canonical\" href=\"https:\/\/www.blindtrapper.com\/fr\/produit\/wake-up-willy\/\" \/>\n<meta property=\"og:locale\" content=\"fr_CA\" \/>\n<meta property=\"og:type\" content=\"article\" \/>\n<meta property=\"og:title\" content=\"Wake Up Willy - Blind Trapper Holistic Foods\" \/>\n<meta property=\"og:description\" content=\"Try our new wake up willy out tea that comes in a 30g, 15 bag package. Purchase it online on our website and have it shipped to your mailbox.\" \/>\n<meta property=\"og:url\" content=\"https:\/\/www.blindtrapper.com\/fr\/produit\/wake-up-willy\/\" \/>\n<meta property=\"og:site_name\" content=\"Blind Trapper Holistic Foods\" \/>\n<meta property=\"article:publisher\" content=\"https:\/\/www.facebook.com\/BlindTrapper\/\" \/>\n<meta property=\"article:modified_time\" content=\"2025-03-25T17:41:21+00:00\" \/>\n<meta property=\"og:image\" content=\"https:\/\/www.blindtrapper.com\/wp-content\/uploads\/2024\/07\/WakeUpWilly-1.jpg\" \/>\n\t<meta property=\"og:image:width\" content=\"1260\" \/>\n\t<meta property=\"og:image:height\" content=\"1260\" \/>\n\t<meta property=\"og:image:type\" content=\"image\/jpeg\" \/>\n<meta name=\"twitter:card\" content=\"summary_large_image\" \/>\n<meta name=\"twitter:label1\" content=\"Estimation du temps de lecture\" \/>\n\t<meta name=\"twitter:data1\" content=\"1 minute\" \/>\n<script type=\"application\/ld+json\" class=\"yoast-schema-graph\">{\"@context\":\"https:\\\/\\\/schema.org\",\"@graph\":[{\"@type\":\"WebPage\",\"@id\":\"https:\\\/\\\/www.blindtrapper.com\\\/product\\\/wake-up-willy\\\/\",\"url\":\"https:\\\/\\\/www.blindtrapper.com\\\/product\\\/wake-up-willy\\\/\",\"name\":\"Wake Up Willy - Blind Trapper Holistic Foods\",\"isPartOf\":{\"@id\":\"https:\\\/\\\/www.blindtrapper.com\\\/#website\"},\"primaryImageOfPage\":{\"@id\":\"https:\\\/\\\/www.blindtrapper.com\\\/product\\\/wake-up-willy\\\/#primaryimage\"},\"image\":{\"@id\":\"https:\\\/\\\/www.blindtrapper.com\\\/product\\\/wake-up-willy\\\/#primaryimage\"},\"thumbnailUrl\":\"https:\\\/\\\/www.blindtrapper.com\\\/wp-content\\\/uploads\\\/2024\\\/07\\\/WakeUpWilly-1.jpg\",\"datePublished\":\"2024-07-15T16:55:12+00:00\",\"dateModified\":\"2025-03-25T17:41:21+00:00\",\"description\":\"Try our new wake up willy out tea that comes in a 30g, 15 bag package. Purchase it online on our website and have it shipped to your mailbox.\",\"breadcrumb\":{\"@id\":\"https:\\\/\\\/www.blindtrapper.com\\\/product\\\/wake-up-willy\\\/#breadcrumb\"},\"inLanguage\":\"fr-CA\",\"potentialAction\":[{\"@type\":\"ReadAction\",\"target\":[\"https:\\\/\\\/www.blindtrapper.com\\\/product\\\/wake-up-willy\\\/\"]}]},{\"@type\":\"ImageObject\",\"inLanguage\":\"fr-CA\",\"@id\":\"https:\\\/\\\/www.blindtrapper.com\\\/product\\\/wake-up-willy\\\/#primaryimage\",\"url\":\"https:\\\/\\\/www.blindtrapper.com\\\/wp-content\\\/uploads\\\/2024\\\/07\\\/WakeUpWilly-1.jpg\",\"contentUrl\":\"https:\\\/\\\/www.blindtrapper.com\\\/wp-content\\\/uploads\\\/2024\\\/07\\\/WakeUpWilly-1.jpg\",\"width\":1260,\"height\":1260},{\"@type\":\"BreadcrumbList\",\"@id\":\"https:\\\/\\\/www.blindtrapper.com\\\/product\\\/wake-up-willy\\\/#breadcrumb\",\"itemListElement\":[{\"@type\":\"ListItem\",\"position\":1,\"name\":\"Home\",\"item\":\"https:\\\/\\\/www.blindtrapper.com\\\/\"},{\"@type\":\"ListItem\",\"position\":2,\"name\":\"Online Shop\",\"item\":\"https:\\\/\\\/www.blindtrapper.com\\\/holistic-food-shop-online-canada\\\/\"},{\"@type\":\"ListItem\",\"position\":3,\"name\":\"Wake Up Willy\"}]},{\"@type\":\"WebSite\",\"@id\":\"https:\\\/\\\/www.blindtrapper.com\\\/#website\",\"url\":\"https:\\\/\\\/www.blindtrapper.com\\\/\",\"name\":\"Blind Trapper Holistic Foods\",\"description\":\"Canadian Holistic Food Supplier\",\"publisher\":{\"@id\":\"https:\\\/\\\/www.blindtrapper.com\\\/#organization\"},\"potentialAction\":[{\"@type\":\"SearchAction\",\"target\":{\"@type\":\"EntryPoint\",\"urlTemplate\":\"https:\\\/\\\/www.blindtrapper.com\\\/?s={search_term_string}\"},\"query-input\":{\"@type\":\"PropertyValueSpecification\",\"valueRequired\":true,\"valueName\":\"search_term_string\"}}],\"inLanguage\":\"fr-CA\"},{\"@type\":\"Organization\",\"@id\":\"https:\\\/\\\/www.blindtrapper.com\\\/#organization\",\"name\":\"Blind Trapper Holistic Foods\",\"url\":\"https:\\\/\\\/www.blindtrapper.com\\\/\",\"logo\":{\"@type\":\"ImageObject\",\"inLanguage\":\"fr-CA\",\"@id\":\"https:\\\/\\\/www.blindtrapper.com\\\/#\\\/schema\\\/logo\\\/image\\\/\",\"url\":\"https:\\\/\\\/www.blindtrapper.com\\\/wp-content\\\/uploads\\\/2023\\\/05\\\/nature-svgrepo-com.png\",\"contentUrl\":\"https:\\\/\\\/www.blindtrapper.com\\\/wp-content\\\/uploads\\\/2023\\\/05\\\/nature-svgrepo-com.png\",\"width\":256,\"height\":256,\"caption\":\"Blind Trapper Holistic Foods\"},\"image\":{\"@id\":\"https:\\\/\\\/www.blindtrapper.com\\\/#\\\/schema\\\/logo\\\/image\\\/\"},\"sameAs\":[\"https:\\\/\\\/www.facebook.com\\\/BlindTrapper\\\/\",\"https:\\\/\\\/instagram.com\\\/blindtrapperholisticfoods\"]}]}<\/script>\n<!-- \/ Yoast SEO plugin. -->","yoast_head_json":{"title":"Wake Up Willy - Blind Trapper Holistic Foods","description":"Try our new wake up willy out tea that comes in a 30g, 15 bag package. Purchase it online on our website and have it shipped to your mailbox.","robots":{"index":"index","follow":"follow","max-snippet":"max-snippet:-1","max-image-preview":"max-image-preview:large","max-video-preview":"max-video-preview:-1"},"canonical":"https:\/\/www.blindtrapper.com\/fr\/produit\/wake-up-willy\/","og_locale":"fr_CA","og_type":"article","og_title":"Wake Up Willy - Blind Trapper Holistic Foods","og_description":"Try our new wake up willy out tea that comes in a 30g, 15 bag package. Purchase it online on our website and have it shipped to your mailbox.","og_url":"https:\/\/www.blindtrapper.com\/fr\/produit\/wake-up-willy\/","og_site_name":"Blind Trapper Holistic Foods","article_publisher":"https:\/\/www.facebook.com\/BlindTrapper\/","article_modified_time":"2025-03-25T17:41:21+00:00","og_image":[{"width":1260,"height":1260,"url":"https:\/\/www.blindtrapper.com\/wp-content\/uploads\/2024\/07\/WakeUpWilly-1.jpg","type":"image\/jpeg"}],"twitter_card":"summary_large_image","twitter_misc":{"Estimation du temps de lecture":"1 minute"},"schema":{"@context":"https:\/\/schema.org","@graph":[{"@type":"WebPage","@id":"https:\/\/www.blindtrapper.com\/product\/wake-up-willy\/","url":"https:\/\/www.blindtrapper.com\/product\/wake-up-willy\/","name":"Wake Up Willy - Blind Trapper Holistic Foods","isPartOf":{"@id":"https:\/\/www.blindtrapper.com\/#website"},"primaryImageOfPage":{"@id":"https:\/\/www.blindtrapper.com\/product\/wake-up-willy\/#primaryimage"},"image":{"@id":"https:\/\/www.blindtrapper.com\/product\/wake-up-willy\/#primaryimage"},"thumbnailUrl":"https:\/\/www.blindtrapper.com\/wp-content\/uploads\/2024\/07\/WakeUpWilly-1.jpg","datePublished":"2024-07-15T16:55:12+00:00","dateModified":"2025-03-25T17:41:21+00:00","description":"Try our new wake up willy out tea that comes in a 30g, 15 bag package. Purchase it online on our website and have it shipped to your mailbox.","breadcrumb":{"@id":"https:\/\/www.blindtrapper.com\/product\/wake-up-willy\/#breadcrumb"},"inLanguage":"fr-CA","potentialAction":[{"@type":"ReadAction","target":["https:\/\/www.blindtrapper.com\/product\/wake-up-willy\/"]}]},{"@type":"ImageObject","inLanguage":"fr-CA","@id":"https:\/\/www.blindtrapper.com\/product\/wake-up-willy\/#primaryimage","url":"https:\/\/www.blindtrapper.com\/wp-content\/uploads\/2024\/07\/WakeUpWilly-1.jpg","contentUrl":"https:\/\/www.blindtrapper.com\/wp-content\/uploads\/2024\/07\/WakeUpWilly-1.jpg","width":1260,"height":1260},{"@type":"BreadcrumbList","@id":"https:\/\/www.blindtrapper.com\/product\/wake-up-willy\/#breadcrumb","itemListElement":[{"@type":"ListItem","position":1,"name":"Home","item":"https:\/\/www.blindtrapper.com\/"},{"@type":"ListItem","position":2,"name":"Online Shop","item":"https:\/\/www.blindtrapper.com\/holistic-food-shop-online-canada\/"},{"@type":"ListItem","position":3,"name":"Wake Up Willy"}]},{"@type":"WebSite","@id":"https:\/\/www.blindtrapper.com\/#website","url":"https:\/\/www.blindtrapper.com\/","name":"Blind Trapper Holistic Foods","description":"Fournisseur canadien d&#039;aliments holistiques","publisher":{"@id":"https:\/\/www.blindtrapper.com\/#organization"},"potentialAction":[{"@type":"SearchAction","target":{"@type":"EntryPoint","urlTemplate":"https:\/\/www.blindtrapper.com\/?s={search_term_string}"},"query-input":{"@type":"PropertyValueSpecification","valueRequired":true,"valueName":"search_term_string"}}],"inLanguage":"fr-CA"},{"@type":"Organization","@id":"https:\/\/www.blindtrapper.com\/#organization","name":"Blind Trapper Holistic Foods","url":"https:\/\/www.blindtrapper.com\/","logo":{"@type":"ImageObject","inLanguage":"fr-CA","@id":"https:\/\/www.blindtrapper.com\/#\/schema\/logo\/image\/","url":"https:\/\/www.blindtrapper.com\/wp-content\/uploads\/2023\/05\/nature-svgrepo-com.png","contentUrl":"https:\/\/www.blindtrapper.com\/wp-content\/uploads\/2023\/05\/nature-svgrepo-com.png","width":256,"height":256,"caption":"Blind Trapper Holistic Foods"},"image":{"@id":"https:\/\/www.blindtrapper.com\/#\/schema\/logo\/image\/"},"sameAs":["https:\/\/www.facebook.com\/BlindTrapper\/","https:\/\/instagram.com\/blindtrapperholisticfoods"]}]}},"_links":{"self":[{"href":"https:\/\/www.blindtrapper.com\/fr\/wp-json\/wp\/v2\/product\/1439","targetHints":{"allow":["GET"]}}],"collection":[{"href":"https:\/\/www.blindtrapper.com\/fr\/wp-json\/wp\/v2\/product"}],"about":[{"href":"https:\/\/www.blindtrapper.com\/fr\/wp-json\/wp\/v2\/types\/product"}],"wp:featuredmedia":[{"embeddable":true,"href":"https:\/\/www.blindtrapper.com\/fr\/wp-json\/wp\/v2\/media\/1538"}],"wp:attachment":[{"href":"https:\/\/www.blindtrapper.com\/fr\/wp-json\/wp\/v2\/media?parent=1439"}],"wp:term":[{"taxonomy":"product_brand","embeddable":true,"href":"https:\/\/www.blindtrapper.com\/fr\/wp-json\/wp\/v2\/product_brand?post=1439"},{"taxonomy":"product_cat","embeddable":true,"href":"https:\/\/www.blindtrapper.com\/fr\/wp-json\/wp\/v2\/product_cat?post=1439"},{"taxonomy":"product_tag","embeddable":true,"href":"https:\/\/www.blindtrapper.com\/fr\/wp-json\/wp\/v2\/product_tag?post=1439"}],"curies":[{"name":"wp","href":"https:\/\/api.w.org\/{rel}","templated":true}]}}