{"id":1421,"date":"2024-07-04T11:02:58","date_gmt":"2024-07-04T17:02:58","guid":{"rendered":"https:\/\/www.blindtrapper.com\/?post_type=product&#038;p=1421"},"modified":"2025-02-08T15:54:55","modified_gmt":"2025-02-08T21:54:55","slug":"berry-blend","status":"publish","type":"product","link":"https:\/\/www.blindtrapper.com\/fr\/produit\/berry-blend\/","title":{"rendered":"M\u00e9lange de baies"},"content":{"rendered":"<p class=\"h3 dropcap-text\">Un m\u00e9lange rafra\u00eechissant des meilleurs fruits et th\u00e9s du Delta. Contient des feuilles de bouleau, de la myrtille, de la canneberge, de l&#039;am\u00e9lanchier, de la menthe et de la citronnelle.<\/p>\n<div class=\"outdent-content\">\n<p><img loading=\"lazy\" decoding=\"async\" class=\"alignnone wp-image-1423 size-medium\" src=\"https:\/\/www.blindtrapper.com\/wp-content\/uploads\/2024\/07\/BLIND-TRAPPER-BERRY-BLEND-744x744.png\" alt=\"\" width=\"744\" height=\"744\" srcset=\"https:\/\/www.blindtrapper.com\/wp-content\/uploads\/2024\/07\/BLIND-TRAPPER-BERRY-BLEND-744x744.png 744w, https:\/\/www.blindtrapper.com\/wp-content\/uploads\/2024\/07\/BLIND-TRAPPER-BERRY-BLEND-448x448.png 448w, https:\/\/www.blindtrapper.com\/wp-content\/uploads\/2024\/07\/BLIND-TRAPPER-BERRY-BLEND-300x300.png 300w, https:\/\/www.blindtrapper.com\/wp-content\/uploads\/2024\/07\/BLIND-TRAPPER-BERRY-BLEND-600x600.png 600w, https:\/\/www.blindtrapper.com\/wp-content\/uploads\/2024\/07\/BLIND-TRAPPER-BERRY-BLEND-100x100.png 100w, https:\/\/www.blindtrapper.com\/wp-content\/uploads\/2024\/07\/BLIND-TRAPPER-BERRY-BLEND.png 800w\" sizes=\"auto, (max-width: 744px) 100vw, 744px\" \/><\/p>\n<div class=\"text-columns-2\">\n<p>Un th\u00e9 noir aux saveurs fruit\u00e9es, rehauss\u00e9 d&#039;une pointe de citron. Riche en vitamines, min\u00e9raux et antioxydants, il est un excellent compl\u00e9ment \u00e0 votre alimentation quotidienne. Sans caf\u00e9ine. Cueilli de mani\u00e8re durable et sauvage par les habitants du delta du Cumberland sur leur territoire traditionnel.<\/p>\n<\/div>\n<\/div>","protected":false},"excerpt":{"rendered":"<div class=\"entry-summary\">\n<div class=\"entry-summary\">\nUn m\u00e9lange rafra\u00eechissant des meilleurs fruits et th\u00e9s du Delta. Contient des feuilles de bouleau, de la myrtille, de la canneberge, de l&#039;am\u00e9lanchier, de la menthe et de la citronnelle. Un th\u00e9 noir aux saveurs fruit\u00e9es, rehauss\u00e9es d&#039;une touche de citron. Riche en vitamines, min\u00e9raux et antioxydants, il est un excellent compl\u00e9ment \u00e0 votre alimentation quotidienne. Sans caf\u00e9ine. Cueilli de mani\u00e8re durable par les habitants du Delta du Cumberland sur leur territoire traditionnel.\n<\/div>\n<\/div>","protected":false},"featured_media":1516,"template":"","meta":{"_acf_changed":false},"product_brand":[],"product_cat":[80],"product_tag":[],"class_list":{"0":"post-1421","1":"product","2":"type-product","3":"status-publish","4":"has-post-thumbnail","6":"product_cat-tea-bags","8":"first","9":"instock","10":"shipping-taxable","11":"purchasable","12":"product-type-variable","13":"has-default-attributes","14":"entry"},"acf":[],"yoast_head":"<!-- This site is optimized with the Yoast SEO plugin v27.4 - https:\/\/yoast.com\/product\/yoast-seo-wordpress\/ -->\n<title>Berry Blend - Blind Trapper Holistic Foods<\/title>\n<meta name=\"description\" content=\"Try our new berry blend tea that comes in a 30g, 15 bag package. Purchase it online on our website and have it shipped to your mailbox.\" \/>\n<meta name=\"robots\" content=\"index, follow, max-snippet:-1, max-image-preview:large, max-video-preview:-1\" \/>\n<link rel=\"canonical\" href=\"https:\/\/www.blindtrapper.com\/fr\/produit\/berry-blend\/\" \/>\n<meta property=\"og:locale\" content=\"fr_CA\" \/>\n<meta property=\"og:type\" content=\"article\" \/>\n<meta property=\"og:title\" content=\"Berry Blend - Blind Trapper Holistic Foods\" \/>\n<meta property=\"og:description\" content=\"Try our new berry blend tea that comes in a 30g, 15 bag package. Purchase it online on our website and have it shipped to your mailbox.\" \/>\n<meta property=\"og:url\" content=\"https:\/\/www.blindtrapper.com\/fr\/produit\/berry-blend\/\" \/>\n<meta property=\"og:site_name\" content=\"Blind Trapper Holistic Foods\" \/>\n<meta property=\"article:publisher\" content=\"https:\/\/www.facebook.com\/BlindTrapper\/\" \/>\n<meta property=\"article:modified_time\" content=\"2025-02-08T21:54:55+00:00\" \/>\n<meta property=\"og:image\" content=\"https:\/\/www.blindtrapper.com\/wp-content\/uploads\/2024\/07\/BerryBlend.jpg\" \/>\n\t<meta property=\"og:image:width\" content=\"1260\" \/>\n\t<meta property=\"og:image:height\" content=\"1260\" \/>\n\t<meta property=\"og:image:type\" content=\"image\/jpeg\" \/>\n<meta name=\"twitter:card\" content=\"summary_large_image\" \/>\n<meta name=\"twitter:label1\" content=\"Estimation du temps de lecture\" \/>\n\t<meta name=\"twitter:data1\" content=\"1 minute\" \/>\n<script type=\"application\/ld+json\" class=\"yoast-schema-graph\">{\"@context\":\"https:\\\/\\\/schema.org\",\"@graph\":[{\"@type\":\"WebPage\",\"@id\":\"https:\\\/\\\/www.blindtrapper.com\\\/product\\\/berry-blend\\\/\",\"url\":\"https:\\\/\\\/www.blindtrapper.com\\\/product\\\/berry-blend\\\/\",\"name\":\"Berry Blend - Blind Trapper Holistic Foods\",\"isPartOf\":{\"@id\":\"https:\\\/\\\/www.blindtrapper.com\\\/#website\"},\"primaryImageOfPage\":{\"@id\":\"https:\\\/\\\/www.blindtrapper.com\\\/product\\\/berry-blend\\\/#primaryimage\"},\"image\":{\"@id\":\"https:\\\/\\\/www.blindtrapper.com\\\/product\\\/berry-blend\\\/#primaryimage\"},\"thumbnailUrl\":\"https:\\\/\\\/www.blindtrapper.com\\\/wp-content\\\/uploads\\\/2024\\\/07\\\/BerryBlend.jpg\",\"datePublished\":\"2024-07-04T17:02:58+00:00\",\"dateModified\":\"2025-02-08T21:54:55+00:00\",\"description\":\"Try our new berry blend tea that comes in a 30g, 15 bag package. Purchase it online on our website and have it shipped to your mailbox.\",\"breadcrumb\":{\"@id\":\"https:\\\/\\\/www.blindtrapper.com\\\/product\\\/berry-blend\\\/#breadcrumb\"},\"inLanguage\":\"fr-CA\",\"potentialAction\":[{\"@type\":\"ReadAction\",\"target\":[\"https:\\\/\\\/www.blindtrapper.com\\\/product\\\/berry-blend\\\/\"]}]},{\"@type\":\"ImageObject\",\"inLanguage\":\"fr-CA\",\"@id\":\"https:\\\/\\\/www.blindtrapper.com\\\/product\\\/berry-blend\\\/#primaryimage\",\"url\":\"https:\\\/\\\/www.blindtrapper.com\\\/wp-content\\\/uploads\\\/2024\\\/07\\\/BerryBlend.jpg\",\"contentUrl\":\"https:\\\/\\\/www.blindtrapper.com\\\/wp-content\\\/uploads\\\/2024\\\/07\\\/BerryBlend.jpg\",\"width\":1260,\"height\":1260},{\"@type\":\"BreadcrumbList\",\"@id\":\"https:\\\/\\\/www.blindtrapper.com\\\/product\\\/berry-blend\\\/#breadcrumb\",\"itemListElement\":[{\"@type\":\"ListItem\",\"position\":1,\"name\":\"Home\",\"item\":\"https:\\\/\\\/www.blindtrapper.com\\\/\"},{\"@type\":\"ListItem\",\"position\":2,\"name\":\"Online Shop\",\"item\":\"https:\\\/\\\/www.blindtrapper.com\\\/holistic-food-shop-online-canada\\\/\"},{\"@type\":\"ListItem\",\"position\":3,\"name\":\"Berry Blend\"}]},{\"@type\":\"WebSite\",\"@id\":\"https:\\\/\\\/www.blindtrapper.com\\\/#website\",\"url\":\"https:\\\/\\\/www.blindtrapper.com\\\/\",\"name\":\"Blind Trapper Holistic Foods\",\"description\":\"Canadian Holistic Food Supplier\",\"publisher\":{\"@id\":\"https:\\\/\\\/www.blindtrapper.com\\\/#organization\"},\"potentialAction\":[{\"@type\":\"SearchAction\",\"target\":{\"@type\":\"EntryPoint\",\"urlTemplate\":\"https:\\\/\\\/www.blindtrapper.com\\\/?s={search_term_string}\"},\"query-input\":{\"@type\":\"PropertyValueSpecification\",\"valueRequired\":true,\"valueName\":\"search_term_string\"}}],\"inLanguage\":\"fr-CA\"},{\"@type\":\"Organization\",\"@id\":\"https:\\\/\\\/www.blindtrapper.com\\\/#organization\",\"name\":\"Blind Trapper Holistic Foods\",\"url\":\"https:\\\/\\\/www.blindtrapper.com\\\/\",\"logo\":{\"@type\":\"ImageObject\",\"inLanguage\":\"fr-CA\",\"@id\":\"https:\\\/\\\/www.blindtrapper.com\\\/#\\\/schema\\\/logo\\\/image\\\/\",\"url\":\"https:\\\/\\\/www.blindtrapper.com\\\/wp-content\\\/uploads\\\/2023\\\/05\\\/nature-svgrepo-com.png\",\"contentUrl\":\"https:\\\/\\\/www.blindtrapper.com\\\/wp-content\\\/uploads\\\/2023\\\/05\\\/nature-svgrepo-com.png\",\"width\":256,\"height\":256,\"caption\":\"Blind Trapper Holistic Foods\"},\"image\":{\"@id\":\"https:\\\/\\\/www.blindtrapper.com\\\/#\\\/schema\\\/logo\\\/image\\\/\"},\"sameAs\":[\"https:\\\/\\\/www.facebook.com\\\/BlindTrapper\\\/\",\"https:\\\/\\\/instagram.com\\\/blindtrapperholisticfoods\"]}]}<\/script>\n<!-- \/ Yoast SEO plugin. -->","yoast_head_json":{"title":"Berry Blend - Blind Trapper Holistic Foods","description":"Try our new berry blend tea that comes in a 30g, 15 bag package. Purchase it online on our website and have it shipped to your mailbox.","robots":{"index":"index","follow":"follow","max-snippet":"max-snippet:-1","max-image-preview":"max-image-preview:large","max-video-preview":"max-video-preview:-1"},"canonical":"https:\/\/www.blindtrapper.com\/fr\/produit\/berry-blend\/","og_locale":"fr_CA","og_type":"article","og_title":"Berry Blend - Blind Trapper Holistic Foods","og_description":"Try our new berry blend tea that comes in a 30g, 15 bag package. Purchase it online on our website and have it shipped to your mailbox.","og_url":"https:\/\/www.blindtrapper.com\/fr\/produit\/berry-blend\/","og_site_name":"Blind Trapper Holistic Foods","article_publisher":"https:\/\/www.facebook.com\/BlindTrapper\/","article_modified_time":"2025-02-08T21:54:55+00:00","og_image":[{"width":1260,"height":1260,"url":"https:\/\/www.blindtrapper.com\/wp-content\/uploads\/2024\/07\/BerryBlend.jpg","type":"image\/jpeg"}],"twitter_card":"summary_large_image","twitter_misc":{"Estimation du temps de lecture":"1 minute"},"schema":{"@context":"https:\/\/schema.org","@graph":[{"@type":"WebPage","@id":"https:\/\/www.blindtrapper.com\/product\/berry-blend\/","url":"https:\/\/www.blindtrapper.com\/product\/berry-blend\/","name":"Berry Blend - Blind Trapper Holistic Foods","isPartOf":{"@id":"https:\/\/www.blindtrapper.com\/#website"},"primaryImageOfPage":{"@id":"https:\/\/www.blindtrapper.com\/product\/berry-blend\/#primaryimage"},"image":{"@id":"https:\/\/www.blindtrapper.com\/product\/berry-blend\/#primaryimage"},"thumbnailUrl":"https:\/\/www.blindtrapper.com\/wp-content\/uploads\/2024\/07\/BerryBlend.jpg","datePublished":"2024-07-04T17:02:58+00:00","dateModified":"2025-02-08T21:54:55+00:00","description":"Try our new berry blend tea that comes in a 30g, 15 bag package. Purchase it online on our website and have it shipped to your mailbox.","breadcrumb":{"@id":"https:\/\/www.blindtrapper.com\/product\/berry-blend\/#breadcrumb"},"inLanguage":"fr-CA","potentialAction":[{"@type":"ReadAction","target":["https:\/\/www.blindtrapper.com\/product\/berry-blend\/"]}]},{"@type":"ImageObject","inLanguage":"fr-CA","@id":"https:\/\/www.blindtrapper.com\/product\/berry-blend\/#primaryimage","url":"https:\/\/www.blindtrapper.com\/wp-content\/uploads\/2024\/07\/BerryBlend.jpg","contentUrl":"https:\/\/www.blindtrapper.com\/wp-content\/uploads\/2024\/07\/BerryBlend.jpg","width":1260,"height":1260},{"@type":"BreadcrumbList","@id":"https:\/\/www.blindtrapper.com\/product\/berry-blend\/#breadcrumb","itemListElement":[{"@type":"ListItem","position":1,"name":"Home","item":"https:\/\/www.blindtrapper.com\/"},{"@type":"ListItem","position":2,"name":"Online Shop","item":"https:\/\/www.blindtrapper.com\/holistic-food-shop-online-canada\/"},{"@type":"ListItem","position":3,"name":"Berry Blend"}]},{"@type":"WebSite","@id":"https:\/\/www.blindtrapper.com\/#website","url":"https:\/\/www.blindtrapper.com\/","name":"Blind Trapper Holistic Foods","description":"Fournisseur canadien d&#039;aliments holistiques","publisher":{"@id":"https:\/\/www.blindtrapper.com\/#organization"},"potentialAction":[{"@type":"SearchAction","target":{"@type":"EntryPoint","urlTemplate":"https:\/\/www.blindtrapper.com\/?s={search_term_string}"},"query-input":{"@type":"PropertyValueSpecification","valueRequired":true,"valueName":"search_term_string"}}],"inLanguage":"fr-CA"},{"@type":"Organization","@id":"https:\/\/www.blindtrapper.com\/#organization","name":"Blind Trapper Holistic Foods","url":"https:\/\/www.blindtrapper.com\/","logo":{"@type":"ImageObject","inLanguage":"fr-CA","@id":"https:\/\/www.blindtrapper.com\/#\/schema\/logo\/image\/","url":"https:\/\/www.blindtrapper.com\/wp-content\/uploads\/2023\/05\/nature-svgrepo-com.png","contentUrl":"https:\/\/www.blindtrapper.com\/wp-content\/uploads\/2023\/05\/nature-svgrepo-com.png","width":256,"height":256,"caption":"Blind Trapper Holistic Foods"},"image":{"@id":"https:\/\/www.blindtrapper.com\/#\/schema\/logo\/image\/"},"sameAs":["https:\/\/www.facebook.com\/BlindTrapper\/","https:\/\/instagram.com\/blindtrapperholisticfoods"]}]}},"_links":{"self":[{"href":"https:\/\/www.blindtrapper.com\/fr\/wp-json\/wp\/v2\/product\/1421","targetHints":{"allow":["GET"]}}],"collection":[{"href":"https:\/\/www.blindtrapper.com\/fr\/wp-json\/wp\/v2\/product"}],"about":[{"href":"https:\/\/www.blindtrapper.com\/fr\/wp-json\/wp\/v2\/types\/product"}],"wp:featuredmedia":[{"embeddable":true,"href":"https:\/\/www.blindtrapper.com\/fr\/wp-json\/wp\/v2\/media\/1516"}],"wp:attachment":[{"href":"https:\/\/www.blindtrapper.com\/fr\/wp-json\/wp\/v2\/media?parent=1421"}],"wp:term":[{"taxonomy":"product_brand","embeddable":true,"href":"https:\/\/www.blindtrapper.com\/fr\/wp-json\/wp\/v2\/product_brand?post=1421"},{"taxonomy":"product_cat","embeddable":true,"href":"https:\/\/www.blindtrapper.com\/fr\/wp-json\/wp\/v2\/product_cat?post=1421"},{"taxonomy":"product_tag","embeddable":true,"href":"https:\/\/www.blindtrapper.com\/fr\/wp-json\/wp\/v2\/product_tag?post=1421"}],"curies":[{"name":"wp","href":"https:\/\/api.w.org\/{rel}","templated":true}]}}