{"id":1339,"date":"2023-10-02T12:00:41","date_gmt":"2023-10-02T18:00:41","guid":{"rendered":"https:\/\/www.blindtrapper.com\/?post_type=product&#038;p=1339"},"modified":"2024-11-14T10:35:02","modified_gmt":"2024-11-14T16:35:02","slug":"white-spruce","status":"publish","type":"product","link":"https:\/\/www.blindtrapper.com\/fr\/produit\/white-spruce\/","title":{"rendered":"\u00c9pinette blanche"},"content":{"rendered":"<p class=\"h3 dropcap-text\">Le delta abrite de vastes for\u00eats d&#039;\u00e9pinettes blanches et noires. L&#039;\u00e9pinette blanche (Picea glauca) est traditionnellement utilis\u00e9e par les Premi\u00e8res Nations \u00e0 diverses fins, notamment m\u00e9dicinales et alimentaires.<\/p>\n<div class=\"outdent-content\">\n<p><img loading=\"lazy\" decoding=\"async\" class=\"wp-image-1279 size-medium aligncenter\" src=\"https:\/\/www.blindtrapper.com\/wp-content\/uploads\/2023\/10\/White-Spruce-744x495.jpg\" alt=\"Close up of young white spruce tips\" width=\"744\" height=\"495\" srcset=\"https:\/\/www.blindtrapper.com\/wp-content\/uploads\/2023\/10\/White-Spruce-744x495.jpg 744w, https:\/\/www.blindtrapper.com\/wp-content\/uploads\/2023\/10\/White-Spruce-600x399.jpg 600w, https:\/\/www.blindtrapper.com\/wp-content\/uploads\/2023\/10\/White-Spruce.jpg 1080w\" sizes=\"auto, (max-width: 744px) 100vw, 744px\" \/><\/p>\n<div class=\"text-columns-2\">\n<p>Les pousses fra\u00eeches conf\u00e8rent une saveur unique aux aliments cuisin\u00e9s. Nous proposons des pousses d&#039;\u00e9pic\u00e9a s\u00e9ch\u00e9es en poudre, enti\u00e8res, ainsi que de la gomme d&#039;\u00e9pic\u00e9a, la r\u00e9sine r\u00e9colt\u00e9e sur l&#039;arbre. Celle-ci est g\u00e9n\u00e9ralement teint\u00e9e d&#039;alcool ou d&#039;huile pour cr\u00e9er divers produits. Les pousses d&#039;\u00e9pic\u00e9a sont r\u00e9colt\u00e9es au d\u00e9but du printemps et constituent un excellent ar\u00f4me pour les th\u00e9s, les p\u00e2tisseries et m\u00eame les glaces. Elles sont riches en vitamines et min\u00e9raux b\u00e9n\u00e9fiques.<\/p>\n<\/div>\n<\/div>","protected":false},"excerpt":{"rendered":"<div class=\"entry-summary\">\n<div class=\"entry-summary\">\nDe vastes hectares de for\u00eats d&#039;\u00e9pinettes blanches et noires sont habit\u00e9s dans le delta. L&#039;\u00e9pinette blanche (Picea glauca) est traditionnellement utilis\u00e9e par les Premi\u00e8res Nations \u00e0 diverses fins, notamment m\u00e9dicinales et alimentaires. Les pointes fra\u00eeches conf\u00e8rent aux aliments une saveur unique lorsqu&#039;elles sont cuites. Nous proposons des pointes d&#039;\u00e9pinette s\u00e9ch\u00e9es en poudre, enti\u00e8res, ainsi que de la gomme d&#039;\u00e9pinette, la r\u00e9sine extraite de l&#039;arbre. Celle-ci est g\u00e9n\u00e9ralement teint\u00e9e d&#039;alcool ou d&#039;huile pour cr\u00e9er divers produits. Les pointes d&#039;\u00e9pinette sont r\u00e9colt\u00e9es au d\u00e9but du printemps et constituent un excellent ar\u00f4me pour les th\u00e9s, la p\u00e2tisserie et m\u00eame les glaces. Elles sont riches en vitamines et min\u00e9raux b\u00e9n\u00e9fiques.\n<\/div>\n<\/div>","protected":false},"featured_media":1279,"template":"","meta":{"_acf_changed":false},"product_brand":[],"product_cat":[78],"product_tag":[83],"class_list":{"0":"post-1339","1":"product","2":"type-product","3":"status-publish","4":"has-post-thumbnail","6":"product_cat-seasonings","7":"product_tag-spruce-seasoning","9":"first","10":"instock","11":"shipping-taxable","12":"purchasable","13":"product-type-variable","14":"has-default-attributes","15":"entry"},"acf":[],"yoast_head":"<!-- This site is optimized with the Yoast SEO plugin v27.4 - https:\/\/yoast.com\/product\/yoast-seo-wordpress\/ -->\n<title>White Spruce Seasoning for Sale Online - Blind Trapper Holistic Foods<\/title>\n<meta name=\"description\" content=\"Order our white spruce seasoning today and have it shipped to your home. Harvested locally in the Northern Saskatchewan Delta.\" \/>\n<meta name=\"robots\" content=\"index, follow, max-snippet:-1, max-image-preview:large, max-video-preview:-1\" \/>\n<link rel=\"canonical\" href=\"https:\/\/www.blindtrapper.com\/fr\/produit\/white-spruce\/\" \/>\n<meta property=\"og:locale\" content=\"fr_CA\" \/>\n<meta property=\"og:type\" content=\"article\" \/>\n<meta property=\"og:title\" content=\"White Spruce Seasoning for Sale Online - Blind Trapper Holistic Foods\" \/>\n<meta property=\"og:description\" content=\"Order our white spruce seasoning today and have it shipped to your home. Harvested locally in the Northern Saskatchewan Delta.\" \/>\n<meta property=\"og:url\" content=\"https:\/\/www.blindtrapper.com\/fr\/produit\/white-spruce\/\" \/>\n<meta property=\"og:site_name\" content=\"Blind Trapper Holistic Foods\" \/>\n<meta property=\"article:publisher\" content=\"https:\/\/www.facebook.com\/BlindTrapper\/\" \/>\n<meta property=\"article:modified_time\" content=\"2024-11-14T16:35:02+00:00\" \/>\n<meta property=\"og:image\" content=\"https:\/\/www.blindtrapper.com\/wp-content\/uploads\/2023\/10\/White-Spruce.jpg\" \/>\n\t<meta property=\"og:image:width\" content=\"1080\" \/>\n\t<meta property=\"og:image:height\" content=\"719\" \/>\n\t<meta property=\"og:image:type\" content=\"image\/jpeg\" \/>\n<meta name=\"twitter:card\" content=\"summary_large_image\" \/>\n<meta name=\"twitter:label1\" content=\"Estimation du temps de lecture\" \/>\n\t<meta name=\"twitter:data1\" content=\"1 minute\" \/>\n<script type=\"application\/ld+json\" class=\"yoast-schema-graph\">{\"@context\":\"https:\\\/\\\/schema.org\",\"@graph\":[{\"@type\":\"WebPage\",\"@id\":\"https:\\\/\\\/www.blindtrapper.com\\\/product\\\/white-spruce\\\/\",\"url\":\"https:\\\/\\\/www.blindtrapper.com\\\/product\\\/white-spruce\\\/\",\"name\":\"White Spruce Seasoning for Sale Online - Blind Trapper Holistic Foods\",\"isPartOf\":{\"@id\":\"https:\\\/\\\/www.blindtrapper.com\\\/#website\"},\"primaryImageOfPage\":{\"@id\":\"https:\\\/\\\/www.blindtrapper.com\\\/product\\\/white-spruce\\\/#primaryimage\"},\"image\":{\"@id\":\"https:\\\/\\\/www.blindtrapper.com\\\/product\\\/white-spruce\\\/#primaryimage\"},\"thumbnailUrl\":\"https:\\\/\\\/www.blindtrapper.com\\\/wp-content\\\/uploads\\\/2023\\\/10\\\/White-Spruce.jpg\",\"datePublished\":\"2023-10-02T18:00:41+00:00\",\"dateModified\":\"2024-11-14T16:35:02+00:00\",\"description\":\"Order our white spruce seasoning today and have it shipped to your home. Harvested locally in the Northern Saskatchewan Delta.\",\"breadcrumb\":{\"@id\":\"https:\\\/\\\/www.blindtrapper.com\\\/product\\\/white-spruce\\\/#breadcrumb\"},\"inLanguage\":\"fr-CA\",\"potentialAction\":[{\"@type\":\"ReadAction\",\"target\":[\"https:\\\/\\\/www.blindtrapper.com\\\/product\\\/white-spruce\\\/\"]}]},{\"@type\":\"ImageObject\",\"inLanguage\":\"fr-CA\",\"@id\":\"https:\\\/\\\/www.blindtrapper.com\\\/product\\\/white-spruce\\\/#primaryimage\",\"url\":\"https:\\\/\\\/www.blindtrapper.com\\\/wp-content\\\/uploads\\\/2023\\\/10\\\/White-Spruce.jpg\",\"contentUrl\":\"https:\\\/\\\/www.blindtrapper.com\\\/wp-content\\\/uploads\\\/2023\\\/10\\\/White-Spruce.jpg\",\"width\":1080,\"height\":719,\"caption\":\"Close up of young white spruce tips\"},{\"@type\":\"BreadcrumbList\",\"@id\":\"https:\\\/\\\/www.blindtrapper.com\\\/product\\\/white-spruce\\\/#breadcrumb\",\"itemListElement\":[{\"@type\":\"ListItem\",\"position\":1,\"name\":\"Home\",\"item\":\"https:\\\/\\\/www.blindtrapper.com\\\/\"},{\"@type\":\"ListItem\",\"position\":2,\"name\":\"Online Shop\",\"item\":\"https:\\\/\\\/www.blindtrapper.com\\\/holistic-food-shop-online-canada\\\/\"},{\"@type\":\"ListItem\",\"position\":3,\"name\":\"White Spruce\"}]},{\"@type\":\"WebSite\",\"@id\":\"https:\\\/\\\/www.blindtrapper.com\\\/#website\",\"url\":\"https:\\\/\\\/www.blindtrapper.com\\\/\",\"name\":\"Blind Trapper Holistic Foods\",\"description\":\"Canadian Holistic Food Supplier\",\"publisher\":{\"@id\":\"https:\\\/\\\/www.blindtrapper.com\\\/#organization\"},\"potentialAction\":[{\"@type\":\"SearchAction\",\"target\":{\"@type\":\"EntryPoint\",\"urlTemplate\":\"https:\\\/\\\/www.blindtrapper.com\\\/?s={search_term_string}\"},\"query-input\":{\"@type\":\"PropertyValueSpecification\",\"valueRequired\":true,\"valueName\":\"search_term_string\"}}],\"inLanguage\":\"fr-CA\"},{\"@type\":\"Organization\",\"@id\":\"https:\\\/\\\/www.blindtrapper.com\\\/#organization\",\"name\":\"Blind Trapper Holistic Foods\",\"url\":\"https:\\\/\\\/www.blindtrapper.com\\\/\",\"logo\":{\"@type\":\"ImageObject\",\"inLanguage\":\"fr-CA\",\"@id\":\"https:\\\/\\\/www.blindtrapper.com\\\/#\\\/schema\\\/logo\\\/image\\\/\",\"url\":\"https:\\\/\\\/www.blindtrapper.com\\\/wp-content\\\/uploads\\\/2023\\\/05\\\/nature-svgrepo-com.png\",\"contentUrl\":\"https:\\\/\\\/www.blindtrapper.com\\\/wp-content\\\/uploads\\\/2023\\\/05\\\/nature-svgrepo-com.png\",\"width\":256,\"height\":256,\"caption\":\"Blind Trapper Holistic Foods\"},\"image\":{\"@id\":\"https:\\\/\\\/www.blindtrapper.com\\\/#\\\/schema\\\/logo\\\/image\\\/\"},\"sameAs\":[\"https:\\\/\\\/www.facebook.com\\\/BlindTrapper\\\/\",\"https:\\\/\\\/instagram.com\\\/blindtrapperholisticfoods\"]}]}<\/script>\n<!-- \/ Yoast SEO plugin. -->","yoast_head_json":{"title":"White Spruce Seasoning for Sale Online - Blind Trapper Holistic Foods","description":"Order our white spruce seasoning today and have it shipped to your home. Harvested locally in the Northern Saskatchewan Delta.","robots":{"index":"index","follow":"follow","max-snippet":"max-snippet:-1","max-image-preview":"max-image-preview:large","max-video-preview":"max-video-preview:-1"},"canonical":"https:\/\/www.blindtrapper.com\/fr\/produit\/white-spruce\/","og_locale":"fr_CA","og_type":"article","og_title":"White Spruce Seasoning for Sale Online - Blind Trapper Holistic Foods","og_description":"Order our white spruce seasoning today and have it shipped to your home. Harvested locally in the Northern Saskatchewan Delta.","og_url":"https:\/\/www.blindtrapper.com\/fr\/produit\/white-spruce\/","og_site_name":"Blind Trapper Holistic Foods","article_publisher":"https:\/\/www.facebook.com\/BlindTrapper\/","article_modified_time":"2024-11-14T16:35:02+00:00","og_image":[{"width":1080,"height":719,"url":"https:\/\/www.blindtrapper.com\/wp-content\/uploads\/2023\/10\/White-Spruce.jpg","type":"image\/jpeg"}],"twitter_card":"summary_large_image","twitter_misc":{"Estimation du temps de lecture":"1 minute"},"schema":{"@context":"https:\/\/schema.org","@graph":[{"@type":"WebPage","@id":"https:\/\/www.blindtrapper.com\/product\/white-spruce\/","url":"https:\/\/www.blindtrapper.com\/product\/white-spruce\/","name":"White Spruce Seasoning for Sale Online - Blind Trapper Holistic Foods","isPartOf":{"@id":"https:\/\/www.blindtrapper.com\/#website"},"primaryImageOfPage":{"@id":"https:\/\/www.blindtrapper.com\/product\/white-spruce\/#primaryimage"},"image":{"@id":"https:\/\/www.blindtrapper.com\/product\/white-spruce\/#primaryimage"},"thumbnailUrl":"https:\/\/www.blindtrapper.com\/wp-content\/uploads\/2023\/10\/White-Spruce.jpg","datePublished":"2023-10-02T18:00:41+00:00","dateModified":"2024-11-14T16:35:02+00:00","description":"Order our white spruce seasoning today and have it shipped to your home. Harvested locally in the Northern Saskatchewan Delta.","breadcrumb":{"@id":"https:\/\/www.blindtrapper.com\/product\/white-spruce\/#breadcrumb"},"inLanguage":"fr-CA","potentialAction":[{"@type":"ReadAction","target":["https:\/\/www.blindtrapper.com\/product\/white-spruce\/"]}]},{"@type":"ImageObject","inLanguage":"fr-CA","@id":"https:\/\/www.blindtrapper.com\/product\/white-spruce\/#primaryimage","url":"https:\/\/www.blindtrapper.com\/wp-content\/uploads\/2023\/10\/White-Spruce.jpg","contentUrl":"https:\/\/www.blindtrapper.com\/wp-content\/uploads\/2023\/10\/White-Spruce.jpg","width":1080,"height":719,"caption":"Close up of young white spruce tips"},{"@type":"BreadcrumbList","@id":"https:\/\/www.blindtrapper.com\/product\/white-spruce\/#breadcrumb","itemListElement":[{"@type":"ListItem","position":1,"name":"Home","item":"https:\/\/www.blindtrapper.com\/"},{"@type":"ListItem","position":2,"name":"Online Shop","item":"https:\/\/www.blindtrapper.com\/holistic-food-shop-online-canada\/"},{"@type":"ListItem","position":3,"name":"White Spruce"}]},{"@type":"WebSite","@id":"https:\/\/www.blindtrapper.com\/#website","url":"https:\/\/www.blindtrapper.com\/","name":"Blind Trapper Holistic Foods","description":"Fournisseur canadien d&#039;aliments holistiques","publisher":{"@id":"https:\/\/www.blindtrapper.com\/#organization"},"potentialAction":[{"@type":"SearchAction","target":{"@type":"EntryPoint","urlTemplate":"https:\/\/www.blindtrapper.com\/?s={search_term_string}"},"query-input":{"@type":"PropertyValueSpecification","valueRequired":true,"valueName":"search_term_string"}}],"inLanguage":"fr-CA"},{"@type":"Organization","@id":"https:\/\/www.blindtrapper.com\/#organization","name":"Blind Trapper Holistic Foods","url":"https:\/\/www.blindtrapper.com\/","logo":{"@type":"ImageObject","inLanguage":"fr-CA","@id":"https:\/\/www.blindtrapper.com\/#\/schema\/logo\/image\/","url":"https:\/\/www.blindtrapper.com\/wp-content\/uploads\/2023\/05\/nature-svgrepo-com.png","contentUrl":"https:\/\/www.blindtrapper.com\/wp-content\/uploads\/2023\/05\/nature-svgrepo-com.png","width":256,"height":256,"caption":"Blind Trapper Holistic Foods"},"image":{"@id":"https:\/\/www.blindtrapper.com\/#\/schema\/logo\/image\/"},"sameAs":["https:\/\/www.facebook.com\/BlindTrapper\/","https:\/\/instagram.com\/blindtrapperholisticfoods"]}]}},"_links":{"self":[{"href":"https:\/\/www.blindtrapper.com\/fr\/wp-json\/wp\/v2\/product\/1339","targetHints":{"allow":["GET"]}}],"collection":[{"href":"https:\/\/www.blindtrapper.com\/fr\/wp-json\/wp\/v2\/product"}],"about":[{"href":"https:\/\/www.blindtrapper.com\/fr\/wp-json\/wp\/v2\/types\/product"}],"wp:featuredmedia":[{"embeddable":true,"href":"https:\/\/www.blindtrapper.com\/fr\/wp-json\/wp\/v2\/media\/1279"}],"wp:attachment":[{"href":"https:\/\/www.blindtrapper.com\/fr\/wp-json\/wp\/v2\/media?parent=1339"}],"wp:term":[{"taxonomy":"product_brand","embeddable":true,"href":"https:\/\/www.blindtrapper.com\/fr\/wp-json\/wp\/v2\/product_brand?post=1339"},{"taxonomy":"product_cat","embeddable":true,"href":"https:\/\/www.blindtrapper.com\/fr\/wp-json\/wp\/v2\/product_cat?post=1339"},{"taxonomy":"product_tag","embeddable":true,"href":"https:\/\/www.blindtrapper.com\/fr\/wp-json\/wp\/v2\/product_tag?post=1339"}],"curies":[{"name":"wp","href":"https:\/\/api.w.org\/{rel}","templated":true}]}}