{"id":1323,"date":"2023-10-02T11:31:40","date_gmt":"2023-10-02T17:31:40","guid":{"rendered":"https:\/\/www.blindtrapper.com\/?post_type=product&#038;p=1323"},"modified":"2024-05-01T14:35:21","modified_gmt":"2024-05-01T20:35:21","slug":"lemongrass","status":"publish","type":"product","link":"https:\/\/www.blindtrapper.com\/fr\/produit\/lemongrass\/","title":{"rendered":"Citronnelle"},"content":{"rendered":"<p class=\"h3 dropcap-text\">La citronnelle n&#039;est pas originaire du Delta, mais nous la cultivons dans notre jardin pour avoir un approvisionnement en citronnelle biologique \u00e0 des fins culinaires.  <\/p>\n<div class=\"outdent-content\">\n<p><img loading=\"lazy\" decoding=\"async\" class=\"alignnone wp-image-1268 size-medium\" src=\"https:\/\/www.blindtrapper.com\/wp-content\/uploads\/2023\/10\/Lemongrass-744x744.jpg\" alt=\"Picture of unharvested lemongrass\" width=\"744\" height=\"744\" srcset=\"https:\/\/www.blindtrapper.com\/wp-content\/uploads\/2023\/10\/Lemongrass-744x744.jpg 744w, https:\/\/www.blindtrapper.com\/wp-content\/uploads\/2023\/10\/Lemongrass-448x448.jpg 448w, https:\/\/www.blindtrapper.com\/wp-content\/uploads\/2023\/10\/Lemongrass-300x300.jpg 300w, https:\/\/www.blindtrapper.com\/wp-content\/uploads\/2023\/10\/Lemongrass-600x600.jpg 600w, https:\/\/www.blindtrapper.com\/wp-content\/uploads\/2023\/10\/Lemongrass-100x100.jpg 100w, https:\/\/www.blindtrapper.com\/wp-content\/uploads\/2023\/10\/Lemongrass.jpg 1080w\" sizes=\"auto, (max-width: 744px) 100vw, 744px\" \/><\/p>\n<div class=\"text-columns-2\">\n<p>La citronnelle ajoute une d\u00e9licieuse saveur \u00e0 vos th\u00e9s et plats. Nous proposons de la citronnelle moulue en sachets. R\u00e9colt\u00e9e \u00e0 la fin de l&#039;\u00e9t\u00e9, elle est id\u00e9ale pour savourer pleinement ses saveurs.<\/p>\n<\/div>\n<\/div>","protected":false},"excerpt":{"rendered":"<div class=\"entry-summary\">\n<div class=\"entry-summary\">\nLa citronnelle n&#039;est pas originaire du Delta, mais nous la cultivons dans notre jardin pour nous assurer un approvisionnement en citronnelle biologique \u00e0 des fins culinaires. Elle ajoute une d\u00e9licieuse saveur \u00e0 vos th\u00e9s et plats. Nous proposons de la citronnelle moulue en sachets. La citronnelle est r\u00e9colt\u00e9e \u00e0 la fin de l&#039;\u00e9t\u00e9 pour une saveur optimale.\n<\/div>\n<\/div>","protected":false},"featured_media":1268,"template":"","meta":{"_acf_changed":false},"product_brand":[],"product_cat":[76],"product_tag":[],"class_list":{"0":"post-1323","1":"product","2":"type-product","3":"status-publish","4":"has-post-thumbnail","6":"product_cat-dried-herbs","8":"first","9":"instock","10":"shipping-taxable","11":"purchasable","12":"product-type-variable","13":"has-default-attributes","14":"entry"},"acf":[],"yoast_head":"<!-- This site is optimized with the Yoast SEO plugin v27.4 - https:\/\/yoast.com\/product\/yoast-seo-wordpress\/ -->\n<title>Lemongrass - Blind Trapper Holistic Foods<\/title>\n<meta name=\"robots\" content=\"index, follow, max-snippet:-1, max-image-preview:large, max-video-preview:-1\" \/>\n<link rel=\"canonical\" href=\"https:\/\/www.blindtrapper.com\/fr\/produit\/lemongrass\/\" \/>\n<meta property=\"og:locale\" content=\"fr_CA\" \/>\n<meta property=\"og:type\" content=\"article\" \/>\n<meta property=\"og:title\" content=\"Lemongrass - Blind Trapper Holistic Foods\" \/>\n<meta property=\"og:description\" content=\"Lemongrass is not native to the Delta, but we do cultivate it in our garden to have a supply of organic lemongrass for culinary purposes. Lemongrass adds a wonderful flavor to your tea and dishes. We offer ground lemongrass in packages. Lemongrass is harvested in late summer for peak flavor.\" \/>\n<meta property=\"og:url\" content=\"https:\/\/www.blindtrapper.com\/fr\/produit\/lemongrass\/\" \/>\n<meta property=\"og:site_name\" content=\"Blind Trapper Holistic Foods\" \/>\n<meta property=\"article:publisher\" content=\"https:\/\/www.facebook.com\/BlindTrapper\/\" \/>\n<meta property=\"article:modified_time\" content=\"2024-05-01T20:35:21+00:00\" \/>\n<meta property=\"og:image\" content=\"https:\/\/www.blindtrapper.com\/wp-content\/uploads\/2023\/10\/Lemongrass.jpg\" \/>\n\t<meta property=\"og:image:width\" content=\"1080\" \/>\n\t<meta property=\"og:image:height\" content=\"1080\" \/>\n\t<meta property=\"og:image:type\" content=\"image\/jpeg\" \/>\n<meta name=\"twitter:card\" content=\"summary_large_image\" \/>\n<script type=\"application\/ld+json\" class=\"yoast-schema-graph\">{\"@context\":\"https:\\\/\\\/schema.org\",\"@graph\":[{\"@type\":\"WebPage\",\"@id\":\"https:\\\/\\\/www.blindtrapper.com\\\/product\\\/lemongrass\\\/\",\"url\":\"https:\\\/\\\/www.blindtrapper.com\\\/product\\\/lemongrass\\\/\",\"name\":\"Lemongrass - Blind Trapper Holistic Foods\",\"isPartOf\":{\"@id\":\"https:\\\/\\\/www.blindtrapper.com\\\/#website\"},\"primaryImageOfPage\":{\"@id\":\"https:\\\/\\\/www.blindtrapper.com\\\/product\\\/lemongrass\\\/#primaryimage\"},\"image\":{\"@id\":\"https:\\\/\\\/www.blindtrapper.com\\\/product\\\/lemongrass\\\/#primaryimage\"},\"thumbnailUrl\":\"https:\\\/\\\/www.blindtrapper.com\\\/wp-content\\\/uploads\\\/2023\\\/10\\\/Lemongrass.jpg\",\"datePublished\":\"2023-10-02T17:31:40+00:00\",\"dateModified\":\"2024-05-01T20:35:21+00:00\",\"breadcrumb\":{\"@id\":\"https:\\\/\\\/www.blindtrapper.com\\\/product\\\/lemongrass\\\/#breadcrumb\"},\"inLanguage\":\"fr-CA\",\"potentialAction\":[{\"@type\":\"ReadAction\",\"target\":[\"https:\\\/\\\/www.blindtrapper.com\\\/product\\\/lemongrass\\\/\"]}]},{\"@type\":\"ImageObject\",\"inLanguage\":\"fr-CA\",\"@id\":\"https:\\\/\\\/www.blindtrapper.com\\\/product\\\/lemongrass\\\/#primaryimage\",\"url\":\"https:\\\/\\\/www.blindtrapper.com\\\/wp-content\\\/uploads\\\/2023\\\/10\\\/Lemongrass.jpg\",\"contentUrl\":\"https:\\\/\\\/www.blindtrapper.com\\\/wp-content\\\/uploads\\\/2023\\\/10\\\/Lemongrass.jpg\",\"width\":1080,\"height\":1080,\"caption\":\"Picture of unharvested lemongrass\"},{\"@type\":\"BreadcrumbList\",\"@id\":\"https:\\\/\\\/www.blindtrapper.com\\\/product\\\/lemongrass\\\/#breadcrumb\",\"itemListElement\":[{\"@type\":\"ListItem\",\"position\":1,\"name\":\"Home\",\"item\":\"https:\\\/\\\/www.blindtrapper.com\\\/\"},{\"@type\":\"ListItem\",\"position\":2,\"name\":\"Online Shop\",\"item\":\"https:\\\/\\\/www.blindtrapper.com\\\/holistic-food-shop-online-canada\\\/\"},{\"@type\":\"ListItem\",\"position\":3,\"name\":\"Lemongrass\"}]},{\"@type\":\"WebSite\",\"@id\":\"https:\\\/\\\/www.blindtrapper.com\\\/#website\",\"url\":\"https:\\\/\\\/www.blindtrapper.com\\\/\",\"name\":\"Blind Trapper Holistic Foods\",\"description\":\"Canadian Holistic Food Supplier\",\"publisher\":{\"@id\":\"https:\\\/\\\/www.blindtrapper.com\\\/#organization\"},\"potentialAction\":[{\"@type\":\"SearchAction\",\"target\":{\"@type\":\"EntryPoint\",\"urlTemplate\":\"https:\\\/\\\/www.blindtrapper.com\\\/?s={search_term_string}\"},\"query-input\":{\"@type\":\"PropertyValueSpecification\",\"valueRequired\":true,\"valueName\":\"search_term_string\"}}],\"inLanguage\":\"fr-CA\"},{\"@type\":\"Organization\",\"@id\":\"https:\\\/\\\/www.blindtrapper.com\\\/#organization\",\"name\":\"Blind Trapper Holistic Foods\",\"url\":\"https:\\\/\\\/www.blindtrapper.com\\\/\",\"logo\":{\"@type\":\"ImageObject\",\"inLanguage\":\"fr-CA\",\"@id\":\"https:\\\/\\\/www.blindtrapper.com\\\/#\\\/schema\\\/logo\\\/image\\\/\",\"url\":\"https:\\\/\\\/www.blindtrapper.com\\\/wp-content\\\/uploads\\\/2023\\\/05\\\/nature-svgrepo-com.png\",\"contentUrl\":\"https:\\\/\\\/www.blindtrapper.com\\\/wp-content\\\/uploads\\\/2023\\\/05\\\/nature-svgrepo-com.png\",\"width\":256,\"height\":256,\"caption\":\"Blind Trapper Holistic Foods\"},\"image\":{\"@id\":\"https:\\\/\\\/www.blindtrapper.com\\\/#\\\/schema\\\/logo\\\/image\\\/\"},\"sameAs\":[\"https:\\\/\\\/www.facebook.com\\\/BlindTrapper\\\/\",\"https:\\\/\\\/instagram.com\\\/blindtrapperholisticfoods\"]}]}<\/script>\n<!-- \/ Yoast SEO plugin. -->","yoast_head_json":{"title":"Lemongrass - Blind Trapper Holistic Foods","robots":{"index":"index","follow":"follow","max-snippet":"max-snippet:-1","max-image-preview":"max-image-preview:large","max-video-preview":"max-video-preview:-1"},"canonical":"https:\/\/www.blindtrapper.com\/fr\/produit\/lemongrass\/","og_locale":"fr_CA","og_type":"article","og_title":"Lemongrass - Blind Trapper Holistic Foods","og_description":"Lemongrass is not native to the Delta, but we do cultivate it in our garden to have a supply of organic lemongrass for culinary purposes. Lemongrass adds a wonderful flavor to your tea and dishes. We offer ground lemongrass in packages. Lemongrass is harvested in late summer for peak flavor.","og_url":"https:\/\/www.blindtrapper.com\/fr\/produit\/lemongrass\/","og_site_name":"Blind Trapper Holistic Foods","article_publisher":"https:\/\/www.facebook.com\/BlindTrapper\/","article_modified_time":"2024-05-01T20:35:21+00:00","og_image":[{"width":1080,"height":1080,"url":"https:\/\/www.blindtrapper.com\/wp-content\/uploads\/2023\/10\/Lemongrass.jpg","type":"image\/jpeg"}],"twitter_card":"summary_large_image","schema":{"@context":"https:\/\/schema.org","@graph":[{"@type":"WebPage","@id":"https:\/\/www.blindtrapper.com\/product\/lemongrass\/","url":"https:\/\/www.blindtrapper.com\/product\/lemongrass\/","name":"Lemongrass - Blind Trapper Holistic Foods","isPartOf":{"@id":"https:\/\/www.blindtrapper.com\/#website"},"primaryImageOfPage":{"@id":"https:\/\/www.blindtrapper.com\/product\/lemongrass\/#primaryimage"},"image":{"@id":"https:\/\/www.blindtrapper.com\/product\/lemongrass\/#primaryimage"},"thumbnailUrl":"https:\/\/www.blindtrapper.com\/wp-content\/uploads\/2023\/10\/Lemongrass.jpg","datePublished":"2023-10-02T17:31:40+00:00","dateModified":"2024-05-01T20:35:21+00:00","breadcrumb":{"@id":"https:\/\/www.blindtrapper.com\/product\/lemongrass\/#breadcrumb"},"inLanguage":"fr-CA","potentialAction":[{"@type":"ReadAction","target":["https:\/\/www.blindtrapper.com\/product\/lemongrass\/"]}]},{"@type":"ImageObject","inLanguage":"fr-CA","@id":"https:\/\/www.blindtrapper.com\/product\/lemongrass\/#primaryimage","url":"https:\/\/www.blindtrapper.com\/wp-content\/uploads\/2023\/10\/Lemongrass.jpg","contentUrl":"https:\/\/www.blindtrapper.com\/wp-content\/uploads\/2023\/10\/Lemongrass.jpg","width":1080,"height":1080,"caption":"Picture of unharvested lemongrass"},{"@type":"BreadcrumbList","@id":"https:\/\/www.blindtrapper.com\/product\/lemongrass\/#breadcrumb","itemListElement":[{"@type":"ListItem","position":1,"name":"Home","item":"https:\/\/www.blindtrapper.com\/"},{"@type":"ListItem","position":2,"name":"Online Shop","item":"https:\/\/www.blindtrapper.com\/holistic-food-shop-online-canada\/"},{"@type":"ListItem","position":3,"name":"Lemongrass"}]},{"@type":"WebSite","@id":"https:\/\/www.blindtrapper.com\/#website","url":"https:\/\/www.blindtrapper.com\/","name":"Blind Trapper Holistic Foods","description":"Fournisseur canadien d&#039;aliments holistiques","publisher":{"@id":"https:\/\/www.blindtrapper.com\/#organization"},"potentialAction":[{"@type":"SearchAction","target":{"@type":"EntryPoint","urlTemplate":"https:\/\/www.blindtrapper.com\/?s={search_term_string}"},"query-input":{"@type":"PropertyValueSpecification","valueRequired":true,"valueName":"search_term_string"}}],"inLanguage":"fr-CA"},{"@type":"Organization","@id":"https:\/\/www.blindtrapper.com\/#organization","name":"Blind Trapper Holistic Foods","url":"https:\/\/www.blindtrapper.com\/","logo":{"@type":"ImageObject","inLanguage":"fr-CA","@id":"https:\/\/www.blindtrapper.com\/#\/schema\/logo\/image\/","url":"https:\/\/www.blindtrapper.com\/wp-content\/uploads\/2023\/05\/nature-svgrepo-com.png","contentUrl":"https:\/\/www.blindtrapper.com\/wp-content\/uploads\/2023\/05\/nature-svgrepo-com.png","width":256,"height":256,"caption":"Blind Trapper Holistic Foods"},"image":{"@id":"https:\/\/www.blindtrapper.com\/#\/schema\/logo\/image\/"},"sameAs":["https:\/\/www.facebook.com\/BlindTrapper\/","https:\/\/instagram.com\/blindtrapperholisticfoods"]}]}},"_links":{"self":[{"href":"https:\/\/www.blindtrapper.com\/fr\/wp-json\/wp\/v2\/product\/1323","targetHints":{"allow":["GET"]}}],"collection":[{"href":"https:\/\/www.blindtrapper.com\/fr\/wp-json\/wp\/v2\/product"}],"about":[{"href":"https:\/\/www.blindtrapper.com\/fr\/wp-json\/wp\/v2\/types\/product"}],"wp:featuredmedia":[{"embeddable":true,"href":"https:\/\/www.blindtrapper.com\/fr\/wp-json\/wp\/v2\/media\/1268"}],"wp:attachment":[{"href":"https:\/\/www.blindtrapper.com\/fr\/wp-json\/wp\/v2\/media?parent=1323"}],"wp:term":[{"taxonomy":"product_brand","embeddable":true,"href":"https:\/\/www.blindtrapper.com\/fr\/wp-json\/wp\/v2\/product_brand?post=1323"},{"taxonomy":"product_cat","embeddable":true,"href":"https:\/\/www.blindtrapper.com\/fr\/wp-json\/wp\/v2\/product_cat?post=1323"},{"taxonomy":"product_tag","embeddable":true,"href":"https:\/\/www.blindtrapper.com\/fr\/wp-json\/wp\/v2\/product_tag?post=1323"}],"curies":[{"name":"wp","href":"https:\/\/api.w.org\/{rel}","templated":true}]}}