{"id":1321,"date":"2023-10-02T11:29:36","date_gmt":"2023-10-02T17:29:36","guid":{"rendered":"https:\/\/www.blindtrapper.com\/?post_type=product&#038;p=1321"},"modified":"2024-05-01T14:35:18","modified_gmt":"2024-05-01T20:35:18","slug":"labrador-tea","status":"publish","type":"product","link":"https:\/\/www.blindtrapper.com\/fr\/produit\/labrador-tea\/","title":{"rendered":"Th\u00e9 du Labrador"},"content":{"rendered":"<p class=\"h3 dropcap-text\">Le th\u00e9 du Labrador pousse en abondance dans le Delta et est traditionnellement utilis\u00e9 \u00e0 diverses fins.<\/p>\n<div class=\"outdent-content\">\n<p><img loading=\"lazy\" decoding=\"async\" class=\"wp-image-1090 size-medium aligncenter\" src=\"https:\/\/www.blindtrapper.com\/wp-content\/uploads\/2023\/05\/labrador-tea-gc2a860408_1280-744x496.jpg\" alt=\"Top View of Labrador Tea Flower\" width=\"744\" height=\"496\" srcset=\"https:\/\/www.blindtrapper.com\/wp-content\/uploads\/2023\/05\/labrador-tea-gc2a860408_1280-744x496.jpg 744w, https:\/\/www.blindtrapper.com\/wp-content\/uploads\/2023\/05\/labrador-tea-gc2a860408_1280-1200x800.jpg 1200w, https:\/\/www.blindtrapper.com\/wp-content\/uploads\/2023\/05\/labrador-tea-gc2a860408_1280-600x400.jpg 600w, https:\/\/www.blindtrapper.com\/wp-content\/uploads\/2023\/05\/labrador-tea-gc2a860408_1280.jpg 1280w\" sizes=\"auto, (max-width: 744px) 100vw, 744px\" \/><\/p>\n<div class=\"text-columns-2\">\n<p>R\u00e9put\u00e9 pour sa saveur douce, il est souvent consomm\u00e9 en infusion. Notre th\u00e9 du Labrador est vendu en paquets de feuilles enti\u00e8res et convient parfaitement \u00e0 la pr\u00e9paration du th\u00e9. Les feuilles du Labrador sont r\u00e9colt\u00e9es au d\u00e9but de l&#039;automne, une fois m\u00fbres.<\/p>\n<p>Attention : le th\u00e9 du Labrador ne doit pas \u00eatre consomm\u00e9 par les femmes enceintes ou les personnes essayant de concevoir.<\/p>\n<\/div>\n<\/div>","protected":false},"excerpt":{"rendered":"<div class=\"entry-summary\">\n<div class=\"entry-summary\">\nLe th\u00e9 du Labrador pousse en abondance dans le Delta et est traditionnellement utilis\u00e9 \u00e0 diverses fins. R\u00e9put\u00e9 pour sa saveur douce, il est souvent consomm\u00e9 en infusion. Notre th\u00e9 du Labrador est vendu en paquets de feuilles enti\u00e8res et convient parfaitement \u00e0 la pr\u00e9paration du th\u00e9. Les feuilles du Labrador sont r\u00e9colt\u00e9es au d\u00e9but de l&#039;automne, une fois m\u00fbres.<\/p>\n<p>Attention : le th\u00e9 du Labrador ne doit pas \u00eatre consomm\u00e9 par les femmes enceintes ou les personnes essayant de concevoir.\n<\/p>\n<\/div>\n<\/div>","protected":false},"featured_media":1090,"template":"","meta":{"_acf_changed":false},"product_brand":[],"product_cat":[76],"product_tag":[],"class_list":{"0":"post-1321","1":"product","2":"type-product","3":"status-publish","4":"has-post-thumbnail","6":"product_cat-dried-herbs","8":"first","9":"instock","10":"shipping-taxable","11":"purchasable","12":"product-type-variable","13":"has-default-attributes","14":"entry"},"acf":[],"yoast_head":"<!-- This site is optimized with the Yoast SEO plugin v27.4 - https:\/\/yoast.com\/product\/yoast-seo-wordpress\/ -->\n<title>Labrador Tea - Blind Trapper Holistic Foods<\/title>\n<meta name=\"robots\" content=\"index, follow, max-snippet:-1, max-image-preview:large, max-video-preview:-1\" \/>\n<link rel=\"canonical\" href=\"https:\/\/www.blindtrapper.com\/fr\/produit\/labrador-tea\/\" \/>\n<meta property=\"og:locale\" content=\"fr_CA\" \/>\n<meta property=\"og:type\" content=\"article\" \/>\n<meta property=\"og:title\" content=\"Labrador Tea - Blind Trapper Holistic Foods\" \/>\n<meta property=\"og:description\" content=\"Labrador tea grows abundantly in the Delta and has been traditionally used for various purposes. It is known for its mild flavor and is often consumed in teas. Our Labrador tea is sold in packages of whole leaves and is suitable for tea-making. Labrador leaves are harvested in early autumn, once they have matured.  Please note: Labrador tea should not be consumed by pregnant women or people trying to conceive.\" \/>\n<meta property=\"og:url\" content=\"https:\/\/www.blindtrapper.com\/fr\/produit\/labrador-tea\/\" \/>\n<meta property=\"og:site_name\" content=\"Blind Trapper Holistic Foods\" \/>\n<meta property=\"article:publisher\" content=\"https:\/\/www.facebook.com\/BlindTrapper\/\" \/>\n<meta property=\"article:modified_time\" content=\"2024-05-01T20:35:18+00:00\" \/>\n<meta property=\"og:image\" content=\"https:\/\/www.blindtrapper.com\/wp-content\/uploads\/2023\/05\/labrador-tea-gc2a860408_1280.jpg\" \/>\n\t<meta property=\"og:image:width\" content=\"1280\" \/>\n\t<meta property=\"og:image:height\" content=\"853\" \/>\n\t<meta property=\"og:image:type\" content=\"image\/jpeg\" \/>\n<meta name=\"twitter:card\" content=\"summary_large_image\" \/>\n<script type=\"application\/ld+json\" class=\"yoast-schema-graph\">{\"@context\":\"https:\\\/\\\/schema.org\",\"@graph\":[{\"@type\":\"WebPage\",\"@id\":\"https:\\\/\\\/www.blindtrapper.com\\\/product\\\/labrador-tea\\\/\",\"url\":\"https:\\\/\\\/www.blindtrapper.com\\\/product\\\/labrador-tea\\\/\",\"name\":\"Labrador Tea - Blind Trapper Holistic Foods\",\"isPartOf\":{\"@id\":\"https:\\\/\\\/www.blindtrapper.com\\\/#website\"},\"primaryImageOfPage\":{\"@id\":\"https:\\\/\\\/www.blindtrapper.com\\\/product\\\/labrador-tea\\\/#primaryimage\"},\"image\":{\"@id\":\"https:\\\/\\\/www.blindtrapper.com\\\/product\\\/labrador-tea\\\/#primaryimage\"},\"thumbnailUrl\":\"https:\\\/\\\/www.blindtrapper.com\\\/wp-content\\\/uploads\\\/2023\\\/05\\\/labrador-tea-gc2a860408_1280.jpg\",\"datePublished\":\"2023-10-02T17:29:36+00:00\",\"dateModified\":\"2024-05-01T20:35:18+00:00\",\"breadcrumb\":{\"@id\":\"https:\\\/\\\/www.blindtrapper.com\\\/product\\\/labrador-tea\\\/#breadcrumb\"},\"inLanguage\":\"fr-CA\",\"potentialAction\":[{\"@type\":\"ReadAction\",\"target\":[\"https:\\\/\\\/www.blindtrapper.com\\\/product\\\/labrador-tea\\\/\"]}]},{\"@type\":\"ImageObject\",\"inLanguage\":\"fr-CA\",\"@id\":\"https:\\\/\\\/www.blindtrapper.com\\\/product\\\/labrador-tea\\\/#primaryimage\",\"url\":\"https:\\\/\\\/www.blindtrapper.com\\\/wp-content\\\/uploads\\\/2023\\\/05\\\/labrador-tea-gc2a860408_1280.jpg\",\"contentUrl\":\"https:\\\/\\\/www.blindtrapper.com\\\/wp-content\\\/uploads\\\/2023\\\/05\\\/labrador-tea-gc2a860408_1280.jpg\",\"width\":1280,\"height\":853,\"caption\":\"Top View of Labrador Tea Flower\"},{\"@type\":\"BreadcrumbList\",\"@id\":\"https:\\\/\\\/www.blindtrapper.com\\\/product\\\/labrador-tea\\\/#breadcrumb\",\"itemListElement\":[{\"@type\":\"ListItem\",\"position\":1,\"name\":\"Home\",\"item\":\"https:\\\/\\\/www.blindtrapper.com\\\/\"},{\"@type\":\"ListItem\",\"position\":2,\"name\":\"Online Shop\",\"item\":\"https:\\\/\\\/www.blindtrapper.com\\\/holistic-food-shop-online-canada\\\/\"},{\"@type\":\"ListItem\",\"position\":3,\"name\":\"Labrador Tea\"}]},{\"@type\":\"WebSite\",\"@id\":\"https:\\\/\\\/www.blindtrapper.com\\\/#website\",\"url\":\"https:\\\/\\\/www.blindtrapper.com\\\/\",\"name\":\"Blind Trapper Holistic Foods\",\"description\":\"Canadian Holistic Food Supplier\",\"publisher\":{\"@id\":\"https:\\\/\\\/www.blindtrapper.com\\\/#organization\"},\"potentialAction\":[{\"@type\":\"SearchAction\",\"target\":{\"@type\":\"EntryPoint\",\"urlTemplate\":\"https:\\\/\\\/www.blindtrapper.com\\\/?s={search_term_string}\"},\"query-input\":{\"@type\":\"PropertyValueSpecification\",\"valueRequired\":true,\"valueName\":\"search_term_string\"}}],\"inLanguage\":\"fr-CA\"},{\"@type\":\"Organization\",\"@id\":\"https:\\\/\\\/www.blindtrapper.com\\\/#organization\",\"name\":\"Blind Trapper Holistic Foods\",\"url\":\"https:\\\/\\\/www.blindtrapper.com\\\/\",\"logo\":{\"@type\":\"ImageObject\",\"inLanguage\":\"fr-CA\",\"@id\":\"https:\\\/\\\/www.blindtrapper.com\\\/#\\\/schema\\\/logo\\\/image\\\/\",\"url\":\"https:\\\/\\\/www.blindtrapper.com\\\/wp-content\\\/uploads\\\/2023\\\/05\\\/nature-svgrepo-com.png\",\"contentUrl\":\"https:\\\/\\\/www.blindtrapper.com\\\/wp-content\\\/uploads\\\/2023\\\/05\\\/nature-svgrepo-com.png\",\"width\":256,\"height\":256,\"caption\":\"Blind Trapper Holistic Foods\"},\"image\":{\"@id\":\"https:\\\/\\\/www.blindtrapper.com\\\/#\\\/schema\\\/logo\\\/image\\\/\"},\"sameAs\":[\"https:\\\/\\\/www.facebook.com\\\/BlindTrapper\\\/\",\"https:\\\/\\\/instagram.com\\\/blindtrapperholisticfoods\"]}]}<\/script>\n<!-- \/ Yoast SEO plugin. -->","yoast_head_json":{"title":"Labrador Tea - Blind Trapper Holistic Foods","robots":{"index":"index","follow":"follow","max-snippet":"max-snippet:-1","max-image-preview":"max-image-preview:large","max-video-preview":"max-video-preview:-1"},"canonical":"https:\/\/www.blindtrapper.com\/fr\/produit\/labrador-tea\/","og_locale":"fr_CA","og_type":"article","og_title":"Labrador Tea - Blind Trapper Holistic Foods","og_description":"Labrador tea grows abundantly in the Delta and has been traditionally used for various purposes. It is known for its mild flavor and is often consumed in teas. Our Labrador tea is sold in packages of whole leaves and is suitable for tea-making. Labrador leaves are harvested in early autumn, once they have matured.  Please note: Labrador tea should not be consumed by pregnant women or people trying to conceive.","og_url":"https:\/\/www.blindtrapper.com\/fr\/produit\/labrador-tea\/","og_site_name":"Blind Trapper Holistic Foods","article_publisher":"https:\/\/www.facebook.com\/BlindTrapper\/","article_modified_time":"2024-05-01T20:35:18+00:00","og_image":[{"width":1280,"height":853,"url":"https:\/\/www.blindtrapper.com\/wp-content\/uploads\/2023\/05\/labrador-tea-gc2a860408_1280.jpg","type":"image\/jpeg"}],"twitter_card":"summary_large_image","schema":{"@context":"https:\/\/schema.org","@graph":[{"@type":"WebPage","@id":"https:\/\/www.blindtrapper.com\/product\/labrador-tea\/","url":"https:\/\/www.blindtrapper.com\/product\/labrador-tea\/","name":"Labrador Tea - Blind Trapper Holistic Foods","isPartOf":{"@id":"https:\/\/www.blindtrapper.com\/#website"},"primaryImageOfPage":{"@id":"https:\/\/www.blindtrapper.com\/product\/labrador-tea\/#primaryimage"},"image":{"@id":"https:\/\/www.blindtrapper.com\/product\/labrador-tea\/#primaryimage"},"thumbnailUrl":"https:\/\/www.blindtrapper.com\/wp-content\/uploads\/2023\/05\/labrador-tea-gc2a860408_1280.jpg","datePublished":"2023-10-02T17:29:36+00:00","dateModified":"2024-05-01T20:35:18+00:00","breadcrumb":{"@id":"https:\/\/www.blindtrapper.com\/product\/labrador-tea\/#breadcrumb"},"inLanguage":"fr-CA","potentialAction":[{"@type":"ReadAction","target":["https:\/\/www.blindtrapper.com\/product\/labrador-tea\/"]}]},{"@type":"ImageObject","inLanguage":"fr-CA","@id":"https:\/\/www.blindtrapper.com\/product\/labrador-tea\/#primaryimage","url":"https:\/\/www.blindtrapper.com\/wp-content\/uploads\/2023\/05\/labrador-tea-gc2a860408_1280.jpg","contentUrl":"https:\/\/www.blindtrapper.com\/wp-content\/uploads\/2023\/05\/labrador-tea-gc2a860408_1280.jpg","width":1280,"height":853,"caption":"Top View of Labrador Tea Flower"},{"@type":"BreadcrumbList","@id":"https:\/\/www.blindtrapper.com\/product\/labrador-tea\/#breadcrumb","itemListElement":[{"@type":"ListItem","position":1,"name":"Home","item":"https:\/\/www.blindtrapper.com\/"},{"@type":"ListItem","position":2,"name":"Online Shop","item":"https:\/\/www.blindtrapper.com\/holistic-food-shop-online-canada\/"},{"@type":"ListItem","position":3,"name":"Labrador Tea"}]},{"@type":"WebSite","@id":"https:\/\/www.blindtrapper.com\/#website","url":"https:\/\/www.blindtrapper.com\/","name":"Blind Trapper Holistic Foods","description":"Fournisseur canadien d&#039;aliments holistiques","publisher":{"@id":"https:\/\/www.blindtrapper.com\/#organization"},"potentialAction":[{"@type":"SearchAction","target":{"@type":"EntryPoint","urlTemplate":"https:\/\/www.blindtrapper.com\/?s={search_term_string}"},"query-input":{"@type":"PropertyValueSpecification","valueRequired":true,"valueName":"search_term_string"}}],"inLanguage":"fr-CA"},{"@type":"Organization","@id":"https:\/\/www.blindtrapper.com\/#organization","name":"Blind Trapper Holistic Foods","url":"https:\/\/www.blindtrapper.com\/","logo":{"@type":"ImageObject","inLanguage":"fr-CA","@id":"https:\/\/www.blindtrapper.com\/#\/schema\/logo\/image\/","url":"https:\/\/www.blindtrapper.com\/wp-content\/uploads\/2023\/05\/nature-svgrepo-com.png","contentUrl":"https:\/\/www.blindtrapper.com\/wp-content\/uploads\/2023\/05\/nature-svgrepo-com.png","width":256,"height":256,"caption":"Blind Trapper Holistic Foods"},"image":{"@id":"https:\/\/www.blindtrapper.com\/#\/schema\/logo\/image\/"},"sameAs":["https:\/\/www.facebook.com\/BlindTrapper\/","https:\/\/instagram.com\/blindtrapperholisticfoods"]}]}},"_links":{"self":[{"href":"https:\/\/www.blindtrapper.com\/fr\/wp-json\/wp\/v2\/product\/1321","targetHints":{"allow":["GET"]}}],"collection":[{"href":"https:\/\/www.blindtrapper.com\/fr\/wp-json\/wp\/v2\/product"}],"about":[{"href":"https:\/\/www.blindtrapper.com\/fr\/wp-json\/wp\/v2\/types\/product"}],"wp:featuredmedia":[{"embeddable":true,"href":"https:\/\/www.blindtrapper.com\/fr\/wp-json\/wp\/v2\/media\/1090"}],"wp:attachment":[{"href":"https:\/\/www.blindtrapper.com\/fr\/wp-json\/wp\/v2\/media?parent=1321"}],"wp:term":[{"taxonomy":"product_brand","embeddable":true,"href":"https:\/\/www.blindtrapper.com\/fr\/wp-json\/wp\/v2\/product_brand?post=1321"},{"taxonomy":"product_cat","embeddable":true,"href":"https:\/\/www.blindtrapper.com\/fr\/wp-json\/wp\/v2\/product_cat?post=1321"},{"taxonomy":"product_tag","embeddable":true,"href":"https:\/\/www.blindtrapper.com\/fr\/wp-json\/wp\/v2\/product_tag?post=1321"}],"curies":[{"name":"wp","href":"https:\/\/api.w.org\/{rel}","templated":true}]}}