{"id":1317,"date":"2023-10-02T11:26:18","date_gmt":"2023-10-02T17:26:18","guid":{"rendered":"https:\/\/www.blindtrapper.com\/?post_type=product&#038;p=1317"},"modified":"2024-05-01T14:24:56","modified_gmt":"2024-05-01T20:24:56","slug":"high-bush-cranberries","status":"publish","type":"product","link":"https:\/\/www.blindtrapper.com\/fr\/produit\/high-bush-cranberries\/","title":{"rendered":"Canneberges \u00e0 gros fruits"},"content":{"rendered":"<p class=\"h3 dropcap-text\">La viorne trilob\u00e9e (Viburnum trilobum) pousse en abondance le long des bassins versants du delta. Cet arbuste \u00e0 croissance rapide produit un fruit autrefois utilis\u00e9 comme aliment et riche en vitamines A, C et K. <\/p>\n<div class=\"outdent-content\">\n<p><img loading=\"lazy\" decoding=\"async\" class=\"wp-image-1264 size-medium aligncenter\" src=\"https:\/\/www.blindtrapper.com\/wp-content\/uploads\/2023\/10\/Green-Alder-Tree-744x690.jpg\" alt=\"Large catkins growing on the tip of a green alder tree branch\" width=\"744\" height=\"690\" srcset=\"https:\/\/www.blindtrapper.com\/wp-content\/uploads\/2023\/10\/Green-Alder-Tree-744x690.jpg 744w, https:\/\/www.blindtrapper.com\/wp-content\/uploads\/2023\/10\/Green-Alder-Tree-600x557.jpg 600w, https:\/\/www.blindtrapper.com\/wp-content\/uploads\/2023\/10\/Green-Alder-Tree.jpg 1080w\" sizes=\"auto, (max-width: 744px) 100vw, 744px\" \/><\/p>\n<div class=\"text-columns-2\">\n<p>La canneberge sauvage \u00e9tait traditionnellement utilis\u00e9e comme rem\u00e8de pour les femmes. L&#039;\u00e9corce \u00e9tait pel\u00e9e d&#039;un arbre vert et pr\u00e9par\u00e9e en tisane. Nous proposons de l&#039;\u00e9corce de canneberge sauvage s\u00e9ch\u00e9e ainsi que des sachets de baies s\u00e8ches et fra\u00eeches en saison. La r\u00e9colte des canneberges sauvages a lieu \u00e0 la mi-automne.<\/p>\n<\/div>\n<\/div>","protected":false},"excerpt":{"rendered":"<div class=\"entry-summary\">\n<div class=\"entry-summary\">\nLa viorne trilob\u00e9e (Viburnum trilobum) pousse en abondance le long des bassins versants du delta. Cet arbuste \u00e0 croissance rapide produit un fruit autrefois utilis\u00e9 comme aliment et riche en vitamines A, C et K. La viorne trilob\u00e9e \u00e9tait traditionnellement utilis\u00e9e comme rem\u00e8de pour les femmes. L&#039;\u00e9corce \u00e9tait pel\u00e9e de l&#039;arbre vert et pr\u00e9par\u00e9e en tisane. Nous proposons de l&#039;\u00e9corce de viorne trilob\u00e9e s\u00e9ch\u00e9e ainsi que des sachets de baies s\u00e8ches et fra\u00eeches en saison. La r\u00e9colte des viornes trilob\u00e9es a lieu \u00e0 la mi-automne.\n<\/div>\n<\/div>","protected":false},"featured_media":1265,"template":"","meta":{"_acf_changed":false},"product_brand":[],"product_cat":[75],"product_tag":[],"class_list":{"0":"post-1317","1":"product","2":"type-product","3":"status-publish","4":"has-post-thumbnail","6":"product_cat-dried-fruits-mushrooms","8":"first","9":"instock","10":"shipping-taxable","11":"purchasable","12":"product-type-variable","13":"has-default-attributes","14":"entry"},"acf":[],"yoast_head":"<!-- This site is optimized with the Yoast SEO plugin v27.4 - https:\/\/yoast.com\/product\/yoast-seo-wordpress\/ -->\n<title>High Bush Cranberries - Blind Trapper Holistic Foods<\/title>\n<meta name=\"robots\" content=\"index, follow, max-snippet:-1, max-image-preview:large, max-video-preview:-1\" \/>\n<link rel=\"canonical\" href=\"https:\/\/www.blindtrapper.com\/fr\/produit\/high-bush-cranberries\/\" \/>\n<meta property=\"og:locale\" content=\"fr_CA\" \/>\n<meta property=\"og:type\" content=\"article\" \/>\n<meta property=\"og:title\" content=\"High Bush Cranberries - Blind Trapper Holistic Foods\" \/>\n<meta property=\"og:description\" content=\"High Bush Cranberries (Viburnum Trilobum) grow abundantly along the watersheds of the Delta. This fast-growing shrub produces a fruit that was used as a food source and is high in Vitamin A, C and K. Bush Cranberry was traditionally used as a woman&#039;s medicine. The bark was peeled from a green tree and made into a tea. We offer dried high bush cranberry bark and packages of dry berries and fresh berries when in season. High bush cranberries are harvested in mid- autumn.\" \/>\n<meta property=\"og:url\" content=\"https:\/\/www.blindtrapper.com\/fr\/produit\/high-bush-cranberries\/\" \/>\n<meta property=\"og:site_name\" content=\"Blind Trapper Holistic Foods\" \/>\n<meta property=\"article:publisher\" content=\"https:\/\/www.facebook.com\/BlindTrapper\/\" \/>\n<meta property=\"article:modified_time\" content=\"2024-05-01T20:24:56+00:00\" \/>\n<meta property=\"og:image\" content=\"https:\/\/www.blindtrapper.com\/wp-content\/uploads\/2023\/10\/Highbush-Cranberry.jpg\" \/>\n\t<meta property=\"og:image:width\" content=\"1080\" \/>\n\t<meta property=\"og:image:height\" content=\"869\" \/>\n\t<meta property=\"og:image:type\" content=\"image\/jpeg\" \/>\n<meta name=\"twitter:card\" content=\"summary_large_image\" \/>\n<script type=\"application\/ld+json\" class=\"yoast-schema-graph\">{\"@context\":\"https:\\\/\\\/schema.org\",\"@graph\":[{\"@type\":\"WebPage\",\"@id\":\"https:\\\/\\\/www.blindtrapper.com\\\/product\\\/high-bush-cranberries\\\/\",\"url\":\"https:\\\/\\\/www.blindtrapper.com\\\/product\\\/high-bush-cranberries\\\/\",\"name\":\"High Bush Cranberries - Blind Trapper Holistic Foods\",\"isPartOf\":{\"@id\":\"https:\\\/\\\/www.blindtrapper.com\\\/#website\"},\"primaryImageOfPage\":{\"@id\":\"https:\\\/\\\/www.blindtrapper.com\\\/product\\\/high-bush-cranberries\\\/#primaryimage\"},\"image\":{\"@id\":\"https:\\\/\\\/www.blindtrapper.com\\\/product\\\/high-bush-cranberries\\\/#primaryimage\"},\"thumbnailUrl\":\"https:\\\/\\\/www.blindtrapper.com\\\/wp-content\\\/uploads\\\/2023\\\/10\\\/Highbush-Cranberry.jpg\",\"datePublished\":\"2023-10-02T17:26:18+00:00\",\"dateModified\":\"2024-05-01T20:24:56+00:00\",\"breadcrumb\":{\"@id\":\"https:\\\/\\\/www.blindtrapper.com\\\/product\\\/high-bush-cranberries\\\/#breadcrumb\"},\"inLanguage\":\"fr-CA\",\"potentialAction\":[{\"@type\":\"ReadAction\",\"target\":[\"https:\\\/\\\/www.blindtrapper.com\\\/product\\\/high-bush-cranberries\\\/\"]}]},{\"@type\":\"ImageObject\",\"inLanguage\":\"fr-CA\",\"@id\":\"https:\\\/\\\/www.blindtrapper.com\\\/product\\\/high-bush-cranberries\\\/#primaryimage\",\"url\":\"https:\\\/\\\/www.blindtrapper.com\\\/wp-content\\\/uploads\\\/2023\\\/10\\\/Highbush-Cranberry.jpg\",\"contentUrl\":\"https:\\\/\\\/www.blindtrapper.com\\\/wp-content\\\/uploads\\\/2023\\\/10\\\/Highbush-Cranberry.jpg\",\"width\":1080,\"height\":869,\"caption\":\"Highbush cranberry bunches growing on a tree\"},{\"@type\":\"BreadcrumbList\",\"@id\":\"https:\\\/\\\/www.blindtrapper.com\\\/product\\\/high-bush-cranberries\\\/#breadcrumb\",\"itemListElement\":[{\"@type\":\"ListItem\",\"position\":1,\"name\":\"Home\",\"item\":\"https:\\\/\\\/www.blindtrapper.com\\\/\"},{\"@type\":\"ListItem\",\"position\":2,\"name\":\"Online Shop\",\"item\":\"https:\\\/\\\/www.blindtrapper.com\\\/holistic-food-shop-online-canada\\\/\"},{\"@type\":\"ListItem\",\"position\":3,\"name\":\"High Bush Cranberries\"}]},{\"@type\":\"WebSite\",\"@id\":\"https:\\\/\\\/www.blindtrapper.com\\\/#website\",\"url\":\"https:\\\/\\\/www.blindtrapper.com\\\/\",\"name\":\"Blind Trapper Holistic Foods\",\"description\":\"Canadian Holistic Food Supplier\",\"publisher\":{\"@id\":\"https:\\\/\\\/www.blindtrapper.com\\\/#organization\"},\"potentialAction\":[{\"@type\":\"SearchAction\",\"target\":{\"@type\":\"EntryPoint\",\"urlTemplate\":\"https:\\\/\\\/www.blindtrapper.com\\\/?s={search_term_string}\"},\"query-input\":{\"@type\":\"PropertyValueSpecification\",\"valueRequired\":true,\"valueName\":\"search_term_string\"}}],\"inLanguage\":\"fr-CA\"},{\"@type\":\"Organization\",\"@id\":\"https:\\\/\\\/www.blindtrapper.com\\\/#organization\",\"name\":\"Blind Trapper Holistic Foods\",\"url\":\"https:\\\/\\\/www.blindtrapper.com\\\/\",\"logo\":{\"@type\":\"ImageObject\",\"inLanguage\":\"fr-CA\",\"@id\":\"https:\\\/\\\/www.blindtrapper.com\\\/#\\\/schema\\\/logo\\\/image\\\/\",\"url\":\"https:\\\/\\\/www.blindtrapper.com\\\/wp-content\\\/uploads\\\/2023\\\/05\\\/nature-svgrepo-com.png\",\"contentUrl\":\"https:\\\/\\\/www.blindtrapper.com\\\/wp-content\\\/uploads\\\/2023\\\/05\\\/nature-svgrepo-com.png\",\"width\":256,\"height\":256,\"caption\":\"Blind Trapper Holistic Foods\"},\"image\":{\"@id\":\"https:\\\/\\\/www.blindtrapper.com\\\/#\\\/schema\\\/logo\\\/image\\\/\"},\"sameAs\":[\"https:\\\/\\\/www.facebook.com\\\/BlindTrapper\\\/\",\"https:\\\/\\\/instagram.com\\\/blindtrapperholisticfoods\"]}]}<\/script>\n<!-- \/ Yoast SEO plugin. -->","yoast_head_json":{"title":"High Bush Cranberries - Blind Trapper Holistic Foods","robots":{"index":"index","follow":"follow","max-snippet":"max-snippet:-1","max-image-preview":"max-image-preview:large","max-video-preview":"max-video-preview:-1"},"canonical":"https:\/\/www.blindtrapper.com\/fr\/produit\/high-bush-cranberries\/","og_locale":"fr_CA","og_type":"article","og_title":"High Bush Cranberries - Blind Trapper Holistic Foods","og_description":"High Bush Cranberries (Viburnum Trilobum) grow abundantly along the watersheds of the Delta. This fast-growing shrub produces a fruit that was used as a food source and is high in Vitamin A, C and K. Bush Cranberry was traditionally used as a woman's medicine. The bark was peeled from a green tree and made into a tea. We offer dried high bush cranberry bark and packages of dry berries and fresh berries when in season. High bush cranberries are harvested in mid- autumn.","og_url":"https:\/\/www.blindtrapper.com\/fr\/produit\/high-bush-cranberries\/","og_site_name":"Blind Trapper Holistic Foods","article_publisher":"https:\/\/www.facebook.com\/BlindTrapper\/","article_modified_time":"2024-05-01T20:24:56+00:00","og_image":[{"width":1080,"height":869,"url":"https:\/\/www.blindtrapper.com\/wp-content\/uploads\/2023\/10\/Highbush-Cranberry.jpg","type":"image\/jpeg"}],"twitter_card":"summary_large_image","schema":{"@context":"https:\/\/schema.org","@graph":[{"@type":"WebPage","@id":"https:\/\/www.blindtrapper.com\/product\/high-bush-cranberries\/","url":"https:\/\/www.blindtrapper.com\/product\/high-bush-cranberries\/","name":"High Bush Cranberries - Blind Trapper Holistic Foods","isPartOf":{"@id":"https:\/\/www.blindtrapper.com\/#website"},"primaryImageOfPage":{"@id":"https:\/\/www.blindtrapper.com\/product\/high-bush-cranberries\/#primaryimage"},"image":{"@id":"https:\/\/www.blindtrapper.com\/product\/high-bush-cranberries\/#primaryimage"},"thumbnailUrl":"https:\/\/www.blindtrapper.com\/wp-content\/uploads\/2023\/10\/Highbush-Cranberry.jpg","datePublished":"2023-10-02T17:26:18+00:00","dateModified":"2024-05-01T20:24:56+00:00","breadcrumb":{"@id":"https:\/\/www.blindtrapper.com\/product\/high-bush-cranberries\/#breadcrumb"},"inLanguage":"fr-CA","potentialAction":[{"@type":"ReadAction","target":["https:\/\/www.blindtrapper.com\/product\/high-bush-cranberries\/"]}]},{"@type":"ImageObject","inLanguage":"fr-CA","@id":"https:\/\/www.blindtrapper.com\/product\/high-bush-cranberries\/#primaryimage","url":"https:\/\/www.blindtrapper.com\/wp-content\/uploads\/2023\/10\/Highbush-Cranberry.jpg","contentUrl":"https:\/\/www.blindtrapper.com\/wp-content\/uploads\/2023\/10\/Highbush-Cranberry.jpg","width":1080,"height":869,"caption":"Highbush cranberry bunches growing on a tree"},{"@type":"BreadcrumbList","@id":"https:\/\/www.blindtrapper.com\/product\/high-bush-cranberries\/#breadcrumb","itemListElement":[{"@type":"ListItem","position":1,"name":"Home","item":"https:\/\/www.blindtrapper.com\/"},{"@type":"ListItem","position":2,"name":"Online Shop","item":"https:\/\/www.blindtrapper.com\/holistic-food-shop-online-canada\/"},{"@type":"ListItem","position":3,"name":"High Bush Cranberries"}]},{"@type":"WebSite","@id":"https:\/\/www.blindtrapper.com\/#website","url":"https:\/\/www.blindtrapper.com\/","name":"Blind Trapper Holistic Foods","description":"Fournisseur canadien d&#039;aliments holistiques","publisher":{"@id":"https:\/\/www.blindtrapper.com\/#organization"},"potentialAction":[{"@type":"SearchAction","target":{"@type":"EntryPoint","urlTemplate":"https:\/\/www.blindtrapper.com\/?s={search_term_string}"},"query-input":{"@type":"PropertyValueSpecification","valueRequired":true,"valueName":"search_term_string"}}],"inLanguage":"fr-CA"},{"@type":"Organization","@id":"https:\/\/www.blindtrapper.com\/#organization","name":"Blind Trapper Holistic Foods","url":"https:\/\/www.blindtrapper.com\/","logo":{"@type":"ImageObject","inLanguage":"fr-CA","@id":"https:\/\/www.blindtrapper.com\/#\/schema\/logo\/image\/","url":"https:\/\/www.blindtrapper.com\/wp-content\/uploads\/2023\/05\/nature-svgrepo-com.png","contentUrl":"https:\/\/www.blindtrapper.com\/wp-content\/uploads\/2023\/05\/nature-svgrepo-com.png","width":256,"height":256,"caption":"Blind Trapper Holistic Foods"},"image":{"@id":"https:\/\/www.blindtrapper.com\/#\/schema\/logo\/image\/"},"sameAs":["https:\/\/www.facebook.com\/BlindTrapper\/","https:\/\/instagram.com\/blindtrapperholisticfoods"]}]}},"_links":{"self":[{"href":"https:\/\/www.blindtrapper.com\/fr\/wp-json\/wp\/v2\/product\/1317","targetHints":{"allow":["GET"]}}],"collection":[{"href":"https:\/\/www.blindtrapper.com\/fr\/wp-json\/wp\/v2\/product"}],"about":[{"href":"https:\/\/www.blindtrapper.com\/fr\/wp-json\/wp\/v2\/types\/product"}],"wp:featuredmedia":[{"embeddable":true,"href":"https:\/\/www.blindtrapper.com\/fr\/wp-json\/wp\/v2\/media\/1265"}],"wp:attachment":[{"href":"https:\/\/www.blindtrapper.com\/fr\/wp-json\/wp\/v2\/media?parent=1317"}],"wp:term":[{"taxonomy":"product_brand","embeddable":true,"href":"https:\/\/www.blindtrapper.com\/fr\/wp-json\/wp\/v2\/product_brand?post=1317"},{"taxonomy":"product_cat","embeddable":true,"href":"https:\/\/www.blindtrapper.com\/fr\/wp-json\/wp\/v2\/product_cat?post=1317"},{"taxonomy":"product_tag","embeddable":true,"href":"https:\/\/www.blindtrapper.com\/fr\/wp-json\/wp\/v2\/product_tag?post=1317"}],"curies":[{"name":"wp","href":"https:\/\/api.w.org\/{rel}","templated":true}]}}