{"id":1313,"date":"2023-10-02T11:21:22","date_gmt":"2023-10-02T17:21:22","guid":{"rendered":"https:\/\/www.blindtrapper.com\/?post_type=product&#038;p=1313"},"modified":"2024-05-01T14:34:13","modified_gmt":"2024-05-01T20:34:13","slug":"fireweed","status":"publish","type":"product","link":"https:\/\/www.blindtrapper.com\/fr\/produit\/fireweed\/","title":{"rendered":"\u00c9pilobe \u00e0 feuilles \u00e9troites"},"content":{"rendered":"<p class=\"h3 dropcap-text\">On trouve des parcelles d&#039;\u00e9pilobe \u00e0 feuilles \u00e9troites (Epilobium angustifolium) dans tout le delta, et elles poussent abondamment apr\u00e8s un incendie.<\/p>\n<div class=\"outdent-content\">\n<p><img loading=\"lazy\" decoding=\"async\" class=\"wp-image-1262 size-medium aligncenter\" src=\"https:\/\/www.blindtrapper.com\/wp-content\/uploads\/2023\/10\/Fireweed-744x1656.jpg\" alt=\"A bee collecting nectar from a flowered fireweed plant\" width=\"744\" height=\"1656\" srcset=\"https:\/\/www.blindtrapper.com\/wp-content\/uploads\/2023\/10\/Fireweed-744x1656.jpg 744w, https:\/\/www.blindtrapper.com\/wp-content\/uploads\/2023\/10\/Fireweed-690x1536.jpg 690w, https:\/\/www.blindtrapper.com\/wp-content\/uploads\/2023\/10\/Fireweed-920x2048.jpg 920w, https:\/\/www.blindtrapper.com\/wp-content\/uploads\/2023\/10\/Fireweed-600x1336.jpg 600w, https:\/\/www.blindtrapper.com\/wp-content\/uploads\/2023\/10\/Fireweed.jpg 1080w\" sizes=\"auto, (max-width: 744px) 100vw, 744px\" \/><\/p>\n<div class=\"text-columns-2\">\nTraditionnellement utilis\u00e9e pour soulager l&#039;inflammation, les gonflements et la douleur, l&#039;\u00e9pilobe est riche en vitamines A, C, D et E et contient plusieurs min\u00e9raux b\u00e9n\u00e9fiques. Nous proposons de l&#039;\u00e9pilobe moulu et de l&#039;\u00e9pilobe ferment\u00e9 moulu. Notre \u00e9pilobe est r\u00e9colt\u00e9 en pleine floraison.<\/div>\n<\/div>","protected":false},"excerpt":{"rendered":"<div class=\"entry-summary\">\n<div class=\"entry-summary\">\nOn trouve des parcelles d&#039;\u00e9pilobe \u00e0 feuilles \u00e9troites (Epilobium angustifolium) dans tout le Delta, et cette plante pousse abondamment apr\u00e8s un incendie. Elle est traditionnellement utilis\u00e9e pour soulager les inflammations, les gonflements et la douleur. L&#039;\u00e9pilobe est riche en vitamines A, C, D et E et contient plusieurs min\u00e9raux b\u00e9n\u00e9fiques. Nous proposons de l&#039;\u00e9pilobe moulu et de l&#039;\u00e9pilobe ferment\u00e9 moulu. Notre \u00e9pilobe est r\u00e9colt\u00e9 en pleine floraison.\n<\/div>\n<\/div>","protected":false},"featured_media":1262,"template":"","meta":{"_acf_changed":false},"product_brand":[],"product_cat":[76],"product_tag":[],"class_list":{"0":"post-1313","1":"product","2":"type-product","3":"status-publish","4":"has-post-thumbnail","6":"product_cat-dried-herbs","8":"first","9":"instock","10":"shipping-taxable","11":"purchasable","12":"product-type-variable","13":"has-default-attributes","14":"entry"},"acf":[],"yoast_head":"<!-- This site is optimized with the Yoast SEO plugin v27.4 - https:\/\/yoast.com\/product\/yoast-seo-wordpress\/ -->\n<title>Fireweed - Blind Trapper Holistic Foods<\/title>\n<meta name=\"robots\" content=\"index, follow, max-snippet:-1, max-image-preview:large, max-video-preview:-1\" \/>\n<link rel=\"canonical\" href=\"https:\/\/www.blindtrapper.com\/fr\/produit\/fireweed\/\" \/>\n<meta property=\"og:locale\" content=\"fr_CA\" \/>\n<meta property=\"og:type\" content=\"article\" \/>\n<meta property=\"og:title\" content=\"Fireweed - Blind Trapper Holistic Foods\" \/>\n<meta property=\"og:description\" content=\"Patches of Fireweed (Epilobium Angustifolium) are found across the Delta, and it grows abundantly after a fire. It has been traditionally used for inflammation, swelling, and pain control. Fireweed is high in vitamin A, C, D and E and contains several beneficial minerals. We offer ground fireweed and ground fermented fireweed. Our fireweed is harvested when it&#039;s in full bloom.\" \/>\n<meta property=\"og:url\" content=\"https:\/\/www.blindtrapper.com\/fr\/produit\/fireweed\/\" \/>\n<meta property=\"og:site_name\" content=\"Blind Trapper Holistic Foods\" \/>\n<meta property=\"article:publisher\" content=\"https:\/\/www.facebook.com\/BlindTrapper\/\" \/>\n<meta property=\"article:modified_time\" content=\"2024-05-01T20:34:13+00:00\" \/>\n<meta property=\"og:image\" content=\"https:\/\/www.blindtrapper.com\/wp-content\/uploads\/2023\/10\/Fireweed.jpg\" \/>\n\t<meta property=\"og:image:width\" content=\"1080\" \/>\n\t<meta property=\"og:image:height\" content=\"2404\" \/>\n\t<meta property=\"og:image:type\" content=\"image\/jpeg\" \/>\n<meta name=\"twitter:card\" content=\"summary_large_image\" \/>\n<script type=\"application\/ld+json\" class=\"yoast-schema-graph\">{\"@context\":\"https:\\\/\\\/schema.org\",\"@graph\":[{\"@type\":\"WebPage\",\"@id\":\"https:\\\/\\\/www.blindtrapper.com\\\/product\\\/fireweed\\\/\",\"url\":\"https:\\\/\\\/www.blindtrapper.com\\\/product\\\/fireweed\\\/\",\"name\":\"Fireweed - Blind Trapper Holistic Foods\",\"isPartOf\":{\"@id\":\"https:\\\/\\\/www.blindtrapper.com\\\/#website\"},\"primaryImageOfPage\":{\"@id\":\"https:\\\/\\\/www.blindtrapper.com\\\/product\\\/fireweed\\\/#primaryimage\"},\"image\":{\"@id\":\"https:\\\/\\\/www.blindtrapper.com\\\/product\\\/fireweed\\\/#primaryimage\"},\"thumbnailUrl\":\"https:\\\/\\\/www.blindtrapper.com\\\/wp-content\\\/uploads\\\/2023\\\/10\\\/Fireweed.jpg\",\"datePublished\":\"2023-10-02T17:21:22+00:00\",\"dateModified\":\"2024-05-01T20:34:13+00:00\",\"breadcrumb\":{\"@id\":\"https:\\\/\\\/www.blindtrapper.com\\\/product\\\/fireweed\\\/#breadcrumb\"},\"inLanguage\":\"fr-CA\",\"potentialAction\":[{\"@type\":\"ReadAction\",\"target\":[\"https:\\\/\\\/www.blindtrapper.com\\\/product\\\/fireweed\\\/\"]}]},{\"@type\":\"ImageObject\",\"inLanguage\":\"fr-CA\",\"@id\":\"https:\\\/\\\/www.blindtrapper.com\\\/product\\\/fireweed\\\/#primaryimage\",\"url\":\"https:\\\/\\\/www.blindtrapper.com\\\/wp-content\\\/uploads\\\/2023\\\/10\\\/Fireweed.jpg\",\"contentUrl\":\"https:\\\/\\\/www.blindtrapper.com\\\/wp-content\\\/uploads\\\/2023\\\/10\\\/Fireweed.jpg\",\"width\":1080,\"height\":2404,\"caption\":\"A bee collecting nectar from a flowered fireweed plant\"},{\"@type\":\"BreadcrumbList\",\"@id\":\"https:\\\/\\\/www.blindtrapper.com\\\/product\\\/fireweed\\\/#breadcrumb\",\"itemListElement\":[{\"@type\":\"ListItem\",\"position\":1,\"name\":\"Home\",\"item\":\"https:\\\/\\\/www.blindtrapper.com\\\/\"},{\"@type\":\"ListItem\",\"position\":2,\"name\":\"Online Shop\",\"item\":\"https:\\\/\\\/www.blindtrapper.com\\\/holistic-food-shop-online-canada\\\/\"},{\"@type\":\"ListItem\",\"position\":3,\"name\":\"Fireweed\"}]},{\"@type\":\"WebSite\",\"@id\":\"https:\\\/\\\/www.blindtrapper.com\\\/#website\",\"url\":\"https:\\\/\\\/www.blindtrapper.com\\\/\",\"name\":\"Blind Trapper Holistic Foods\",\"description\":\"Canadian Holistic Food Supplier\",\"publisher\":{\"@id\":\"https:\\\/\\\/www.blindtrapper.com\\\/#organization\"},\"potentialAction\":[{\"@type\":\"SearchAction\",\"target\":{\"@type\":\"EntryPoint\",\"urlTemplate\":\"https:\\\/\\\/www.blindtrapper.com\\\/?s={search_term_string}\"},\"query-input\":{\"@type\":\"PropertyValueSpecification\",\"valueRequired\":true,\"valueName\":\"search_term_string\"}}],\"inLanguage\":\"fr-CA\"},{\"@type\":\"Organization\",\"@id\":\"https:\\\/\\\/www.blindtrapper.com\\\/#organization\",\"name\":\"Blind Trapper Holistic Foods\",\"url\":\"https:\\\/\\\/www.blindtrapper.com\\\/\",\"logo\":{\"@type\":\"ImageObject\",\"inLanguage\":\"fr-CA\",\"@id\":\"https:\\\/\\\/www.blindtrapper.com\\\/#\\\/schema\\\/logo\\\/image\\\/\",\"url\":\"https:\\\/\\\/www.blindtrapper.com\\\/wp-content\\\/uploads\\\/2023\\\/05\\\/nature-svgrepo-com.png\",\"contentUrl\":\"https:\\\/\\\/www.blindtrapper.com\\\/wp-content\\\/uploads\\\/2023\\\/05\\\/nature-svgrepo-com.png\",\"width\":256,\"height\":256,\"caption\":\"Blind Trapper Holistic Foods\"},\"image\":{\"@id\":\"https:\\\/\\\/www.blindtrapper.com\\\/#\\\/schema\\\/logo\\\/image\\\/\"},\"sameAs\":[\"https:\\\/\\\/www.facebook.com\\\/BlindTrapper\\\/\",\"https:\\\/\\\/instagram.com\\\/blindtrapperholisticfoods\"]}]}<\/script>\n<!-- \/ Yoast SEO plugin. -->","yoast_head_json":{"title":"Fireweed - Blind Trapper Holistic Foods","robots":{"index":"index","follow":"follow","max-snippet":"max-snippet:-1","max-image-preview":"max-image-preview:large","max-video-preview":"max-video-preview:-1"},"canonical":"https:\/\/www.blindtrapper.com\/fr\/produit\/fireweed\/","og_locale":"fr_CA","og_type":"article","og_title":"Fireweed - Blind Trapper Holistic Foods","og_description":"Patches of Fireweed (Epilobium Angustifolium) are found across the Delta, and it grows abundantly after a fire. It has been traditionally used for inflammation, swelling, and pain control. Fireweed is high in vitamin A, C, D and E and contains several beneficial minerals. We offer ground fireweed and ground fermented fireweed. Our fireweed is harvested when it's in full bloom.","og_url":"https:\/\/www.blindtrapper.com\/fr\/produit\/fireweed\/","og_site_name":"Blind Trapper Holistic Foods","article_publisher":"https:\/\/www.facebook.com\/BlindTrapper\/","article_modified_time":"2024-05-01T20:34:13+00:00","og_image":[{"width":1080,"height":2404,"url":"https:\/\/www.blindtrapper.com\/wp-content\/uploads\/2023\/10\/Fireweed.jpg","type":"image\/jpeg"}],"twitter_card":"summary_large_image","schema":{"@context":"https:\/\/schema.org","@graph":[{"@type":"WebPage","@id":"https:\/\/www.blindtrapper.com\/product\/fireweed\/","url":"https:\/\/www.blindtrapper.com\/product\/fireweed\/","name":"Fireweed - Blind Trapper Holistic Foods","isPartOf":{"@id":"https:\/\/www.blindtrapper.com\/#website"},"primaryImageOfPage":{"@id":"https:\/\/www.blindtrapper.com\/product\/fireweed\/#primaryimage"},"image":{"@id":"https:\/\/www.blindtrapper.com\/product\/fireweed\/#primaryimage"},"thumbnailUrl":"https:\/\/www.blindtrapper.com\/wp-content\/uploads\/2023\/10\/Fireweed.jpg","datePublished":"2023-10-02T17:21:22+00:00","dateModified":"2024-05-01T20:34:13+00:00","breadcrumb":{"@id":"https:\/\/www.blindtrapper.com\/product\/fireweed\/#breadcrumb"},"inLanguage":"fr-CA","potentialAction":[{"@type":"ReadAction","target":["https:\/\/www.blindtrapper.com\/product\/fireweed\/"]}]},{"@type":"ImageObject","inLanguage":"fr-CA","@id":"https:\/\/www.blindtrapper.com\/product\/fireweed\/#primaryimage","url":"https:\/\/www.blindtrapper.com\/wp-content\/uploads\/2023\/10\/Fireweed.jpg","contentUrl":"https:\/\/www.blindtrapper.com\/wp-content\/uploads\/2023\/10\/Fireweed.jpg","width":1080,"height":2404,"caption":"A bee collecting nectar from a flowered fireweed plant"},{"@type":"BreadcrumbList","@id":"https:\/\/www.blindtrapper.com\/product\/fireweed\/#breadcrumb","itemListElement":[{"@type":"ListItem","position":1,"name":"Home","item":"https:\/\/www.blindtrapper.com\/"},{"@type":"ListItem","position":2,"name":"Online Shop","item":"https:\/\/www.blindtrapper.com\/holistic-food-shop-online-canada\/"},{"@type":"ListItem","position":3,"name":"Fireweed"}]},{"@type":"WebSite","@id":"https:\/\/www.blindtrapper.com\/#website","url":"https:\/\/www.blindtrapper.com\/","name":"Blind Trapper Holistic Foods","description":"Fournisseur canadien d&#039;aliments holistiques","publisher":{"@id":"https:\/\/www.blindtrapper.com\/#organization"},"potentialAction":[{"@type":"SearchAction","target":{"@type":"EntryPoint","urlTemplate":"https:\/\/www.blindtrapper.com\/?s={search_term_string}"},"query-input":{"@type":"PropertyValueSpecification","valueRequired":true,"valueName":"search_term_string"}}],"inLanguage":"fr-CA"},{"@type":"Organization","@id":"https:\/\/www.blindtrapper.com\/#organization","name":"Blind Trapper Holistic Foods","url":"https:\/\/www.blindtrapper.com\/","logo":{"@type":"ImageObject","inLanguage":"fr-CA","@id":"https:\/\/www.blindtrapper.com\/#\/schema\/logo\/image\/","url":"https:\/\/www.blindtrapper.com\/wp-content\/uploads\/2023\/05\/nature-svgrepo-com.png","contentUrl":"https:\/\/www.blindtrapper.com\/wp-content\/uploads\/2023\/05\/nature-svgrepo-com.png","width":256,"height":256,"caption":"Blind Trapper Holistic Foods"},"image":{"@id":"https:\/\/www.blindtrapper.com\/#\/schema\/logo\/image\/"},"sameAs":["https:\/\/www.facebook.com\/BlindTrapper\/","https:\/\/instagram.com\/blindtrapperholisticfoods"]}]}},"_links":{"self":[{"href":"https:\/\/www.blindtrapper.com\/fr\/wp-json\/wp\/v2\/product\/1313","targetHints":{"allow":["GET"]}}],"collection":[{"href":"https:\/\/www.blindtrapper.com\/fr\/wp-json\/wp\/v2\/product"}],"about":[{"href":"https:\/\/www.blindtrapper.com\/fr\/wp-json\/wp\/v2\/types\/product"}],"wp:featuredmedia":[{"embeddable":true,"href":"https:\/\/www.blindtrapper.com\/fr\/wp-json\/wp\/v2\/media\/1262"}],"wp:attachment":[{"href":"https:\/\/www.blindtrapper.com\/fr\/wp-json\/wp\/v2\/media?parent=1313"}],"wp:term":[{"taxonomy":"product_brand","embeddable":true,"href":"https:\/\/www.blindtrapper.com\/fr\/wp-json\/wp\/v2\/product_brand?post=1313"},{"taxonomy":"product_cat","embeddable":true,"href":"https:\/\/www.blindtrapper.com\/fr\/wp-json\/wp\/v2\/product_cat?post=1313"},{"taxonomy":"product_tag","embeddable":true,"href":"https:\/\/www.blindtrapper.com\/fr\/wp-json\/wp\/v2\/product_tag?post=1313"}],"curies":[{"name":"wp","href":"https:\/\/api.w.org\/{rel}","templated":true}]}}