{"id":1307,"date":"2023-10-02T11:15:10","date_gmt":"2023-10-02T17:15:10","guid":{"rendered":"https:\/\/www.blindtrapper.com\/?post_type=product&#038;p=1307"},"modified":"2024-05-01T14:34:04","modified_gmt":"2024-05-01T20:34:04","slug":"common-plantain","status":"publish","type":"product","link":"https:\/\/www.blindtrapper.com\/fr\/produit\/common-plantain\/","title":{"rendered":"Plantain commun"},"content":{"rendered":"<p class=\"h3 dropcap-text\">Le plantain commun (Plantago Major) est une autre plante non indig\u00e8ne des Premi\u00e8res Nations du Delta. On l&#039;appelait \u00ab\u00a0empreintes de l&#039;homme blanc\u00a0\u00bb, car ses graines semblent suivre les traces des chariots \u00e0 travers le Canada. <\/p>\n<div class=\"outdent-content\">\n<p><img loading=\"lazy\" decoding=\"async\" class=\"wp-image-1258 size-medium aligncenter\" src=\"https:\/\/www.blindtrapper.com\/wp-content\/uploads\/2023\/10\/Common-Plantain-744x1042.jpg\" alt=\"Closeup picture of a common plantain\" width=\"744\" height=\"1042\" srcset=\"https:\/\/www.blindtrapper.com\/wp-content\/uploads\/2023\/10\/Common-Plantain-744x1042.jpg 744w, https:\/\/www.blindtrapper.com\/wp-content\/uploads\/2023\/10\/Common-Plantain-600x840.jpg 600w, https:\/\/www.blindtrapper.com\/wp-content\/uploads\/2023\/10\/Common-Plantain.jpg 1080w\" sizes=\"auto, (max-width: 744px) 100vw, 744px\" \/><\/p>\n<div class=\"text-columns-2\">\n<p>Le plantain est une excellente source alimentaire consomm\u00e9 frais. Riche en prot\u00e9ines, il contient de nombreuses vitamines et min\u00e9raux b\u00e9n\u00e9fiques et est consid\u00e9r\u00e9 comme une plante m\u00e9dicinale. Il est utilis\u00e9 pour soulager les douleurs abdominales, les irritations de la peau, des cheveux, des os et des articulations, ainsi que pour soigner les piq\u00fbres d&#039;insectes. Il soulage \u00e9galement les irritations dues aux br\u00fblures et aux allergies. On peut le boire en tisane, le m\u00e9langer \u00e0 des sauces ou des smoothies, ou l&#039;infuser dans des huiles pour cr\u00e9er d&#039;excellentes cr\u00e8mes m\u00e9dicinales. Nous proposons du plantain moulu et en poudre. Notre plantain est r\u00e9colt\u00e9 d\u00e8s l&#039;apparition des \u00e9pis.<\/p>\n<\/div>\n<\/div>","protected":false},"excerpt":{"rendered":"<div class=\"entry-summary\">\n<div class=\"entry-summary\">\nLe plantain commun (Plantago Major) est une autre plante non indig\u00e8ne des Premi\u00e8res Nations du Delta. On l&#039;appelait \u00ab\u00a0empreintes de pas de l&#039;homme blanc\u00a0\u00bb, car ses graines semblent suivre les traces des chariots \u00e0 travers le Canada. Le plantain est une excellente source alimentaire consomm\u00e9 frais. Riche en prot\u00e9ines, il contient de nombreuses vitamines et min\u00e9raux b\u00e9n\u00e9fiques et est consid\u00e9r\u00e9 comme une plante m\u00e9dicinale. Il est utilis\u00e9 pour soulager les douleurs abdominales, les irritations de la peau, des cheveux, des os et des articulations, ainsi que pour soigner les piq\u00fbres d&#039;insectes. Il soulage \u00e9galement les irritations dues aux br\u00fblures et aux allergies. On peut le boire en tisane, le m\u00e9langer \u00e0 des sauces ou des smoothies, ou l&#039;infuser dans des huiles pour cr\u00e9er d&#039;excellentes cr\u00e8mes m\u00e9dicinales. Nous proposons du plantain moulu et en poudre. Notre plantain est r\u00e9colt\u00e9 d\u00e8s l&#039;apparition des \u00e9pis.\n<\/div>\n<\/div>","protected":false},"featured_media":1258,"template":"","meta":{"_acf_changed":false},"product_brand":[],"product_cat":[76],"product_tag":[],"class_list":{"0":"post-1307","1":"product","2":"type-product","3":"status-publish","4":"has-post-thumbnail","6":"product_cat-dried-herbs","8":"first","9":"instock","10":"shipping-taxable","11":"purchasable","12":"product-type-variable","13":"has-default-attributes","14":"entry"},"acf":[],"yoast_head":"<!-- This site is optimized with the Yoast SEO plugin v27.5 - https:\/\/yoast.com\/product\/yoast-seo-wordpress\/ -->\n<title>Common Plantain - Blind Trapper Holistic Foods<\/title>\n<meta name=\"robots\" content=\"index, follow, max-snippet:-1, max-image-preview:large, max-video-preview:-1\" \/>\n<link rel=\"canonical\" href=\"https:\/\/www.blindtrapper.com\/fr\/produit\/common-plantain\/\" \/>\n<meta property=\"og:locale\" content=\"fr_CA\" \/>\n<meta property=\"og:type\" content=\"article\" \/>\n<meta property=\"og:title\" content=\"Common Plantain - Blind Trapper Holistic Foods\" \/>\n<meta property=\"og:description\" content=\"Common Plantain (Plantago Major) is another plant that is not indigenous to the Delta first Nations. People called it white man&#039;s footprints as the seed seem to follow the wagon trails across Canada. Plantain is a great food source eaten fresh. It is high in protein, contains many beneficial vitamins and minerals and treated as a medicinal plant. It is used for stomach skin, hair, bone and joint pain irritation as well to heal bug bites. It also helps irritation from burns and allergies. It can be drank as a tea mixed into sauces or smoothies or infused into oils to make great medicinal creams. We offer ground and powdered plantain. Our plantain is harvested once the seed spikes appear.\" \/>\n<meta property=\"og:url\" content=\"https:\/\/www.blindtrapper.com\/fr\/produit\/common-plantain\/\" \/>\n<meta property=\"og:site_name\" content=\"Blind Trapper Holistic Foods\" \/>\n<meta property=\"article:publisher\" content=\"https:\/\/www.facebook.com\/BlindTrapper\/\" \/>\n<meta property=\"article:modified_time\" content=\"2024-05-01T20:34:04+00:00\" \/>\n<meta property=\"og:image\" content=\"https:\/\/www.blindtrapper.com\/wp-content\/uploads\/2023\/10\/Common-Plantain.jpg\" \/>\n\t<meta property=\"og:image:width\" content=\"1080\" \/>\n\t<meta property=\"og:image:height\" content=\"1512\" \/>\n\t<meta property=\"og:image:type\" content=\"image\/jpeg\" \/>\n<meta name=\"twitter:card\" content=\"summary_large_image\" \/>\n<meta name=\"twitter:label1\" content=\"Estimation du temps de lecture\" \/>\n\t<meta name=\"twitter:data1\" content=\"1 minute\" \/>\n<script type=\"application\/ld+json\" class=\"yoast-schema-graph\">{\"@context\":\"https:\\\/\\\/schema.org\",\"@graph\":[{\"@type\":\"WebPage\",\"@id\":\"https:\\\/\\\/www.blindtrapper.com\\\/product\\\/common-plantain\\\/\",\"url\":\"https:\\\/\\\/www.blindtrapper.com\\\/product\\\/common-plantain\\\/\",\"name\":\"Common Plantain - Blind Trapper Holistic Foods\",\"isPartOf\":{\"@id\":\"https:\\\/\\\/www.blindtrapper.com\\\/#website\"},\"primaryImageOfPage\":{\"@id\":\"https:\\\/\\\/www.blindtrapper.com\\\/product\\\/common-plantain\\\/#primaryimage\"},\"image\":{\"@id\":\"https:\\\/\\\/www.blindtrapper.com\\\/product\\\/common-plantain\\\/#primaryimage\"},\"thumbnailUrl\":\"https:\\\/\\\/www.blindtrapper.com\\\/wp-content\\\/uploads\\\/2023\\\/10\\\/Common-Plantain.jpg\",\"datePublished\":\"2023-10-02T17:15:10+00:00\",\"dateModified\":\"2024-05-01T20:34:04+00:00\",\"breadcrumb\":{\"@id\":\"https:\\\/\\\/www.blindtrapper.com\\\/product\\\/common-plantain\\\/#breadcrumb\"},\"inLanguage\":\"fr-CA\",\"potentialAction\":[{\"@type\":\"ReadAction\",\"target\":[\"https:\\\/\\\/www.blindtrapper.com\\\/product\\\/common-plantain\\\/\"]}]},{\"@type\":\"ImageObject\",\"inLanguage\":\"fr-CA\",\"@id\":\"https:\\\/\\\/www.blindtrapper.com\\\/product\\\/common-plantain\\\/#primaryimage\",\"url\":\"https:\\\/\\\/www.blindtrapper.com\\\/wp-content\\\/uploads\\\/2023\\\/10\\\/Common-Plantain.jpg\",\"contentUrl\":\"https:\\\/\\\/www.blindtrapper.com\\\/wp-content\\\/uploads\\\/2023\\\/10\\\/Common-Plantain.jpg\",\"width\":1080,\"height\":1512,\"caption\":\"Closeup picture of a common plantain\"},{\"@type\":\"BreadcrumbList\",\"@id\":\"https:\\\/\\\/www.blindtrapper.com\\\/product\\\/common-plantain\\\/#breadcrumb\",\"itemListElement\":[{\"@type\":\"ListItem\",\"position\":1,\"name\":\"Home\",\"item\":\"https:\\\/\\\/www.blindtrapper.com\\\/\"},{\"@type\":\"ListItem\",\"position\":2,\"name\":\"Online Shop\",\"item\":\"https:\\\/\\\/www.blindtrapper.com\\\/holistic-food-shop-online-canada\\\/\"},{\"@type\":\"ListItem\",\"position\":3,\"name\":\"Common Plantain\"}]},{\"@type\":\"WebSite\",\"@id\":\"https:\\\/\\\/www.blindtrapper.com\\\/#website\",\"url\":\"https:\\\/\\\/www.blindtrapper.com\\\/\",\"name\":\"Blind Trapper Holistic Foods\",\"description\":\"Canadian Holistic Food Supplier\",\"publisher\":{\"@id\":\"https:\\\/\\\/www.blindtrapper.com\\\/#organization\"},\"potentialAction\":[{\"@type\":\"SearchAction\",\"target\":{\"@type\":\"EntryPoint\",\"urlTemplate\":\"https:\\\/\\\/www.blindtrapper.com\\\/?s={search_term_string}\"},\"query-input\":{\"@type\":\"PropertyValueSpecification\",\"valueRequired\":true,\"valueName\":\"search_term_string\"}}],\"inLanguage\":\"fr-CA\"},{\"@type\":\"Organization\",\"@id\":\"https:\\\/\\\/www.blindtrapper.com\\\/#organization\",\"name\":\"Blind Trapper Holistic Foods\",\"url\":\"https:\\\/\\\/www.blindtrapper.com\\\/\",\"logo\":{\"@type\":\"ImageObject\",\"inLanguage\":\"fr-CA\",\"@id\":\"https:\\\/\\\/www.blindtrapper.com\\\/#\\\/schema\\\/logo\\\/image\\\/\",\"url\":\"https:\\\/\\\/www.blindtrapper.com\\\/wp-content\\\/uploads\\\/2023\\\/05\\\/nature-svgrepo-com.png\",\"contentUrl\":\"https:\\\/\\\/www.blindtrapper.com\\\/wp-content\\\/uploads\\\/2023\\\/05\\\/nature-svgrepo-com.png\",\"width\":256,\"height\":256,\"caption\":\"Blind Trapper Holistic Foods\"},\"image\":{\"@id\":\"https:\\\/\\\/www.blindtrapper.com\\\/#\\\/schema\\\/logo\\\/image\\\/\"},\"sameAs\":[\"https:\\\/\\\/www.facebook.com\\\/BlindTrapper\\\/\",\"https:\\\/\\\/instagram.com\\\/blindtrapperholisticfoods\"]}]}<\/script>\n<!-- \/ Yoast SEO plugin. -->","yoast_head_json":{"title":"Plantain commun - Blind Trapper Holistic Foods","robots":{"index":"index","follow":"follow","max-snippet":"max-snippet:-1","max-image-preview":"max-image-preview:large","max-video-preview":"max-video-preview:-1"},"canonical":"https:\/\/www.blindtrapper.com\/fr\/produit\/common-plantain\/","og_locale":"fr_CA","og_type":"article","og_title":"Common Plantain - Blind Trapper Holistic Foods","og_description":"Common Plantain (Plantago Major) is another plant that is not indigenous to the Delta first Nations. People called it white man's footprints as the seed seem to follow the wagon trails across Canada. Plantain is a great food source eaten fresh. It is high in protein, contains many beneficial vitamins and minerals and treated as a medicinal plant. It is used for stomach skin, hair, bone and joint pain irritation as well to heal bug bites. It also helps irritation from burns and allergies. It can be drank as a tea mixed into sauces or smoothies or infused into oils to make great medicinal creams. We offer ground and powdered plantain. Our plantain is harvested once the seed spikes appear.","og_url":"https:\/\/www.blindtrapper.com\/fr\/produit\/common-plantain\/","og_site_name":"Blind Trapper Holistic Foods","article_publisher":"https:\/\/www.facebook.com\/BlindTrapper\/","article_modified_time":"2024-05-01T20:34:04+00:00","og_image":[{"width":1080,"height":1512,"url":"https:\/\/www.blindtrapper.com\/wp-content\/uploads\/2023\/10\/Common-Plantain.jpg","type":"image\/jpeg"}],"twitter_card":"summary_large_image","twitter_misc":{"Estimation du temps de lecture":"1 minute"},"schema":{"@context":"https:\/\/schema.org","@graph":[{"@type":"WebPage","@id":"https:\/\/www.blindtrapper.com\/product\/common-plantain\/","url":"https:\/\/www.blindtrapper.com\/product\/common-plantain\/","name":"Plantain commun - Blind Trapper Holistic Foods","isPartOf":{"@id":"https:\/\/www.blindtrapper.com\/#website"},"primaryImageOfPage":{"@id":"https:\/\/www.blindtrapper.com\/product\/common-plantain\/#primaryimage"},"image":{"@id":"https:\/\/www.blindtrapper.com\/product\/common-plantain\/#primaryimage"},"thumbnailUrl":"https:\/\/www.blindtrapper.com\/wp-content\/uploads\/2023\/10\/Common-Plantain.jpg","datePublished":"2023-10-02T17:15:10+00:00","dateModified":"2024-05-01T20:34:04+00:00","breadcrumb":{"@id":"https:\/\/www.blindtrapper.com\/product\/common-plantain\/#breadcrumb"},"inLanguage":"fr-CA","potentialAction":[{"@type":"ReadAction","target":["https:\/\/www.blindtrapper.com\/product\/common-plantain\/"]}]},{"@type":"ImageObject","inLanguage":"fr-CA","@id":"https:\/\/www.blindtrapper.com\/product\/common-plantain\/#primaryimage","url":"https:\/\/www.blindtrapper.com\/wp-content\/uploads\/2023\/10\/Common-Plantain.jpg","contentUrl":"https:\/\/www.blindtrapper.com\/wp-content\/uploads\/2023\/10\/Common-Plantain.jpg","width":1080,"height":1512,"caption":"Closeup picture of a common plantain"},{"@type":"BreadcrumbList","@id":"https:\/\/www.blindtrapper.com\/product\/common-plantain\/#breadcrumb","itemListElement":[{"@type":"ListItem","position":1,"name":"Home","item":"https:\/\/www.blindtrapper.com\/"},{"@type":"ListItem","position":2,"name":"Online Shop","item":"https:\/\/www.blindtrapper.com\/holistic-food-shop-online-canada\/"},{"@type":"ListItem","position":3,"name":"Common Plantain"}]},{"@type":"WebSite","@id":"https:\/\/www.blindtrapper.com\/#website","url":"https:\/\/www.blindtrapper.com\/","name":"Blind Trapper Holistic Foods","description":"Fournisseur canadien d&#039;aliments holistiques","publisher":{"@id":"https:\/\/www.blindtrapper.com\/#organization"},"potentialAction":[{"@type":"SearchAction","target":{"@type":"EntryPoint","urlTemplate":"https:\/\/www.blindtrapper.com\/?s={search_term_string}"},"query-input":{"@type":"PropertyValueSpecification","valueRequired":true,"valueName":"search_term_string"}}],"inLanguage":"fr-CA"},{"@type":"Organization","@id":"https:\/\/www.blindtrapper.com\/#organization","name":"Blind Trapper Holistic Foods","url":"https:\/\/www.blindtrapper.com\/","logo":{"@type":"ImageObject","inLanguage":"fr-CA","@id":"https:\/\/www.blindtrapper.com\/#\/schema\/logo\/image\/","url":"https:\/\/www.blindtrapper.com\/wp-content\/uploads\/2023\/05\/nature-svgrepo-com.png","contentUrl":"https:\/\/www.blindtrapper.com\/wp-content\/uploads\/2023\/05\/nature-svgrepo-com.png","width":256,"height":256,"caption":"Blind Trapper Holistic Foods"},"image":{"@id":"https:\/\/www.blindtrapper.com\/#\/schema\/logo\/image\/"},"sameAs":["https:\/\/www.facebook.com\/BlindTrapper\/","https:\/\/instagram.com\/blindtrapperholisticfoods"]}]}},"_links":{"self":[{"href":"https:\/\/www.blindtrapper.com\/fr\/wp-json\/wp\/v2\/product\/1307","targetHints":{"allow":["GET"]}}],"collection":[{"href":"https:\/\/www.blindtrapper.com\/fr\/wp-json\/wp\/v2\/product"}],"about":[{"href":"https:\/\/www.blindtrapper.com\/fr\/wp-json\/wp\/v2\/types\/product"}],"wp:featuredmedia":[{"embeddable":true,"href":"https:\/\/www.blindtrapper.com\/fr\/wp-json\/wp\/v2\/media\/1258"}],"wp:attachment":[{"href":"https:\/\/www.blindtrapper.com\/fr\/wp-json\/wp\/v2\/media?parent=1307"}],"wp:term":[{"taxonomy":"product_brand","embeddable":true,"href":"https:\/\/www.blindtrapper.com\/fr\/wp-json\/wp\/v2\/product_brand?post=1307"},{"taxonomy":"product_cat","embeddable":true,"href":"https:\/\/www.blindtrapper.com\/fr\/wp-json\/wp\/v2\/product_cat?post=1307"},{"taxonomy":"product_tag","embeddable":true,"href":"https:\/\/www.blindtrapper.com\/fr\/wp-json\/wp\/v2\/product_tag?post=1307"}],"curies":[{"name":"wp","href":"https:\/\/api.w.org\/{rel}","templated":true}]}}