{"id":1303,"date":"2023-10-02T11:10:56","date_gmt":"2023-10-02T17:10:56","guid":{"rendered":"https:\/\/www.blindtrapper.com\/?post_type=product&#038;p=1303"},"modified":"2024-11-15T12:09:12","modified_gmt":"2024-11-15T18:09:12","slug":"choke-cherries","status":"publish","type":"product","link":"https:\/\/www.blindtrapper.com\/fr\/produit\/choke-cherries\/","title":{"rendered":"Cerises de Virginie"},"content":{"rendered":"<p class=\"h3 dropcap-text\">Le Delta abrite des millions de livres de cerisiers de Virginie (Prunus Virginiana) qui sont produits chaque \u00e9t\u00e9.<\/p>\n<div class=\"outdent-content\">\n<p><img loading=\"lazy\" decoding=\"async\" class=\"wp-image-1256 size-medium aligncenter\" src=\"https:\/\/www.blindtrapper.com\/wp-content\/uploads\/2023\/10\/Chokecherries-744x558.png\" alt=\"A closeup picture of chokecherries growing on a tree\" width=\"744\" height=\"558\" srcset=\"https:\/\/www.blindtrapper.com\/wp-content\/uploads\/2023\/10\/Chokecherries-744x558.png 744w, https:\/\/www.blindtrapper.com\/wp-content\/uploads\/2023\/10\/Chokecherries-600x450.png 600w, https:\/\/www.blindtrapper.com\/wp-content\/uploads\/2023\/10\/Chokecherries.png 1080w\" sizes=\"auto, (max-width: 744px) 100vw, 744px\" \/><\/p>\n<div class=\"text-columns-2\">\n<p>Elles constituent une source alimentaire importante pour les peuples autochtones et servaient \u00e0 lier leurs m\u00e9langes hivernaux de cerises de Virginie. Elles \u00e9taient \u00e9galement utilis\u00e9es comme stimulant de l&#039;app\u00e9tit et tonique sanguin, et regorgent de min\u00e9raux et de vitamines b\u00e9n\u00e9fiques. Nous proposons des cerises de Virginie s\u00e9ch\u00e9es, des feuilles de cerise de Virginie et de l&#039;\u00e9corce de cerise de Virginie. Les cerises de Virginie sont r\u00e9colt\u00e9es en automne, une fois les fruits m\u00fbrs. Elles ajoutent une saveur savoureuse aux m\u00e9langes de th\u00e9 et peuvent \u00eatre consomm\u00e9es comme compl\u00e9ment alimentaire.<\/p>\n<\/div>\n<\/div>","protected":false},"excerpt":{"rendered":"<div class=\"entry-summary\">\n<div class=\"entry-summary\">\nLe Delta abrite des millions de kilos de cerisiers de Virginie (Prunus Virginiana), produits chaque \u00e9t\u00e9. Ils constituent une source alimentaire importante pour les peuples autochtones et servaient \u00e0 lier leurs m\u00e9langes hivernaux de cerisiers de Virginie. Ils \u00e9taient \u00e9galement utilis\u00e9s comme stimulant de l&#039;app\u00e9tit et tonique sanguin, et regorgent de min\u00e9raux et de vitamines b\u00e9n\u00e9fiques. Nous proposons des cerisiers de Virginie s\u00e9ch\u00e9s, des feuilles de cerisier de Virginie et de l&#039;\u00e9corce de cerisier de Virginie. Les cerisiers de Virginie sont r\u00e9colt\u00e9s en automne, une fois les fruits m\u00fbrs. Ils ajoutent une saveur savoureuse aux m\u00e9langes de th\u00e9 et peuvent \u00eatre consomm\u00e9s comme compl\u00e9ment alimentaire.\n<\/div>\n<\/div>","protected":false},"featured_media":1256,"template":"","meta":{"_acf_changed":false},"product_brand":[],"product_cat":[75],"product_tag":[],"class_list":{"0":"post-1303","1":"product","2":"type-product","3":"status-publish","4":"has-post-thumbnail","6":"product_cat-dried-fruits-mushrooms","8":"first","9":"instock","10":"shipping-taxable","11":"purchasable","12":"product-type-variable","13":"has-default-attributes","14":"entry"},"acf":[],"yoast_head":"<!-- This site is optimized with the Yoast SEO plugin v27.5 - https:\/\/yoast.com\/product\/yoast-seo-wordpress\/ -->\n<title>Choke Cherries - Blind Trapper Holistic Foods<\/title>\n<meta name=\"robots\" content=\"index, follow, max-snippet:-1, max-image-preview:large, max-video-preview:-1\" \/>\n<link rel=\"canonical\" href=\"https:\/\/www.blindtrapper.com\/fr\/produit\/choke-cherries\/\" \/>\n<meta property=\"og:locale\" content=\"fr_CA\" \/>\n<meta property=\"og:type\" content=\"article\" \/>\n<meta property=\"og:title\" content=\"Choke Cherries - Blind Trapper Holistic Foods\" \/>\n<meta property=\"og:description\" content=\"The Delta is home to millions of pounds of Choke Cherries (Prunus Virginiana) that are produced every summer. They are a major food source for indigenous people and were used to bind their winter mix of choke cherries have been used for an appetite stimulant a blood tonic and they&#039;re full of beneficial minerals and vitamins. We offer dried choke cherries, chokecherry leaves and choked cherry bark. Choke cherries are harvested in the autumn when the fruit has ripped. They add a savory taste to tea mixes, and can be eaten as a dietary supplement.\" \/>\n<meta property=\"og:url\" content=\"https:\/\/www.blindtrapper.com\/fr\/produit\/choke-cherries\/\" \/>\n<meta property=\"og:site_name\" content=\"Blind Trapper Holistic Foods\" \/>\n<meta property=\"article:publisher\" content=\"https:\/\/www.facebook.com\/BlindTrapper\/\" \/>\n<meta property=\"article:modified_time\" content=\"2024-11-15T18:09:12+00:00\" \/>\n<meta property=\"og:image\" content=\"https:\/\/www.blindtrapper.com\/wp-content\/uploads\/2023\/10\/Chokecherries.png\" \/>\n\t<meta property=\"og:image:width\" content=\"1080\" \/>\n\t<meta property=\"og:image:height\" content=\"810\" \/>\n\t<meta property=\"og:image:type\" content=\"image\/png\" \/>\n<meta name=\"twitter:card\" content=\"summary_large_image\" \/>\n<meta name=\"twitter:label1\" content=\"Estimation du temps de lecture\" \/>\n\t<meta name=\"twitter:data1\" content=\"1 minute\" \/>\n<script type=\"application\/ld+json\" class=\"yoast-schema-graph\">{\"@context\":\"https:\\\/\\\/schema.org\",\"@graph\":[{\"@type\":\"WebPage\",\"@id\":\"https:\\\/\\\/www.blindtrapper.com\\\/product\\\/choke-cherries\\\/\",\"url\":\"https:\\\/\\\/www.blindtrapper.com\\\/product\\\/choke-cherries\\\/\",\"name\":\"Choke Cherries - Blind Trapper Holistic Foods\",\"isPartOf\":{\"@id\":\"https:\\\/\\\/www.blindtrapper.com\\\/#website\"},\"primaryImageOfPage\":{\"@id\":\"https:\\\/\\\/www.blindtrapper.com\\\/product\\\/choke-cherries\\\/#primaryimage\"},\"image\":{\"@id\":\"https:\\\/\\\/www.blindtrapper.com\\\/product\\\/choke-cherries\\\/#primaryimage\"},\"thumbnailUrl\":\"https:\\\/\\\/www.blindtrapper.com\\\/wp-content\\\/uploads\\\/2023\\\/10\\\/Chokecherries.png\",\"datePublished\":\"2023-10-02T17:10:56+00:00\",\"dateModified\":\"2024-11-15T18:09:12+00:00\",\"breadcrumb\":{\"@id\":\"https:\\\/\\\/www.blindtrapper.com\\\/product\\\/choke-cherries\\\/#breadcrumb\"},\"inLanguage\":\"fr-CA\",\"potentialAction\":[{\"@type\":\"ReadAction\",\"target\":[\"https:\\\/\\\/www.blindtrapper.com\\\/product\\\/choke-cherries\\\/\"]}]},{\"@type\":\"ImageObject\",\"inLanguage\":\"fr-CA\",\"@id\":\"https:\\\/\\\/www.blindtrapper.com\\\/product\\\/choke-cherries\\\/#primaryimage\",\"url\":\"https:\\\/\\\/www.blindtrapper.com\\\/wp-content\\\/uploads\\\/2023\\\/10\\\/Chokecherries.png\",\"contentUrl\":\"https:\\\/\\\/www.blindtrapper.com\\\/wp-content\\\/uploads\\\/2023\\\/10\\\/Chokecherries.png\",\"width\":1080,\"height\":810,\"caption\":\"A closeup picture of chokecherries growing on a tree\"},{\"@type\":\"BreadcrumbList\",\"@id\":\"https:\\\/\\\/www.blindtrapper.com\\\/product\\\/choke-cherries\\\/#breadcrumb\",\"itemListElement\":[{\"@type\":\"ListItem\",\"position\":1,\"name\":\"Home\",\"item\":\"https:\\\/\\\/www.blindtrapper.com\\\/\"},{\"@type\":\"ListItem\",\"position\":2,\"name\":\"Online Shop\",\"item\":\"https:\\\/\\\/www.blindtrapper.com\\\/holistic-food-shop-online-canada\\\/\"},{\"@type\":\"ListItem\",\"position\":3,\"name\":\"Choke Cherries\"}]},{\"@type\":\"WebSite\",\"@id\":\"https:\\\/\\\/www.blindtrapper.com\\\/#website\",\"url\":\"https:\\\/\\\/www.blindtrapper.com\\\/\",\"name\":\"Blind Trapper Holistic Foods\",\"description\":\"Canadian Holistic Food Supplier\",\"publisher\":{\"@id\":\"https:\\\/\\\/www.blindtrapper.com\\\/#organization\"},\"potentialAction\":[{\"@type\":\"SearchAction\",\"target\":{\"@type\":\"EntryPoint\",\"urlTemplate\":\"https:\\\/\\\/www.blindtrapper.com\\\/?s={search_term_string}\"},\"query-input\":{\"@type\":\"PropertyValueSpecification\",\"valueRequired\":true,\"valueName\":\"search_term_string\"}}],\"inLanguage\":\"fr-CA\"},{\"@type\":\"Organization\",\"@id\":\"https:\\\/\\\/www.blindtrapper.com\\\/#organization\",\"name\":\"Blind Trapper Holistic Foods\",\"url\":\"https:\\\/\\\/www.blindtrapper.com\\\/\",\"logo\":{\"@type\":\"ImageObject\",\"inLanguage\":\"fr-CA\",\"@id\":\"https:\\\/\\\/www.blindtrapper.com\\\/#\\\/schema\\\/logo\\\/image\\\/\",\"url\":\"https:\\\/\\\/www.blindtrapper.com\\\/wp-content\\\/uploads\\\/2023\\\/05\\\/nature-svgrepo-com.png\",\"contentUrl\":\"https:\\\/\\\/www.blindtrapper.com\\\/wp-content\\\/uploads\\\/2023\\\/05\\\/nature-svgrepo-com.png\",\"width\":256,\"height\":256,\"caption\":\"Blind Trapper Holistic Foods\"},\"image\":{\"@id\":\"https:\\\/\\\/www.blindtrapper.com\\\/#\\\/schema\\\/logo\\\/image\\\/\"},\"sameAs\":[\"https:\\\/\\\/www.facebook.com\\\/BlindTrapper\\\/\",\"https:\\\/\\\/instagram.com\\\/blindtrapperholisticfoods\"]}]}<\/script>\n<!-- \/ Yoast SEO plugin. -->","yoast_head_json":{"title":"Choke Cherries - Blind Trapper Holistic Foods","robots":{"index":"index","follow":"follow","max-snippet":"max-snippet:-1","max-image-preview":"max-image-preview:large","max-video-preview":"max-video-preview:-1"},"canonical":"https:\/\/www.blindtrapper.com\/fr\/produit\/choke-cherries\/","og_locale":"fr_CA","og_type":"article","og_title":"Choke Cherries - Blind Trapper Holistic Foods","og_description":"The Delta is home to millions of pounds of Choke Cherries (Prunus Virginiana) that are produced every summer. They are a major food source for indigenous people and were used to bind their winter mix of choke cherries have been used for an appetite stimulant a blood tonic and they're full of beneficial minerals and vitamins. We offer dried choke cherries, chokecherry leaves and choked cherry bark. Choke cherries are harvested in the autumn when the fruit has ripped. They add a savory taste to tea mixes, and can be eaten as a dietary supplement.","og_url":"https:\/\/www.blindtrapper.com\/fr\/produit\/choke-cherries\/","og_site_name":"Blind Trapper Holistic Foods","article_publisher":"https:\/\/www.facebook.com\/BlindTrapper\/","article_modified_time":"2024-11-15T18:09:12+00:00","og_image":[{"width":1080,"height":810,"url":"https:\/\/www.blindtrapper.com\/wp-content\/uploads\/2023\/10\/Chokecherries.png","type":"image\/png"}],"twitter_card":"summary_large_image","twitter_misc":{"Estimation du temps de lecture":"1 minute"},"schema":{"@context":"https:\/\/schema.org","@graph":[{"@type":"WebPage","@id":"https:\/\/www.blindtrapper.com\/product\/choke-cherries\/","url":"https:\/\/www.blindtrapper.com\/product\/choke-cherries\/","name":"Choke Cherries - Blind Trapper Holistic Foods","isPartOf":{"@id":"https:\/\/www.blindtrapper.com\/#website"},"primaryImageOfPage":{"@id":"https:\/\/www.blindtrapper.com\/product\/choke-cherries\/#primaryimage"},"image":{"@id":"https:\/\/www.blindtrapper.com\/product\/choke-cherries\/#primaryimage"},"thumbnailUrl":"https:\/\/www.blindtrapper.com\/wp-content\/uploads\/2023\/10\/Chokecherries.png","datePublished":"2023-10-02T17:10:56+00:00","dateModified":"2024-11-15T18:09:12+00:00","breadcrumb":{"@id":"https:\/\/www.blindtrapper.com\/product\/choke-cherries\/#breadcrumb"},"inLanguage":"fr-CA","potentialAction":[{"@type":"ReadAction","target":["https:\/\/www.blindtrapper.com\/product\/choke-cherries\/"]}]},{"@type":"ImageObject","inLanguage":"fr-CA","@id":"https:\/\/www.blindtrapper.com\/product\/choke-cherries\/#primaryimage","url":"https:\/\/www.blindtrapper.com\/wp-content\/uploads\/2023\/10\/Chokecherries.png","contentUrl":"https:\/\/www.blindtrapper.com\/wp-content\/uploads\/2023\/10\/Chokecherries.png","width":1080,"height":810,"caption":"A closeup picture of chokecherries growing on a tree"},{"@type":"BreadcrumbList","@id":"https:\/\/www.blindtrapper.com\/product\/choke-cherries\/#breadcrumb","itemListElement":[{"@type":"ListItem","position":1,"name":"Home","item":"https:\/\/www.blindtrapper.com\/"},{"@type":"ListItem","position":2,"name":"Online Shop","item":"https:\/\/www.blindtrapper.com\/holistic-food-shop-online-canada\/"},{"@type":"ListItem","position":3,"name":"Choke Cherries"}]},{"@type":"WebSite","@id":"https:\/\/www.blindtrapper.com\/#website","url":"https:\/\/www.blindtrapper.com\/","name":"Blind Trapper Holistic Foods","description":"Fournisseur canadien d&#039;aliments holistiques","publisher":{"@id":"https:\/\/www.blindtrapper.com\/#organization"},"potentialAction":[{"@type":"SearchAction","target":{"@type":"EntryPoint","urlTemplate":"https:\/\/www.blindtrapper.com\/?s={search_term_string}"},"query-input":{"@type":"PropertyValueSpecification","valueRequired":true,"valueName":"search_term_string"}}],"inLanguage":"fr-CA"},{"@type":"Organization","@id":"https:\/\/www.blindtrapper.com\/#organization","name":"Blind Trapper Holistic Foods","url":"https:\/\/www.blindtrapper.com\/","logo":{"@type":"ImageObject","inLanguage":"fr-CA","@id":"https:\/\/www.blindtrapper.com\/#\/schema\/logo\/image\/","url":"https:\/\/www.blindtrapper.com\/wp-content\/uploads\/2023\/05\/nature-svgrepo-com.png","contentUrl":"https:\/\/www.blindtrapper.com\/wp-content\/uploads\/2023\/05\/nature-svgrepo-com.png","width":256,"height":256,"caption":"Blind Trapper Holistic Foods"},"image":{"@id":"https:\/\/www.blindtrapper.com\/#\/schema\/logo\/image\/"},"sameAs":["https:\/\/www.facebook.com\/BlindTrapper\/","https:\/\/instagram.com\/blindtrapperholisticfoods"]}]}},"_links":{"self":[{"href":"https:\/\/www.blindtrapper.com\/fr\/wp-json\/wp\/v2\/product\/1303","targetHints":{"allow":["GET"]}}],"collection":[{"href":"https:\/\/www.blindtrapper.com\/fr\/wp-json\/wp\/v2\/product"}],"about":[{"href":"https:\/\/www.blindtrapper.com\/fr\/wp-json\/wp\/v2\/types\/product"}],"wp:featuredmedia":[{"embeddable":true,"href":"https:\/\/www.blindtrapper.com\/fr\/wp-json\/wp\/v2\/media\/1256"}],"wp:attachment":[{"href":"https:\/\/www.blindtrapper.com\/fr\/wp-json\/wp\/v2\/media?parent=1303"}],"wp:term":[{"taxonomy":"product_brand","embeddable":true,"href":"https:\/\/www.blindtrapper.com\/fr\/wp-json\/wp\/v2\/product_brand?post=1303"},{"taxonomy":"product_cat","embeddable":true,"href":"https:\/\/www.blindtrapper.com\/fr\/wp-json\/wp\/v2\/product_cat?post=1303"},{"taxonomy":"product_tag","embeddable":true,"href":"https:\/\/www.blindtrapper.com\/fr\/wp-json\/wp\/v2\/product_tag?post=1303"}],"curies":[{"name":"wp","href":"https:\/\/api.w.org\/{rel}","templated":true}]}}