{"id":1295,"date":"2023-10-02T10:42:37","date_gmt":"2023-10-02T16:42:37","guid":{"rendered":"https:\/\/www.blindtrapper.com\/?post_type=product&#038;p=1295"},"modified":"2024-11-20T14:57:33","modified_gmt":"2024-11-20T20:57:33","slug":"blueberries","status":"publish","type":"product","link":"https:\/\/www.blindtrapper.com\/fr\/produit\/blueberries\/","title":{"rendered":"Myrtilles"},"content":{"rendered":"<p class=\"h3 dropcap-text\">La myrtille (Vaccinium) est connue comme le superfruit du delta du Cumberland. On la trouve \u00e0 divers endroits dans la pin\u00e8de. Les plants de myrtilles peuvent atteindre 20 \u00e0 30 centim\u00e8tres de haut, avec des feuilles oblongues poussant sur une tige ligneuse pour former des grappes de myrtilles aux couleurs intenses en ao\u00fbt.<\/p>\n<div class=\"outdent-content\">\n<p><img loading=\"lazy\" decoding=\"async\" class=\"wp-image-1253 size-medium aligncenter\" src=\"https:\/\/www.blindtrapper.com\/wp-content\/uploads\/2023\/10\/Blueberries-744x375.jpg\" alt=\"Close up of blueberry bush\" width=\"744\" height=\"375\" srcset=\"https:\/\/www.blindtrapper.com\/wp-content\/uploads\/2023\/10\/Blueberries-744x375.jpg 744w, https:\/\/www.blindtrapper.com\/wp-content\/uploads\/2023\/10\/Blueberries-600x303.jpg 600w, https:\/\/www.blindtrapper.com\/wp-content\/uploads\/2023\/10\/Blueberries.jpg 1080w\" sizes=\"auto, (max-width: 744px) 100vw, 744px\" \/><\/p>\n<div class=\"text-columns-2\">\n<p>Les myrtilles contiennent un compos\u00e9 v\u00e9g\u00e9tal appel\u00e9 anthocyane, riche en antioxydants. Elles contiennent \u00e9galement des vitamines C et K, du mangan\u00e8se et du potassium. On m&#039;a racont\u00e9 que les anciens buvaient souvent une tasse de th\u00e9 \u00e0 base de menthe sauvage, de feuilles de myrtille et de myrtilles s\u00e9ch\u00e9es avant de si\u00e9ger au conseil. Ils croyaient que ce th\u00e9 aidait \u00e0 prendre des d\u00e9cisions rationnelles et \u00e9clair\u00e9es. Nous disposons actuellement de 450 g de myrtilles surgel\u00e9es conditionn\u00e9es dans des sacs Ziploc scell\u00e9s sous vide pour $8. <em>(Impossible d&#039;exp\u00e9dier)<\/em>, myrtilles s\u00e9ch\u00e9es paquet de 20 g 14,99. <strong>Feuilles de myrtille s\u00e9ch\u00e9es actuellement en rupture de stock.<\/strong><\/p>\n<\/div>\n<\/div>","protected":false},"excerpt":{"rendered":"<div class=\"entry-summary\">\n<div class=\"entry-summary\">\nLa myrtille (Vaccinium) est connue comme le superfruit du delta du Cumberland, que l&#039;on trouve \u00e0 divers endroits dans la pin\u00e8de. Les plants de myrtilles peuvent atteindre 20 \u00e0 30 centim\u00e8tres de haut, avec des feuilles oblongues poussant le long d&#039;une tige ligneuse pour former des grappes de myrtilles aux couleurs intenses en ao\u00fbt. Les myrtilles contiennent un compos\u00e9 v\u00e9g\u00e9tal appel\u00e9 anthocyane, reconnu pour ses propri\u00e9t\u00e9s antioxydantes. Elles sont riches en vitamines et min\u00e9raux, notamment en vitamines C et K, en mangan\u00e8se et en potassium.<\/p>\n<p>Les anciens consommaient souvent une tasse de th\u00e9 \u00e0 base de menthe sauvage, de feuilles de myrtille et de fruits de myrtille s\u00e9ch\u00e9s avant de si\u00e9ger au conseil, estimant que cela aidait \u00e0 promouvoir des d\u00e9cisions claires.<\/p>\n<p>Nous proposons actuellement des paquets de 450 g de myrtilles surgel\u00e9es au prix de 1 TP4T8 (livraison impossible) et des paquets de 20 g de myrtilles s\u00e9ch\u00e9es au prix de 1 TP4T14,99. Veuillez noter que les feuilles de myrtilles s\u00e9ch\u00e9es sont actuellement en rupture de stock.\n<\/p>\n<\/div>\n<\/div>","protected":false},"featured_media":1253,"template":"","meta":{"_acf_changed":false},"product_brand":[],"product_cat":[75],"product_tag":[],"class_list":{"0":"post-1295","1":"product","2":"type-product","3":"status-publish","4":"has-post-thumbnail","6":"product_cat-dried-fruits-mushrooms","8":"first","9":"instock","10":"shipping-taxable","11":"purchasable","12":"product-type-simple","13":"entry"},"acf":[],"yoast_head":"<!-- This site is optimized with the Yoast SEO plugin v27.4 - https:\/\/yoast.com\/product\/yoast-seo-wordpress\/ -->\n<title>Blueberries - Blind Trapper Holistic Foods<\/title>\n<meta name=\"robots\" content=\"index, follow, max-snippet:-1, max-image-preview:large, max-video-preview:-1\" \/>\n<link rel=\"canonical\" href=\"https:\/\/www.blindtrapper.com\/fr\/produit\/blueberries\/\" \/>\n<meta property=\"og:locale\" content=\"fr_CA\" \/>\n<meta property=\"og:type\" content=\"article\" \/>\n<meta property=\"og:title\" content=\"Blueberries - Blind Trapper Holistic Foods\" \/>\n<meta property=\"og:description\" content=\"The Blueberry (Vaccinium) is known as the superfruit of the Cumberland Delta, found in various locations in the pine forest. Blueberry plants can range from 20 to 30 centimeters tall, with oblong leaves growing up a woody stem into clusters of deep-colored blueberries in August. Blueberries contain a plant compound called anthocyanin, known for its antioxidant properties. They are rich in various vitamins and minerals, including Vitamin C, K, manganese, and potassium.  Elders often consumed a cup of tea made from wild mint, blueberry leaves, and dried blueberry fruit before sitting in council, believing it helped promote clear-thinking decisions.  Currently, we have 1 lb packages of frozen blueberries available for $8 (Unable to Ship), and 20g packages of dried blueberries for $14.99. Please note that dried Blueberry leaves are currently out of stock.\" \/>\n<meta property=\"og:url\" content=\"https:\/\/www.blindtrapper.com\/fr\/produit\/blueberries\/\" \/>\n<meta property=\"og:site_name\" content=\"Blind Trapper Holistic Foods\" \/>\n<meta property=\"article:publisher\" content=\"https:\/\/www.facebook.com\/BlindTrapper\/\" \/>\n<meta property=\"article:modified_time\" content=\"2024-11-20T20:57:33+00:00\" \/>\n<meta property=\"og:image\" content=\"https:\/\/www.blindtrapper.com\/wp-content\/uploads\/2023\/10\/Blueberries.jpg\" \/>\n\t<meta property=\"og:image:width\" content=\"1080\" \/>\n\t<meta property=\"og:image:height\" content=\"545\" \/>\n\t<meta property=\"og:image:type\" content=\"image\/jpeg\" \/>\n<meta name=\"twitter:card\" content=\"summary_large_image\" \/>\n<meta name=\"twitter:label1\" content=\"Estimation du temps de lecture\" \/>\n\t<meta name=\"twitter:data1\" content=\"2 minutes\" \/>\n<script type=\"application\/ld+json\" class=\"yoast-schema-graph\">{\"@context\":\"https:\\\/\\\/schema.org\",\"@graph\":[{\"@type\":\"WebPage\",\"@id\":\"https:\\\/\\\/www.blindtrapper.com\\\/product\\\/blueberries\\\/\",\"url\":\"https:\\\/\\\/www.blindtrapper.com\\\/product\\\/blueberries\\\/\",\"name\":\"Blueberries - Blind Trapper Holistic Foods\",\"isPartOf\":{\"@id\":\"https:\\\/\\\/www.blindtrapper.com\\\/#website\"},\"primaryImageOfPage\":{\"@id\":\"https:\\\/\\\/www.blindtrapper.com\\\/product\\\/blueberries\\\/#primaryimage\"},\"image\":{\"@id\":\"https:\\\/\\\/www.blindtrapper.com\\\/product\\\/blueberries\\\/#primaryimage\"},\"thumbnailUrl\":\"https:\\\/\\\/www.blindtrapper.com\\\/wp-content\\\/uploads\\\/2023\\\/10\\\/Blueberries.jpg\",\"datePublished\":\"2023-10-02T16:42:37+00:00\",\"dateModified\":\"2024-11-20T20:57:33+00:00\",\"breadcrumb\":{\"@id\":\"https:\\\/\\\/www.blindtrapper.com\\\/product\\\/blueberries\\\/#breadcrumb\"},\"inLanguage\":\"fr-CA\",\"potentialAction\":[{\"@type\":\"ReadAction\",\"target\":[\"https:\\\/\\\/www.blindtrapper.com\\\/product\\\/blueberries\\\/\"]}]},{\"@type\":\"ImageObject\",\"inLanguage\":\"fr-CA\",\"@id\":\"https:\\\/\\\/www.blindtrapper.com\\\/product\\\/blueberries\\\/#primaryimage\",\"url\":\"https:\\\/\\\/www.blindtrapper.com\\\/wp-content\\\/uploads\\\/2023\\\/10\\\/Blueberries.jpg\",\"contentUrl\":\"https:\\\/\\\/www.blindtrapper.com\\\/wp-content\\\/uploads\\\/2023\\\/10\\\/Blueberries.jpg\",\"width\":1080,\"height\":545,\"caption\":\"Close up of blueberry bush\"},{\"@type\":\"BreadcrumbList\",\"@id\":\"https:\\\/\\\/www.blindtrapper.com\\\/product\\\/blueberries\\\/#breadcrumb\",\"itemListElement\":[{\"@type\":\"ListItem\",\"position\":1,\"name\":\"Home\",\"item\":\"https:\\\/\\\/www.blindtrapper.com\\\/\"},{\"@type\":\"ListItem\",\"position\":2,\"name\":\"Online Shop\",\"item\":\"https:\\\/\\\/www.blindtrapper.com\\\/holistic-food-shop-online-canada\\\/\"},{\"@type\":\"ListItem\",\"position\":3,\"name\":\"Blueberries\"}]},{\"@type\":\"WebSite\",\"@id\":\"https:\\\/\\\/www.blindtrapper.com\\\/#website\",\"url\":\"https:\\\/\\\/www.blindtrapper.com\\\/\",\"name\":\"Blind Trapper Holistic Foods\",\"description\":\"Canadian Holistic Food Supplier\",\"publisher\":{\"@id\":\"https:\\\/\\\/www.blindtrapper.com\\\/#organization\"},\"potentialAction\":[{\"@type\":\"SearchAction\",\"target\":{\"@type\":\"EntryPoint\",\"urlTemplate\":\"https:\\\/\\\/www.blindtrapper.com\\\/?s={search_term_string}\"},\"query-input\":{\"@type\":\"PropertyValueSpecification\",\"valueRequired\":true,\"valueName\":\"search_term_string\"}}],\"inLanguage\":\"fr-CA\"},{\"@type\":\"Organization\",\"@id\":\"https:\\\/\\\/www.blindtrapper.com\\\/#organization\",\"name\":\"Blind Trapper Holistic Foods\",\"url\":\"https:\\\/\\\/www.blindtrapper.com\\\/\",\"logo\":{\"@type\":\"ImageObject\",\"inLanguage\":\"fr-CA\",\"@id\":\"https:\\\/\\\/www.blindtrapper.com\\\/#\\\/schema\\\/logo\\\/image\\\/\",\"url\":\"https:\\\/\\\/www.blindtrapper.com\\\/wp-content\\\/uploads\\\/2023\\\/05\\\/nature-svgrepo-com.png\",\"contentUrl\":\"https:\\\/\\\/www.blindtrapper.com\\\/wp-content\\\/uploads\\\/2023\\\/05\\\/nature-svgrepo-com.png\",\"width\":256,\"height\":256,\"caption\":\"Blind Trapper Holistic Foods\"},\"image\":{\"@id\":\"https:\\\/\\\/www.blindtrapper.com\\\/#\\\/schema\\\/logo\\\/image\\\/\"},\"sameAs\":[\"https:\\\/\\\/www.facebook.com\\\/BlindTrapper\\\/\",\"https:\\\/\\\/instagram.com\\\/blindtrapperholisticfoods\"]}]}<\/script>\n<!-- \/ Yoast SEO plugin. -->","yoast_head_json":{"title":"Blueberries - Blind Trapper Holistic Foods","robots":{"index":"index","follow":"follow","max-snippet":"max-snippet:-1","max-image-preview":"max-image-preview:large","max-video-preview":"max-video-preview:-1"},"canonical":"https:\/\/www.blindtrapper.com\/fr\/produit\/blueberries\/","og_locale":"fr_CA","og_type":"article","og_title":"Blueberries - Blind Trapper Holistic Foods","og_description":"The Blueberry (Vaccinium) is known as the superfruit of the Cumberland Delta, found in various locations in the pine forest. Blueberry plants can range from 20 to 30 centimeters tall, with oblong leaves growing up a woody stem into clusters of deep-colored blueberries in August. Blueberries contain a plant compound called anthocyanin, known for its antioxidant properties. They are rich in various vitamins and minerals, including Vitamin C, K, manganese, and potassium.  Elders often consumed a cup of tea made from wild mint, blueberry leaves, and dried blueberry fruit before sitting in council, believing it helped promote clear-thinking decisions.  Currently, we have 1 lb packages of frozen blueberries available for $8 (Unable to Ship), and 20g packages of dried blueberries for $14.99. Please note that dried Blueberry leaves are currently out of stock.","og_url":"https:\/\/www.blindtrapper.com\/fr\/produit\/blueberries\/","og_site_name":"Blind Trapper Holistic Foods","article_publisher":"https:\/\/www.facebook.com\/BlindTrapper\/","article_modified_time":"2024-11-20T20:57:33+00:00","og_image":[{"width":1080,"height":545,"url":"https:\/\/www.blindtrapper.com\/wp-content\/uploads\/2023\/10\/Blueberries.jpg","type":"image\/jpeg"}],"twitter_card":"summary_large_image","twitter_misc":{"Estimation du temps de lecture":"2 minutes"},"schema":{"@context":"https:\/\/schema.org","@graph":[{"@type":"WebPage","@id":"https:\/\/www.blindtrapper.com\/product\/blueberries\/","url":"https:\/\/www.blindtrapper.com\/product\/blueberries\/","name":"Blueberries - Blind Trapper Holistic Foods","isPartOf":{"@id":"https:\/\/www.blindtrapper.com\/#website"},"primaryImageOfPage":{"@id":"https:\/\/www.blindtrapper.com\/product\/blueberries\/#primaryimage"},"image":{"@id":"https:\/\/www.blindtrapper.com\/product\/blueberries\/#primaryimage"},"thumbnailUrl":"https:\/\/www.blindtrapper.com\/wp-content\/uploads\/2023\/10\/Blueberries.jpg","datePublished":"2023-10-02T16:42:37+00:00","dateModified":"2024-11-20T20:57:33+00:00","breadcrumb":{"@id":"https:\/\/www.blindtrapper.com\/product\/blueberries\/#breadcrumb"},"inLanguage":"fr-CA","potentialAction":[{"@type":"ReadAction","target":["https:\/\/www.blindtrapper.com\/product\/blueberries\/"]}]},{"@type":"ImageObject","inLanguage":"fr-CA","@id":"https:\/\/www.blindtrapper.com\/product\/blueberries\/#primaryimage","url":"https:\/\/www.blindtrapper.com\/wp-content\/uploads\/2023\/10\/Blueberries.jpg","contentUrl":"https:\/\/www.blindtrapper.com\/wp-content\/uploads\/2023\/10\/Blueberries.jpg","width":1080,"height":545,"caption":"Close up of blueberry bush"},{"@type":"BreadcrumbList","@id":"https:\/\/www.blindtrapper.com\/product\/blueberries\/#breadcrumb","itemListElement":[{"@type":"ListItem","position":1,"name":"Home","item":"https:\/\/www.blindtrapper.com\/"},{"@type":"ListItem","position":2,"name":"Online Shop","item":"https:\/\/www.blindtrapper.com\/holistic-food-shop-online-canada\/"},{"@type":"ListItem","position":3,"name":"Blueberries"}]},{"@type":"WebSite","@id":"https:\/\/www.blindtrapper.com\/#website","url":"https:\/\/www.blindtrapper.com\/","name":"Blind Trapper Holistic Foods","description":"Fournisseur canadien d&#039;aliments holistiques","publisher":{"@id":"https:\/\/www.blindtrapper.com\/#organization"},"potentialAction":[{"@type":"SearchAction","target":{"@type":"EntryPoint","urlTemplate":"https:\/\/www.blindtrapper.com\/?s={search_term_string}"},"query-input":{"@type":"PropertyValueSpecification","valueRequired":true,"valueName":"search_term_string"}}],"inLanguage":"fr-CA"},{"@type":"Organization","@id":"https:\/\/www.blindtrapper.com\/#organization","name":"Blind Trapper Holistic Foods","url":"https:\/\/www.blindtrapper.com\/","logo":{"@type":"ImageObject","inLanguage":"fr-CA","@id":"https:\/\/www.blindtrapper.com\/#\/schema\/logo\/image\/","url":"https:\/\/www.blindtrapper.com\/wp-content\/uploads\/2023\/05\/nature-svgrepo-com.png","contentUrl":"https:\/\/www.blindtrapper.com\/wp-content\/uploads\/2023\/05\/nature-svgrepo-com.png","width":256,"height":256,"caption":"Blind Trapper Holistic Foods"},"image":{"@id":"https:\/\/www.blindtrapper.com\/#\/schema\/logo\/image\/"},"sameAs":["https:\/\/www.facebook.com\/BlindTrapper\/","https:\/\/instagram.com\/blindtrapperholisticfoods"]}]}},"_links":{"self":[{"href":"https:\/\/www.blindtrapper.com\/fr\/wp-json\/wp\/v2\/product\/1295","targetHints":{"allow":["GET"]}}],"collection":[{"href":"https:\/\/www.blindtrapper.com\/fr\/wp-json\/wp\/v2\/product"}],"about":[{"href":"https:\/\/www.blindtrapper.com\/fr\/wp-json\/wp\/v2\/types\/product"}],"wp:featuredmedia":[{"embeddable":true,"href":"https:\/\/www.blindtrapper.com\/fr\/wp-json\/wp\/v2\/media\/1253"}],"wp:attachment":[{"href":"https:\/\/www.blindtrapper.com\/fr\/wp-json\/wp\/v2\/media?parent=1295"}],"wp:term":[{"taxonomy":"product_brand","embeddable":true,"href":"https:\/\/www.blindtrapper.com\/fr\/wp-json\/wp\/v2\/product_brand?post=1295"},{"taxonomy":"product_cat","embeddable":true,"href":"https:\/\/www.blindtrapper.com\/fr\/wp-json\/wp\/v2\/product_cat?post=1295"},{"taxonomy":"product_tag","embeddable":true,"href":"https:\/\/www.blindtrapper.com\/fr\/wp-json\/wp\/v2\/product_tag?post=1295"}],"curies":[{"name":"wp","href":"https:\/\/api.w.org\/{rel}","templated":true}]}}