{"id":1286,"date":"2023-10-02T10:35:02","date_gmt":"2023-10-02T16:35:02","guid":{"rendered":"https:\/\/www.blindtrapper.com\/?post_type=product&#038;p=1286"},"modified":"2024-05-01T14:24:55","modified_gmt":"2024-05-01T20:24:55","slug":"bearberries","status":"publish","type":"product","link":"https:\/\/www.blindtrapper.com\/fr\/produit\/bearberries\/","title":{"rendered":"Busserole"},"content":{"rendered":"<p class=\"h3 dropcap-text\">La busserole (Arctostaphylos uva-ursi) est une plante faible en calories qui pousse en abondance dans le Delta. Ses usages traditionnels incluent la r\u00e9duction du cholest\u00e9rol, la sant\u00e9 cardiaque et le soulagement de la diarrh\u00e9e.<\/p>\n<div class=\"outdent-content\">\n<p><img loading=\"lazy\" decoding=\"async\" class=\"wp-image-1249 size-medium aligncenter\" src=\"https:\/\/www.blindtrapper.com\/wp-content\/uploads\/2023\/10\/Bearberry-744x536.jpg\" alt=\"Close up of a bearberry bush\" width=\"744\" height=\"536\" srcset=\"https:\/\/www.blindtrapper.com\/wp-content\/uploads\/2023\/10\/Bearberry-744x536.jpg 744w, https:\/\/www.blindtrapper.com\/wp-content\/uploads\/2023\/10\/Bearberry-1200x864.jpg 1200w, https:\/\/www.blindtrapper.com\/wp-content\/uploads\/2023\/10\/Bearberry-600x432.jpg 600w, https:\/\/www.blindtrapper.com\/wp-content\/uploads\/2023\/10\/Bearberry.jpg 1280w\" sizes=\"auto, (max-width: 744px) 100vw, 744px\" \/><\/p>\n<div class=\"text-columns-2\">\n<p>Les feuilles \u00e9taient traditionnellement fum\u00e9es comme du tabac et des \u00e9tudes sont en cours pour le traitement des troubles pancr\u00e9atiques. Nous proposons des raisins d&#039;ours, des feuilles s\u00e9ch\u00e9es et un m\u00e9lange moulu pour le th\u00e9. Les feuilles de raisin d&#039;ours sont r\u00e9colt\u00e9es \u00e0 la fin de l&#039;\u00e9t\u00e9, une fois les baies m\u00fbres.<\/p>\n<\/div>\n<\/div>","protected":false},"excerpt":{"rendered":"<div class=\"entry-summary\">\n<div class=\"entry-summary\">\nLa busserole (Arctostaphylos uva-ursi) est une plante hypocalorique qui pousse abondamment dans le Delta. Ses usages traditionnels incluent la r\u00e9duction du cholest\u00e9rol, la sant\u00e9 cardiaque et le soulagement de la diarrh\u00e9e. Les feuilles \u00e9taient traditionnellement fum\u00e9es comme du tabac et des \u00e9tudes sont en cours pour le traitement des troubles pancr\u00e9atiques. Nous proposons des busserole, des feuilles s\u00e9ch\u00e9es et un m\u00e9lange moulu pour le th\u00e9. Les feuilles de busserole sont r\u00e9colt\u00e9es \u00e0 la fin de l&#039;\u00e9t\u00e9, lorsque les baies commencent \u00e0 m\u00fbrir.\n<\/div>\n<\/div>","protected":false},"featured_media":1249,"template":"","meta":{"_acf_changed":false},"product_brand":[],"product_cat":[75],"product_tag":[],"class_list":{"0":"post-1286","1":"product","2":"type-product","3":"status-publish","4":"has-post-thumbnail","6":"product_cat-dried-fruits-mushrooms","8":"first","9":"instock","10":"shipping-taxable","11":"purchasable","12":"product-type-variable","13":"has-default-attributes","14":"entry"},"acf":[],"yoast_head":"<!-- This site is optimized with the Yoast SEO plugin v27.4 - https:\/\/yoast.com\/product\/yoast-seo-wordpress\/ -->\n<title>Bearberries - Blind Trapper Holistic Foods<\/title>\n<meta name=\"robots\" content=\"index, follow, max-snippet:-1, max-image-preview:large, max-video-preview:-1\" \/>\n<link rel=\"canonical\" href=\"https:\/\/www.blindtrapper.com\/fr\/produit\/bearberries\/\" \/>\n<meta property=\"og:locale\" content=\"fr_CA\" \/>\n<meta property=\"og:type\" content=\"article\" \/>\n<meta property=\"og:title\" content=\"Bearberries - Blind Trapper Holistic Foods\" \/>\n<meta property=\"og:description\" content=\"Bearberry (Arctostaphylos uva-ursi) is a low-calorie plant that grows abundantly in the Delta. Its traditional uses have been reducing cholesterol, heart health and the relief of diarrhea. The leaves were traditionally smoked as tobacco and studies are being done in the treatment of pancreatic disorders. We offer bearberries, dried leaves and a ground mix for tea. Bearberry leaves are collected in late summer, once the berries have started to rippen.\" \/>\n<meta property=\"og:url\" content=\"https:\/\/www.blindtrapper.com\/fr\/produit\/bearberries\/\" \/>\n<meta property=\"og:site_name\" content=\"Blind Trapper Holistic Foods\" \/>\n<meta property=\"article:publisher\" content=\"https:\/\/www.facebook.com\/BlindTrapper\/\" \/>\n<meta property=\"article:modified_time\" content=\"2024-05-01T20:24:55+00:00\" \/>\n<meta property=\"og:image\" content=\"https:\/\/www.blindtrapper.com\/wp-content\/uploads\/2023\/10\/Bearberry.jpg\" \/>\n\t<meta property=\"og:image:width\" content=\"1280\" \/>\n\t<meta property=\"og:image:height\" content=\"922\" \/>\n\t<meta property=\"og:image:type\" content=\"image\/jpeg\" \/>\n<meta name=\"twitter:card\" content=\"summary_large_image\" \/>\n<script type=\"application\/ld+json\" class=\"yoast-schema-graph\">{\"@context\":\"https:\\\/\\\/schema.org\",\"@graph\":[{\"@type\":\"WebPage\",\"@id\":\"https:\\\/\\\/www.blindtrapper.com\\\/product\\\/bearberries\\\/\",\"url\":\"https:\\\/\\\/www.blindtrapper.com\\\/product\\\/bearberries\\\/\",\"name\":\"Bearberries - Blind Trapper Holistic Foods\",\"isPartOf\":{\"@id\":\"https:\\\/\\\/www.blindtrapper.com\\\/#website\"},\"primaryImageOfPage\":{\"@id\":\"https:\\\/\\\/www.blindtrapper.com\\\/product\\\/bearberries\\\/#primaryimage\"},\"image\":{\"@id\":\"https:\\\/\\\/www.blindtrapper.com\\\/product\\\/bearberries\\\/#primaryimage\"},\"thumbnailUrl\":\"https:\\\/\\\/www.blindtrapper.com\\\/wp-content\\\/uploads\\\/2023\\\/10\\\/Bearberry.jpg\",\"datePublished\":\"2023-10-02T16:35:02+00:00\",\"dateModified\":\"2024-05-01T20:24:55+00:00\",\"breadcrumb\":{\"@id\":\"https:\\\/\\\/www.blindtrapper.com\\\/product\\\/bearberries\\\/#breadcrumb\"},\"inLanguage\":\"fr-CA\",\"potentialAction\":[{\"@type\":\"ReadAction\",\"target\":[\"https:\\\/\\\/www.blindtrapper.com\\\/product\\\/bearberries\\\/\"]}]},{\"@type\":\"ImageObject\",\"inLanguage\":\"fr-CA\",\"@id\":\"https:\\\/\\\/www.blindtrapper.com\\\/product\\\/bearberries\\\/#primaryimage\",\"url\":\"https:\\\/\\\/www.blindtrapper.com\\\/wp-content\\\/uploads\\\/2023\\\/10\\\/Bearberry.jpg\",\"contentUrl\":\"https:\\\/\\\/www.blindtrapper.com\\\/wp-content\\\/uploads\\\/2023\\\/10\\\/Bearberry.jpg\",\"width\":1280,\"height\":922,\"caption\":\"Close up of a bearberry bush\"},{\"@type\":\"BreadcrumbList\",\"@id\":\"https:\\\/\\\/www.blindtrapper.com\\\/product\\\/bearberries\\\/#breadcrumb\",\"itemListElement\":[{\"@type\":\"ListItem\",\"position\":1,\"name\":\"Home\",\"item\":\"https:\\\/\\\/www.blindtrapper.com\\\/\"},{\"@type\":\"ListItem\",\"position\":2,\"name\":\"Online Shop\",\"item\":\"https:\\\/\\\/www.blindtrapper.com\\\/holistic-food-shop-online-canada\\\/\"},{\"@type\":\"ListItem\",\"position\":3,\"name\":\"Bearberries\"}]},{\"@type\":\"WebSite\",\"@id\":\"https:\\\/\\\/www.blindtrapper.com\\\/#website\",\"url\":\"https:\\\/\\\/www.blindtrapper.com\\\/\",\"name\":\"Blind Trapper Holistic Foods\",\"description\":\"Canadian Holistic Food Supplier\",\"publisher\":{\"@id\":\"https:\\\/\\\/www.blindtrapper.com\\\/#organization\"},\"potentialAction\":[{\"@type\":\"SearchAction\",\"target\":{\"@type\":\"EntryPoint\",\"urlTemplate\":\"https:\\\/\\\/www.blindtrapper.com\\\/?s={search_term_string}\"},\"query-input\":{\"@type\":\"PropertyValueSpecification\",\"valueRequired\":true,\"valueName\":\"search_term_string\"}}],\"inLanguage\":\"fr-CA\"},{\"@type\":\"Organization\",\"@id\":\"https:\\\/\\\/www.blindtrapper.com\\\/#organization\",\"name\":\"Blind Trapper Holistic Foods\",\"url\":\"https:\\\/\\\/www.blindtrapper.com\\\/\",\"logo\":{\"@type\":\"ImageObject\",\"inLanguage\":\"fr-CA\",\"@id\":\"https:\\\/\\\/www.blindtrapper.com\\\/#\\\/schema\\\/logo\\\/image\\\/\",\"url\":\"https:\\\/\\\/www.blindtrapper.com\\\/wp-content\\\/uploads\\\/2023\\\/05\\\/nature-svgrepo-com.png\",\"contentUrl\":\"https:\\\/\\\/www.blindtrapper.com\\\/wp-content\\\/uploads\\\/2023\\\/05\\\/nature-svgrepo-com.png\",\"width\":256,\"height\":256,\"caption\":\"Blind Trapper Holistic Foods\"},\"image\":{\"@id\":\"https:\\\/\\\/www.blindtrapper.com\\\/#\\\/schema\\\/logo\\\/image\\\/\"},\"sameAs\":[\"https:\\\/\\\/www.facebook.com\\\/BlindTrapper\\\/\",\"https:\\\/\\\/instagram.com\\\/blindtrapperholisticfoods\"]}]}<\/script>\n<!-- \/ Yoast SEO plugin. -->","yoast_head_json":{"title":"Bearberries - Blind Trapper Holistic Foods","robots":{"index":"index","follow":"follow","max-snippet":"max-snippet:-1","max-image-preview":"max-image-preview:large","max-video-preview":"max-video-preview:-1"},"canonical":"https:\/\/www.blindtrapper.com\/fr\/produit\/bearberries\/","og_locale":"fr_CA","og_type":"article","og_title":"Bearberries - Blind Trapper Holistic Foods","og_description":"Bearberry (Arctostaphylos uva-ursi) is a low-calorie plant that grows abundantly in the Delta. Its traditional uses have been reducing cholesterol, heart health and the relief of diarrhea. The leaves were traditionally smoked as tobacco and studies are being done in the treatment of pancreatic disorders. We offer bearberries, dried leaves and a ground mix for tea. Bearberry leaves are collected in late summer, once the berries have started to rippen.","og_url":"https:\/\/www.blindtrapper.com\/fr\/produit\/bearberries\/","og_site_name":"Blind Trapper Holistic Foods","article_publisher":"https:\/\/www.facebook.com\/BlindTrapper\/","article_modified_time":"2024-05-01T20:24:55+00:00","og_image":[{"width":1280,"height":922,"url":"https:\/\/www.blindtrapper.com\/wp-content\/uploads\/2023\/10\/Bearberry.jpg","type":"image\/jpeg"}],"twitter_card":"summary_large_image","schema":{"@context":"https:\/\/schema.org","@graph":[{"@type":"WebPage","@id":"https:\/\/www.blindtrapper.com\/product\/bearberries\/","url":"https:\/\/www.blindtrapper.com\/product\/bearberries\/","name":"Bearberries - Blind Trapper Holistic Foods","isPartOf":{"@id":"https:\/\/www.blindtrapper.com\/#website"},"primaryImageOfPage":{"@id":"https:\/\/www.blindtrapper.com\/product\/bearberries\/#primaryimage"},"image":{"@id":"https:\/\/www.blindtrapper.com\/product\/bearberries\/#primaryimage"},"thumbnailUrl":"https:\/\/www.blindtrapper.com\/wp-content\/uploads\/2023\/10\/Bearberry.jpg","datePublished":"2023-10-02T16:35:02+00:00","dateModified":"2024-05-01T20:24:55+00:00","breadcrumb":{"@id":"https:\/\/www.blindtrapper.com\/product\/bearberries\/#breadcrumb"},"inLanguage":"fr-CA","potentialAction":[{"@type":"ReadAction","target":["https:\/\/www.blindtrapper.com\/product\/bearberries\/"]}]},{"@type":"ImageObject","inLanguage":"fr-CA","@id":"https:\/\/www.blindtrapper.com\/product\/bearberries\/#primaryimage","url":"https:\/\/www.blindtrapper.com\/wp-content\/uploads\/2023\/10\/Bearberry.jpg","contentUrl":"https:\/\/www.blindtrapper.com\/wp-content\/uploads\/2023\/10\/Bearberry.jpg","width":1280,"height":922,"caption":"Close up of a bearberry bush"},{"@type":"BreadcrumbList","@id":"https:\/\/www.blindtrapper.com\/product\/bearberries\/#breadcrumb","itemListElement":[{"@type":"ListItem","position":1,"name":"Home","item":"https:\/\/www.blindtrapper.com\/"},{"@type":"ListItem","position":2,"name":"Online Shop","item":"https:\/\/www.blindtrapper.com\/holistic-food-shop-online-canada\/"},{"@type":"ListItem","position":3,"name":"Bearberries"}]},{"@type":"WebSite","@id":"https:\/\/www.blindtrapper.com\/#website","url":"https:\/\/www.blindtrapper.com\/","name":"Blind Trapper Holistic Foods","description":"Fournisseur canadien d&#039;aliments holistiques","publisher":{"@id":"https:\/\/www.blindtrapper.com\/#organization"},"potentialAction":[{"@type":"SearchAction","target":{"@type":"EntryPoint","urlTemplate":"https:\/\/www.blindtrapper.com\/?s={search_term_string}"},"query-input":{"@type":"PropertyValueSpecification","valueRequired":true,"valueName":"search_term_string"}}],"inLanguage":"fr-CA"},{"@type":"Organization","@id":"https:\/\/www.blindtrapper.com\/#organization","name":"Blind Trapper Holistic Foods","url":"https:\/\/www.blindtrapper.com\/","logo":{"@type":"ImageObject","inLanguage":"fr-CA","@id":"https:\/\/www.blindtrapper.com\/#\/schema\/logo\/image\/","url":"https:\/\/www.blindtrapper.com\/wp-content\/uploads\/2023\/05\/nature-svgrepo-com.png","contentUrl":"https:\/\/www.blindtrapper.com\/wp-content\/uploads\/2023\/05\/nature-svgrepo-com.png","width":256,"height":256,"caption":"Blind Trapper Holistic Foods"},"image":{"@id":"https:\/\/www.blindtrapper.com\/#\/schema\/logo\/image\/"},"sameAs":["https:\/\/www.facebook.com\/BlindTrapper\/","https:\/\/instagram.com\/blindtrapperholisticfoods"]}]}},"_links":{"self":[{"href":"https:\/\/www.blindtrapper.com\/fr\/wp-json\/wp\/v2\/product\/1286","targetHints":{"allow":["GET"]}}],"collection":[{"href":"https:\/\/www.blindtrapper.com\/fr\/wp-json\/wp\/v2\/product"}],"about":[{"href":"https:\/\/www.blindtrapper.com\/fr\/wp-json\/wp\/v2\/types\/product"}],"wp:featuredmedia":[{"embeddable":true,"href":"https:\/\/www.blindtrapper.com\/fr\/wp-json\/wp\/v2\/media\/1249"}],"wp:attachment":[{"href":"https:\/\/www.blindtrapper.com\/fr\/wp-json\/wp\/v2\/media?parent=1286"}],"wp:term":[{"taxonomy":"product_brand","embeddable":true,"href":"https:\/\/www.blindtrapper.com\/fr\/wp-json\/wp\/v2\/product_brand?post=1286"},{"taxonomy":"product_cat","embeddable":true,"href":"https:\/\/www.blindtrapper.com\/fr\/wp-json\/wp\/v2\/product_cat?post=1286"},{"taxonomy":"product_tag","embeddable":true,"href":"https:\/\/www.blindtrapper.com\/fr\/wp-json\/wp\/v2\/product_tag?post=1286"}],"curies":[{"name":"wp","href":"https:\/\/api.w.org\/{rel}","templated":true}]}}