{"id":1282,"date":"2023-10-02T10:30:16","date_gmt":"2023-10-02T16:30:16","guid":{"rendered":"https:\/\/www.blindtrapper.com\/?post_type=product&#038;p=1282"},"modified":"2025-03-28T14:04:56","modified_gmt":"2025-03-28T20:04:56","slug":"balsam-poplar-buds","status":"publish","type":"product","link":"https:\/\/www.blindtrapper.com\/fr\/produit\/balsam-poplar-buds\/","title":{"rendered":"Bourgeons de peuplier baumier"},"content":{"rendered":"<p class=\"h3 dropcap-text\">Les bourgeons gonfl\u00e9s du peuplier baumier (Populus Balsamifera) sont r\u00e9colt\u00e9s au d\u00e9but du printemps, juste avant que l&#039;arbre ne perce ses feuilles.<\/p>\n<div class=\"outdent-content\">\n<p><img loading=\"lazy\" decoding=\"async\" class=\"wp-image-1281 size-medium aligncenter\" src=\"https:\/\/www.blindtrapper.com\/wp-content\/uploads\/2023\/10\/Balsam-Poplar-Buds-744x558.jpg\" alt=\"Photo of harvested Balsam Poplar Buds flowing out of a glass mason jar\" width=\"744\" height=\"558\" srcset=\"https:\/\/www.blindtrapper.com\/wp-content\/uploads\/2023\/10\/Balsam-Poplar-Buds-744x558.jpg 744w, https:\/\/www.blindtrapper.com\/wp-content\/uploads\/2023\/10\/Balsam-Poplar-Buds-1200x900.jpg 1200w, https:\/\/www.blindtrapper.com\/wp-content\/uploads\/2023\/10\/Balsam-Poplar-Buds-1536x1152.jpg 1536w, https:\/\/www.blindtrapper.com\/wp-content\/uploads\/2023\/10\/Balsam-Poplar-Buds-2048x1536.jpg 2048w, https:\/\/www.blindtrapper.com\/wp-content\/uploads\/2023\/10\/Balsam-Poplar-Buds-600x450.jpg 600w\" sizes=\"auto, (max-width: 744px) 100vw, 744px\" \/><\/p>\n<div class=\"text-columns-2\">\n<p>Ces bourgeons sont traditionnellement utilis\u00e9s comme anti-inflammatoire et pour soulager les maux de dents. Ils sont excellents pour am\u00e9liorer la sant\u00e9 de la peau et des cheveux. Nous proposons des sachets de bourgeons cueillis au printemps, utilisables pour la pr\u00e9paration de teintures, de baumes et de tisanes.<\/p>\n<\/div>\n<\/div>","protected":false},"excerpt":{"rendered":"<div class=\"entry-summary\">\n<div class=\"entry-summary\">\nLes bourgeons gonfl\u00e9s de peuplier baumier (Populus Balsamifera) sont r\u00e9colt\u00e9s au d\u00e9but du printemps, juste avant l&#039;apparition des feuilles. Ces bourgeons sont traditionnellement utilis\u00e9s comme anti-inflammatoire et pour soulager les maux de dents. Ils sont excellents pour am\u00e9liorer la sant\u00e9 de la peau et des cheveux. Nous proposons des sachets de bourgeons cueillis au printemps, utilisables pour la pr\u00e9paration de teintures, de baumes et de tisanes.\n<\/div>\n<\/div>","protected":false},"featured_media":1281,"template":"","meta":{"_acf_changed":false},"product_brand":[],"product_cat":[76],"product_tag":[],"class_list":{"0":"post-1282","1":"product","2":"type-product","3":"status-publish","4":"has-post-thumbnail","6":"product_cat-dried-herbs","8":"first","9":"instock","10":"shipping-taxable","11":"purchasable","12":"product-type-variable","13":"has-default-attributes","14":"entry"},"acf":[],"yoast_head":"<!-- This site is optimized with the Yoast SEO plugin v27.4 - https:\/\/yoast.com\/product\/yoast-seo-wordpress\/ -->\n<title>Balsam Poplar Buds - Blind Trapper Holistic Foods<\/title>\n<meta name=\"robots\" content=\"index, follow, max-snippet:-1, max-image-preview:large, max-video-preview:-1\" \/>\n<link rel=\"canonical\" href=\"https:\/\/www.blindtrapper.com\/fr\/produit\/balsam-poplar-buds\/\" \/>\n<meta property=\"og:locale\" content=\"fr_CA\" \/>\n<meta property=\"og:type\" content=\"article\" \/>\n<meta property=\"og:title\" content=\"Balsam Poplar Buds - Blind Trapper Holistic Foods\" \/>\n<meta property=\"og:description\" content=\"Swollen balsam poplar buds (Populus Balsamifera) are collected in early spring just before the tree breaks leaf. These buds have been traditionally used as an anti-inflammatory rub as well as used to treat toothaches. They&#039;re great for improving the health of skin and hair. We offer packages of spring picked buds that can be used to make tinctures, salves and teas.\" \/>\n<meta property=\"og:url\" content=\"https:\/\/www.blindtrapper.com\/fr\/produit\/balsam-poplar-buds\/\" \/>\n<meta property=\"og:site_name\" content=\"Blind Trapper Holistic Foods\" \/>\n<meta property=\"article:publisher\" content=\"https:\/\/www.facebook.com\/BlindTrapper\/\" \/>\n<meta property=\"article:modified_time\" content=\"2025-03-28T20:04:56+00:00\" \/>\n<meta property=\"og:image\" content=\"https:\/\/www.blindtrapper.com\/wp-content\/uploads\/2023\/10\/Balsam-Poplar-Buds-scaled.jpg\" \/>\n\t<meta property=\"og:image:width\" content=\"2560\" \/>\n\t<meta property=\"og:image:height\" content=\"1920\" \/>\n\t<meta property=\"og:image:type\" content=\"image\/jpeg\" \/>\n<meta name=\"twitter:card\" content=\"summary_large_image\" \/>\n<meta name=\"twitter:label1\" content=\"Estimation du temps de lecture\" \/>\n\t<meta name=\"twitter:data1\" content=\"1 minute\" \/>\n<script type=\"application\/ld+json\" class=\"yoast-schema-graph\">{\"@context\":\"https:\\\/\\\/schema.org\",\"@graph\":[{\"@type\":\"WebPage\",\"@id\":\"https:\\\/\\\/www.blindtrapper.com\\\/product\\\/balsam-poplar-buds\\\/\",\"url\":\"https:\\\/\\\/www.blindtrapper.com\\\/product\\\/balsam-poplar-buds\\\/\",\"name\":\"Balsam Poplar Buds - Blind Trapper Holistic Foods\",\"isPartOf\":{\"@id\":\"https:\\\/\\\/www.blindtrapper.com\\\/#website\"},\"primaryImageOfPage\":{\"@id\":\"https:\\\/\\\/www.blindtrapper.com\\\/product\\\/balsam-poplar-buds\\\/#primaryimage\"},\"image\":{\"@id\":\"https:\\\/\\\/www.blindtrapper.com\\\/product\\\/balsam-poplar-buds\\\/#primaryimage\"},\"thumbnailUrl\":\"https:\\\/\\\/www.blindtrapper.com\\\/wp-content\\\/uploads\\\/2023\\\/10\\\/Balsam-Poplar-Buds-scaled.jpg\",\"datePublished\":\"2023-10-02T16:30:16+00:00\",\"dateModified\":\"2025-03-28T20:04:56+00:00\",\"breadcrumb\":{\"@id\":\"https:\\\/\\\/www.blindtrapper.com\\\/product\\\/balsam-poplar-buds\\\/#breadcrumb\"},\"inLanguage\":\"fr-CA\",\"potentialAction\":[{\"@type\":\"ReadAction\",\"target\":[\"https:\\\/\\\/www.blindtrapper.com\\\/product\\\/balsam-poplar-buds\\\/\"]}]},{\"@type\":\"ImageObject\",\"inLanguage\":\"fr-CA\",\"@id\":\"https:\\\/\\\/www.blindtrapper.com\\\/product\\\/balsam-poplar-buds\\\/#primaryimage\",\"url\":\"https:\\\/\\\/www.blindtrapper.com\\\/wp-content\\\/uploads\\\/2023\\\/10\\\/Balsam-Poplar-Buds-scaled.jpg\",\"contentUrl\":\"https:\\\/\\\/www.blindtrapper.com\\\/wp-content\\\/uploads\\\/2023\\\/10\\\/Balsam-Poplar-Buds-scaled.jpg\",\"width\":2560,\"height\":1920,\"caption\":\"Photo of harvested Balsam Poplar Buds flowing out of a glass mason jar\"},{\"@type\":\"BreadcrumbList\",\"@id\":\"https:\\\/\\\/www.blindtrapper.com\\\/product\\\/balsam-poplar-buds\\\/#breadcrumb\",\"itemListElement\":[{\"@type\":\"ListItem\",\"position\":1,\"name\":\"Home\",\"item\":\"https:\\\/\\\/www.blindtrapper.com\\\/\"},{\"@type\":\"ListItem\",\"position\":2,\"name\":\"Online Shop\",\"item\":\"https:\\\/\\\/www.blindtrapper.com\\\/holistic-food-shop-online-canada\\\/\"},{\"@type\":\"ListItem\",\"position\":3,\"name\":\"Balsam Poplar Buds\"}]},{\"@type\":\"WebSite\",\"@id\":\"https:\\\/\\\/www.blindtrapper.com\\\/#website\",\"url\":\"https:\\\/\\\/www.blindtrapper.com\\\/\",\"name\":\"Blind Trapper Holistic Foods\",\"description\":\"Canadian Holistic Food Supplier\",\"publisher\":{\"@id\":\"https:\\\/\\\/www.blindtrapper.com\\\/#organization\"},\"potentialAction\":[{\"@type\":\"SearchAction\",\"target\":{\"@type\":\"EntryPoint\",\"urlTemplate\":\"https:\\\/\\\/www.blindtrapper.com\\\/?s={search_term_string}\"},\"query-input\":{\"@type\":\"PropertyValueSpecification\",\"valueRequired\":true,\"valueName\":\"search_term_string\"}}],\"inLanguage\":\"fr-CA\"},{\"@type\":\"Organization\",\"@id\":\"https:\\\/\\\/www.blindtrapper.com\\\/#organization\",\"name\":\"Blind Trapper Holistic Foods\",\"url\":\"https:\\\/\\\/www.blindtrapper.com\\\/\",\"logo\":{\"@type\":\"ImageObject\",\"inLanguage\":\"fr-CA\",\"@id\":\"https:\\\/\\\/www.blindtrapper.com\\\/#\\\/schema\\\/logo\\\/image\\\/\",\"url\":\"https:\\\/\\\/www.blindtrapper.com\\\/wp-content\\\/uploads\\\/2023\\\/05\\\/nature-svgrepo-com.png\",\"contentUrl\":\"https:\\\/\\\/www.blindtrapper.com\\\/wp-content\\\/uploads\\\/2023\\\/05\\\/nature-svgrepo-com.png\",\"width\":256,\"height\":256,\"caption\":\"Blind Trapper Holistic Foods\"},\"image\":{\"@id\":\"https:\\\/\\\/www.blindtrapper.com\\\/#\\\/schema\\\/logo\\\/image\\\/\"},\"sameAs\":[\"https:\\\/\\\/www.facebook.com\\\/BlindTrapper\\\/\",\"https:\\\/\\\/instagram.com\\\/blindtrapperholisticfoods\"]}]}<\/script>\n<!-- \/ Yoast SEO plugin. -->","yoast_head_json":{"title":"Balsam Poplar Buds - Blind Trapper Holistic Foods","robots":{"index":"index","follow":"follow","max-snippet":"max-snippet:-1","max-image-preview":"max-image-preview:large","max-video-preview":"max-video-preview:-1"},"canonical":"https:\/\/www.blindtrapper.com\/fr\/produit\/balsam-poplar-buds\/","og_locale":"fr_CA","og_type":"article","og_title":"Balsam Poplar Buds - Blind Trapper Holistic Foods","og_description":"Swollen balsam poplar buds (Populus Balsamifera) are collected in early spring just before the tree breaks leaf. These buds have been traditionally used as an anti-inflammatory rub as well as used to treat toothaches. They're great for improving the health of skin and hair. We offer packages of spring picked buds that can be used to make tinctures, salves and teas.","og_url":"https:\/\/www.blindtrapper.com\/fr\/produit\/balsam-poplar-buds\/","og_site_name":"Blind Trapper Holistic Foods","article_publisher":"https:\/\/www.facebook.com\/BlindTrapper\/","article_modified_time":"2025-03-28T20:04:56+00:00","og_image":[{"width":2560,"height":1920,"url":"https:\/\/www.blindtrapper.com\/wp-content\/uploads\/2023\/10\/Balsam-Poplar-Buds-scaled.jpg","type":"image\/jpeg"}],"twitter_card":"summary_large_image","twitter_misc":{"Estimation du temps de lecture":"1 minute"},"schema":{"@context":"https:\/\/schema.org","@graph":[{"@type":"WebPage","@id":"https:\/\/www.blindtrapper.com\/product\/balsam-poplar-buds\/","url":"https:\/\/www.blindtrapper.com\/product\/balsam-poplar-buds\/","name":"Balsam Poplar Buds - Blind Trapper Holistic Foods","isPartOf":{"@id":"https:\/\/www.blindtrapper.com\/#website"},"primaryImageOfPage":{"@id":"https:\/\/www.blindtrapper.com\/product\/balsam-poplar-buds\/#primaryimage"},"image":{"@id":"https:\/\/www.blindtrapper.com\/product\/balsam-poplar-buds\/#primaryimage"},"thumbnailUrl":"https:\/\/www.blindtrapper.com\/wp-content\/uploads\/2023\/10\/Balsam-Poplar-Buds-scaled.jpg","datePublished":"2023-10-02T16:30:16+00:00","dateModified":"2025-03-28T20:04:56+00:00","breadcrumb":{"@id":"https:\/\/www.blindtrapper.com\/product\/balsam-poplar-buds\/#breadcrumb"},"inLanguage":"fr-CA","potentialAction":[{"@type":"ReadAction","target":["https:\/\/www.blindtrapper.com\/product\/balsam-poplar-buds\/"]}]},{"@type":"ImageObject","inLanguage":"fr-CA","@id":"https:\/\/www.blindtrapper.com\/product\/balsam-poplar-buds\/#primaryimage","url":"https:\/\/www.blindtrapper.com\/wp-content\/uploads\/2023\/10\/Balsam-Poplar-Buds-scaled.jpg","contentUrl":"https:\/\/www.blindtrapper.com\/wp-content\/uploads\/2023\/10\/Balsam-Poplar-Buds-scaled.jpg","width":2560,"height":1920,"caption":"Photo of harvested Balsam Poplar Buds flowing out of a glass mason jar"},{"@type":"BreadcrumbList","@id":"https:\/\/www.blindtrapper.com\/product\/balsam-poplar-buds\/#breadcrumb","itemListElement":[{"@type":"ListItem","position":1,"name":"Home","item":"https:\/\/www.blindtrapper.com\/"},{"@type":"ListItem","position":2,"name":"Online Shop","item":"https:\/\/www.blindtrapper.com\/holistic-food-shop-online-canada\/"},{"@type":"ListItem","position":3,"name":"Balsam Poplar Buds"}]},{"@type":"WebSite","@id":"https:\/\/www.blindtrapper.com\/#website","url":"https:\/\/www.blindtrapper.com\/","name":"Blind Trapper Holistic Foods","description":"Fournisseur canadien d&#039;aliments holistiques","publisher":{"@id":"https:\/\/www.blindtrapper.com\/#organization"},"potentialAction":[{"@type":"SearchAction","target":{"@type":"EntryPoint","urlTemplate":"https:\/\/www.blindtrapper.com\/?s={search_term_string}"},"query-input":{"@type":"PropertyValueSpecification","valueRequired":true,"valueName":"search_term_string"}}],"inLanguage":"fr-CA"},{"@type":"Organization","@id":"https:\/\/www.blindtrapper.com\/#organization","name":"Blind Trapper Holistic Foods","url":"https:\/\/www.blindtrapper.com\/","logo":{"@type":"ImageObject","inLanguage":"fr-CA","@id":"https:\/\/www.blindtrapper.com\/#\/schema\/logo\/image\/","url":"https:\/\/www.blindtrapper.com\/wp-content\/uploads\/2023\/05\/nature-svgrepo-com.png","contentUrl":"https:\/\/www.blindtrapper.com\/wp-content\/uploads\/2023\/05\/nature-svgrepo-com.png","width":256,"height":256,"caption":"Blind Trapper Holistic Foods"},"image":{"@id":"https:\/\/www.blindtrapper.com\/#\/schema\/logo\/image\/"},"sameAs":["https:\/\/www.facebook.com\/BlindTrapper\/","https:\/\/instagram.com\/blindtrapperholisticfoods"]}]}},"_links":{"self":[{"href":"https:\/\/www.blindtrapper.com\/fr\/wp-json\/wp\/v2\/product\/1282","targetHints":{"allow":["GET"]}}],"collection":[{"href":"https:\/\/www.blindtrapper.com\/fr\/wp-json\/wp\/v2\/product"}],"about":[{"href":"https:\/\/www.blindtrapper.com\/fr\/wp-json\/wp\/v2\/types\/product"}],"wp:featuredmedia":[{"embeddable":true,"href":"https:\/\/www.blindtrapper.com\/fr\/wp-json\/wp\/v2\/media\/1281"}],"wp:attachment":[{"href":"https:\/\/www.blindtrapper.com\/fr\/wp-json\/wp\/v2\/media?parent=1282"}],"wp:term":[{"taxonomy":"product_brand","embeddable":true,"href":"https:\/\/www.blindtrapper.com\/fr\/wp-json\/wp\/v2\/product_brand?post=1282"},{"taxonomy":"product_cat","embeddable":true,"href":"https:\/\/www.blindtrapper.com\/fr\/wp-json\/wp\/v2\/product_cat?post=1282"},{"taxonomy":"product_tag","embeddable":true,"href":"https:\/\/www.blindtrapper.com\/fr\/wp-json\/wp\/v2\/product_tag?post=1282"}],"curies":[{"name":"wp","href":"https:\/\/api.w.org\/{rel}","templated":true}]}}