{"id":1235,"date":"2023-09-29T10:06:26","date_gmt":"2023-09-29T16:06:26","guid":{"rendered":"https:\/\/www.blindtrapper.com\/?post_type=product&#038;p=1235"},"modified":"2024-11-15T11:58:30","modified_gmt":"2024-11-15T17:58:30","slug":"chanterelle-mushrooms","status":"publish","type":"product","link":"https:\/\/www.blindtrapper.com\/fr\/produit\/chanterelle-mushrooms\/","title":{"rendered":"Chanterelles"},"content":{"rendered":"<p class=\"h3 dropcap-text\">Les chanterelles (Cantharellus Cibarius) poussent en abondance dans la mousse blanche du caribou dans certaines r\u00e9gions du delta.<\/p>\n<div class=\"outdent-content\">\n<p><img loading=\"lazy\" decoding=\"async\" class=\"wp-image-1237 size-full aligncenter\" src=\"https:\/\/www.blindtrapper.com\/wp-content\/uploads\/2023\/09\/591b6e48-45ee-40ac-82a8-09aa6f113b3f-e1696003820616.jpg\" alt=\"\" width=\"680\" height=\"680\" srcset=\"https:\/\/www.blindtrapper.com\/wp-content\/uploads\/2023\/09\/591b6e48-45ee-40ac-82a8-09aa6f113b3f-e1696003820616.jpg 680w, https:\/\/www.blindtrapper.com\/wp-content\/uploads\/2023\/09\/591b6e48-45ee-40ac-82a8-09aa6f113b3f-e1696003820616-448x448.jpg 448w, https:\/\/www.blindtrapper.com\/wp-content\/uploads\/2023\/09\/591b6e48-45ee-40ac-82a8-09aa6f113b3f-e1696003820616-300x300.jpg 300w, https:\/\/www.blindtrapper.com\/wp-content\/uploads\/2023\/09\/591b6e48-45ee-40ac-82a8-09aa6f113b3f-e1696003820616-600x600.jpg 600w, https:\/\/www.blindtrapper.com\/wp-content\/uploads\/2023\/09\/591b6e48-45ee-40ac-82a8-09aa6f113b3f-e1696003820616-100x100.jpg 100w\" sizes=\"auto, (max-width: 680px) 100vw, 680px\" \/><\/p>\n<div class=\"text-columns-2\">\n<p>Traditionnellement, les chanterelles sont utilis\u00e9es comme aliment th\u00e9rapeutique par les habitants locaux, car elles contiennent de grandes quantit\u00e9s d&#039;antioxydants et de polysaccharides. Elles contiennent de nombreux compos\u00e9s b\u00e9n\u00e9fiques qui contribuent \u00e0 la sant\u00e9 osseuse et \u00e0 la cicatrisation. Nous proposons des chanterelles s\u00e9ch\u00e9es et fra\u00eeches en saison. Veuillez nous contacter pour conna\u00eetre la disponibilit\u00e9 et la livraison des champignons frais.<\/p>\n<\/div>\n<\/div>","protected":false},"excerpt":{"rendered":"<div class=\"entry-summary\">\n<div class=\"entry-summary\">\n<span class=\"NormalTextRun SCXW1700552 BCX8\">Les chanterelles (Cantharellus cibarius) poussent en abondance dans la mousse blanche de caribou, dans certaines r\u00e9gions du delta. Traditionnellement, elles sont utilis\u00e9es comme aliment th\u00e9rapeutique par les habitants locaux, car elles <\/span><span class=\"NormalTextRun SCXW1700552 BCX8\">contenir<\/span> <span class=\"NormalTextRun SCXW1700552 BCX8\">de grandes quantit\u00e9s<\/span><span class=\"NormalTextRun SCXW1700552 BCX8\"> d&#039;antioxydants et de polysaccharides.<\/span>\n<\/div>\n<\/div>","protected":false},"featured_media":1237,"template":"","meta":{"_acf_changed":false},"product_brand":[],"product_cat":[75],"product_tag":[],"class_list":{"0":"post-1235","1":"product","2":"type-product","3":"status-publish","4":"has-post-thumbnail","6":"product_cat-dried-fruits-mushrooms","8":"first","9":"instock","10":"shipping-taxable","11":"purchasable","12":"product-type-variable","13":"has-gallery","14":"entry"},"acf":[],"yoast_head":"<!-- This site is optimized with the Yoast SEO plugin v27.4 - https:\/\/yoast.com\/product\/yoast-seo-wordpress\/ -->\n<title>Chanterelle Mushrooms - Blind Trapper Holistic Foods<\/title>\n<meta name=\"robots\" content=\"index, follow, max-snippet:-1, max-image-preview:large, max-video-preview:-1\" \/>\n<link rel=\"canonical\" href=\"https:\/\/www.blindtrapper.com\/fr\/produit\/chanterelle-mushrooms\/\" \/>\n<meta property=\"og:locale\" content=\"fr_CA\" \/>\n<meta property=\"og:type\" content=\"article\" \/>\n<meta property=\"og:title\" content=\"Chanterelle Mushrooms - Blind Trapper Holistic Foods\" \/>\n<meta property=\"og:description\" content=\"Chanterelle Mushrooms (Cantharellus Cibarius) grow abundantly in the white caribou moss in some areas of the Delta.\u00a0\u00a0 Traditionally they are used as a healing food by the locals as they contain large amounts of antioxidants and polysaccharides.\" \/>\n<meta property=\"og:url\" content=\"https:\/\/www.blindtrapper.com\/fr\/produit\/chanterelle-mushrooms\/\" \/>\n<meta property=\"og:site_name\" content=\"Blind Trapper Holistic Foods\" \/>\n<meta property=\"article:publisher\" content=\"https:\/\/www.facebook.com\/BlindTrapper\/\" \/>\n<meta property=\"article:modified_time\" content=\"2024-11-15T17:58:30+00:00\" \/>\n<meta property=\"og:image\" content=\"https:\/\/www.blindtrapper.com\/wp-content\/uploads\/2023\/09\/591b6e48-45ee-40ac-82a8-09aa6f113b3f-e1696003820616.jpg\" \/>\n\t<meta property=\"og:image:width\" content=\"680\" \/>\n\t<meta property=\"og:image:height\" content=\"680\" \/>\n\t<meta property=\"og:image:type\" content=\"image\/jpeg\" \/>\n<meta name=\"twitter:card\" content=\"summary_large_image\" \/>\n<meta name=\"twitter:label1\" content=\"Estimation du temps de lecture\" \/>\n\t<meta name=\"twitter:data1\" content=\"1 minute\" \/>\n<script type=\"application\/ld+json\" class=\"yoast-schema-graph\">{\"@context\":\"https:\\\/\\\/schema.org\",\"@graph\":[{\"@type\":\"WebPage\",\"@id\":\"https:\\\/\\\/www.blindtrapper.com\\\/product\\\/chanterelle-mushrooms\\\/\",\"url\":\"https:\\\/\\\/www.blindtrapper.com\\\/product\\\/chanterelle-mushrooms\\\/\",\"name\":\"Chanterelle Mushrooms - Blind Trapper Holistic Foods\",\"isPartOf\":{\"@id\":\"https:\\\/\\\/www.blindtrapper.com\\\/#website\"},\"primaryImageOfPage\":{\"@id\":\"https:\\\/\\\/www.blindtrapper.com\\\/product\\\/chanterelle-mushrooms\\\/#primaryimage\"},\"image\":{\"@id\":\"https:\\\/\\\/www.blindtrapper.com\\\/product\\\/chanterelle-mushrooms\\\/#primaryimage\"},\"thumbnailUrl\":\"https:\\\/\\\/www.blindtrapper.com\\\/wp-content\\\/uploads\\\/2023\\\/09\\\/591b6e48-45ee-40ac-82a8-09aa6f113b3f-e1696003820616.jpg\",\"datePublished\":\"2023-09-29T16:06:26+00:00\",\"dateModified\":\"2024-11-15T17:58:30+00:00\",\"breadcrumb\":{\"@id\":\"https:\\\/\\\/www.blindtrapper.com\\\/product\\\/chanterelle-mushrooms\\\/#breadcrumb\"},\"inLanguage\":\"fr-CA\",\"potentialAction\":[{\"@type\":\"ReadAction\",\"target\":[\"https:\\\/\\\/www.blindtrapper.com\\\/product\\\/chanterelle-mushrooms\\\/\"]}]},{\"@type\":\"ImageObject\",\"inLanguage\":\"fr-CA\",\"@id\":\"https:\\\/\\\/www.blindtrapper.com\\\/product\\\/chanterelle-mushrooms\\\/#primaryimage\",\"url\":\"https:\\\/\\\/www.blindtrapper.com\\\/wp-content\\\/uploads\\\/2023\\\/09\\\/591b6e48-45ee-40ac-82a8-09aa6f113b3f-e1696003820616.jpg\",\"contentUrl\":\"https:\\\/\\\/www.blindtrapper.com\\\/wp-content\\\/uploads\\\/2023\\\/09\\\/591b6e48-45ee-40ac-82a8-09aa6f113b3f-e1696003820616.jpg\",\"width\":680,\"height\":680,\"caption\":\"Top view of a chanterelle mushroom surrounded by reindeer moss\"},{\"@type\":\"BreadcrumbList\",\"@id\":\"https:\\\/\\\/www.blindtrapper.com\\\/product\\\/chanterelle-mushrooms\\\/#breadcrumb\",\"itemListElement\":[{\"@type\":\"ListItem\",\"position\":1,\"name\":\"Home\",\"item\":\"https:\\\/\\\/www.blindtrapper.com\\\/\"},{\"@type\":\"ListItem\",\"position\":2,\"name\":\"Online Shop\",\"item\":\"https:\\\/\\\/www.blindtrapper.com\\\/holistic-food-shop-online-canada\\\/\"},{\"@type\":\"ListItem\",\"position\":3,\"name\":\"Chanterelle Mushrooms\"}]},{\"@type\":\"WebSite\",\"@id\":\"https:\\\/\\\/www.blindtrapper.com\\\/#website\",\"url\":\"https:\\\/\\\/www.blindtrapper.com\\\/\",\"name\":\"Blind Trapper Holistic Foods\",\"description\":\"Canadian Holistic Food Supplier\",\"publisher\":{\"@id\":\"https:\\\/\\\/www.blindtrapper.com\\\/#organization\"},\"potentialAction\":[{\"@type\":\"SearchAction\",\"target\":{\"@type\":\"EntryPoint\",\"urlTemplate\":\"https:\\\/\\\/www.blindtrapper.com\\\/?s={search_term_string}\"},\"query-input\":{\"@type\":\"PropertyValueSpecification\",\"valueRequired\":true,\"valueName\":\"search_term_string\"}}],\"inLanguage\":\"fr-CA\"},{\"@type\":\"Organization\",\"@id\":\"https:\\\/\\\/www.blindtrapper.com\\\/#organization\",\"name\":\"Blind Trapper Holistic Foods\",\"url\":\"https:\\\/\\\/www.blindtrapper.com\\\/\",\"logo\":{\"@type\":\"ImageObject\",\"inLanguage\":\"fr-CA\",\"@id\":\"https:\\\/\\\/www.blindtrapper.com\\\/#\\\/schema\\\/logo\\\/image\\\/\",\"url\":\"https:\\\/\\\/www.blindtrapper.com\\\/wp-content\\\/uploads\\\/2023\\\/05\\\/nature-svgrepo-com.png\",\"contentUrl\":\"https:\\\/\\\/www.blindtrapper.com\\\/wp-content\\\/uploads\\\/2023\\\/05\\\/nature-svgrepo-com.png\",\"width\":256,\"height\":256,\"caption\":\"Blind Trapper Holistic Foods\"},\"image\":{\"@id\":\"https:\\\/\\\/www.blindtrapper.com\\\/#\\\/schema\\\/logo\\\/image\\\/\"},\"sameAs\":[\"https:\\\/\\\/www.facebook.com\\\/BlindTrapper\\\/\",\"https:\\\/\\\/instagram.com\\\/blindtrapperholisticfoods\"]}]}<\/script>\n<!-- \/ Yoast SEO plugin. -->","yoast_head_json":{"title":"Chanterelle Mushrooms - Blind Trapper Holistic Foods","robots":{"index":"index","follow":"follow","max-snippet":"max-snippet:-1","max-image-preview":"max-image-preview:large","max-video-preview":"max-video-preview:-1"},"canonical":"https:\/\/www.blindtrapper.com\/fr\/produit\/chanterelle-mushrooms\/","og_locale":"fr_CA","og_type":"article","og_title":"Chanterelle Mushrooms - Blind Trapper Holistic Foods","og_description":"Chanterelle Mushrooms (Cantharellus Cibarius) grow abundantly in the white caribou moss in some areas of the Delta.\u00a0\u00a0 Traditionally they are used as a healing food by the locals as they contain large amounts of antioxidants and polysaccharides.","og_url":"https:\/\/www.blindtrapper.com\/fr\/produit\/chanterelle-mushrooms\/","og_site_name":"Blind Trapper Holistic Foods","article_publisher":"https:\/\/www.facebook.com\/BlindTrapper\/","article_modified_time":"2024-11-15T17:58:30+00:00","og_image":[{"width":680,"height":680,"url":"https:\/\/www.blindtrapper.com\/wp-content\/uploads\/2023\/09\/591b6e48-45ee-40ac-82a8-09aa6f113b3f-e1696003820616.jpg","type":"image\/jpeg"}],"twitter_card":"summary_large_image","twitter_misc":{"Estimation du temps de lecture":"1 minute"},"schema":{"@context":"https:\/\/schema.org","@graph":[{"@type":"WebPage","@id":"https:\/\/www.blindtrapper.com\/product\/chanterelle-mushrooms\/","url":"https:\/\/www.blindtrapper.com\/product\/chanterelle-mushrooms\/","name":"Chanterelle Mushrooms - Blind Trapper Holistic Foods","isPartOf":{"@id":"https:\/\/www.blindtrapper.com\/#website"},"primaryImageOfPage":{"@id":"https:\/\/www.blindtrapper.com\/product\/chanterelle-mushrooms\/#primaryimage"},"image":{"@id":"https:\/\/www.blindtrapper.com\/product\/chanterelle-mushrooms\/#primaryimage"},"thumbnailUrl":"https:\/\/www.blindtrapper.com\/wp-content\/uploads\/2023\/09\/591b6e48-45ee-40ac-82a8-09aa6f113b3f-e1696003820616.jpg","datePublished":"2023-09-29T16:06:26+00:00","dateModified":"2024-11-15T17:58:30+00:00","breadcrumb":{"@id":"https:\/\/www.blindtrapper.com\/product\/chanterelle-mushrooms\/#breadcrumb"},"inLanguage":"fr-CA","potentialAction":[{"@type":"ReadAction","target":["https:\/\/www.blindtrapper.com\/product\/chanterelle-mushrooms\/"]}]},{"@type":"ImageObject","inLanguage":"fr-CA","@id":"https:\/\/www.blindtrapper.com\/product\/chanterelle-mushrooms\/#primaryimage","url":"https:\/\/www.blindtrapper.com\/wp-content\/uploads\/2023\/09\/591b6e48-45ee-40ac-82a8-09aa6f113b3f-e1696003820616.jpg","contentUrl":"https:\/\/www.blindtrapper.com\/wp-content\/uploads\/2023\/09\/591b6e48-45ee-40ac-82a8-09aa6f113b3f-e1696003820616.jpg","width":680,"height":680,"caption":"Top view of a chanterelle mushroom surrounded by reindeer moss"},{"@type":"BreadcrumbList","@id":"https:\/\/www.blindtrapper.com\/product\/chanterelle-mushrooms\/#breadcrumb","itemListElement":[{"@type":"ListItem","position":1,"name":"Home","item":"https:\/\/www.blindtrapper.com\/"},{"@type":"ListItem","position":2,"name":"Online Shop","item":"https:\/\/www.blindtrapper.com\/holistic-food-shop-online-canada\/"},{"@type":"ListItem","position":3,"name":"Chanterelle Mushrooms"}]},{"@type":"WebSite","@id":"https:\/\/www.blindtrapper.com\/#website","url":"https:\/\/www.blindtrapper.com\/","name":"Blind Trapper Holistic Foods","description":"Fournisseur canadien d&#039;aliments holistiques","publisher":{"@id":"https:\/\/www.blindtrapper.com\/#organization"},"potentialAction":[{"@type":"SearchAction","target":{"@type":"EntryPoint","urlTemplate":"https:\/\/www.blindtrapper.com\/?s={search_term_string}"},"query-input":{"@type":"PropertyValueSpecification","valueRequired":true,"valueName":"search_term_string"}}],"inLanguage":"fr-CA"},{"@type":"Organization","@id":"https:\/\/www.blindtrapper.com\/#organization","name":"Blind Trapper Holistic Foods","url":"https:\/\/www.blindtrapper.com\/","logo":{"@type":"ImageObject","inLanguage":"fr-CA","@id":"https:\/\/www.blindtrapper.com\/#\/schema\/logo\/image\/","url":"https:\/\/www.blindtrapper.com\/wp-content\/uploads\/2023\/05\/nature-svgrepo-com.png","contentUrl":"https:\/\/www.blindtrapper.com\/wp-content\/uploads\/2023\/05\/nature-svgrepo-com.png","width":256,"height":256,"caption":"Blind Trapper Holistic Foods"},"image":{"@id":"https:\/\/www.blindtrapper.com\/#\/schema\/logo\/image\/"},"sameAs":["https:\/\/www.facebook.com\/BlindTrapper\/","https:\/\/instagram.com\/blindtrapperholisticfoods"]}]}},"_links":{"self":[{"href":"https:\/\/www.blindtrapper.com\/fr\/wp-json\/wp\/v2\/product\/1235","targetHints":{"allow":["GET"]}}],"collection":[{"href":"https:\/\/www.blindtrapper.com\/fr\/wp-json\/wp\/v2\/product"}],"about":[{"href":"https:\/\/www.blindtrapper.com\/fr\/wp-json\/wp\/v2\/types\/product"}],"wp:featuredmedia":[{"embeddable":true,"href":"https:\/\/www.blindtrapper.com\/fr\/wp-json\/wp\/v2\/media\/1237"}],"wp:attachment":[{"href":"https:\/\/www.blindtrapper.com\/fr\/wp-json\/wp\/v2\/media?parent=1235"}],"wp:term":[{"taxonomy":"product_brand","embeddable":true,"href":"https:\/\/www.blindtrapper.com\/fr\/wp-json\/wp\/v2\/product_brand?post=1235"},{"taxonomy":"product_cat","embeddable":true,"href":"https:\/\/www.blindtrapper.com\/fr\/wp-json\/wp\/v2\/product_cat?post=1235"},{"taxonomy":"product_tag","embeddable":true,"href":"https:\/\/www.blindtrapper.com\/fr\/wp-json\/wp\/v2\/product_tag?post=1235"}],"curies":[{"name":"wp","href":"https:\/\/api.w.org\/{rel}","templated":true}]}}