{"id":1221,"date":"2023-09-28T11:20:59","date_gmt":"2023-09-28T17:20:59","guid":{"rendered":"https:\/\/www.blindtrapper.com\/?post_type=product&#038;p=1221"},"modified":"2024-05-01T14:37:24","modified_gmt":"2024-05-01T20:37:24","slug":"raspberry-leaves","status":"publish","type":"product","link":"https:\/\/www.blindtrapper.com\/fr\/produit\/raspberry-leaves\/","title":{"rendered":"Feuilles de framboisier"},"content":{"rendered":"<p class=\"h3 dropcap-text\">Les feuilles de framboisier (Rubus Idaeus) sont traditionnellement utilis\u00e9es en tisanes et en cataplasmes pour traiter plusieurs affections li\u00e9es au rhume. Elles poss\u00e8dent des propri\u00e9t\u00e9s anti-inflammatoires et diur\u00e9tiques.<\/p>\n<div class=\"outdent-content\">\n<p><img loading=\"lazy\" decoding=\"async\" class=\"wp-image-1224 size-medium aligncenter\" src=\"https:\/\/www.blindtrapper.com\/wp-content\/uploads\/2023\/09\/raspberry_leaves_2-744x992.jpg\" alt=\"\" width=\"744\" height=\"992\" srcset=\"https:\/\/www.blindtrapper.com\/wp-content\/uploads\/2023\/09\/raspberry_leaves_2-744x992.jpg 744w, https:\/\/www.blindtrapper.com\/wp-content\/uploads\/2023\/09\/raspberry_leaves_2-1200x1600.jpg 1200w, https:\/\/www.blindtrapper.com\/wp-content\/uploads\/2023\/09\/raspberry_leaves_2-1152x1536.jpg 1152w, https:\/\/www.blindtrapper.com\/wp-content\/uploads\/2023\/09\/raspberry_leaves_2-1536x2048.jpg 1536w, https:\/\/www.blindtrapper.com\/wp-content\/uploads\/2023\/09\/raspberry_leaves_2-600x800.jpg 600w, https:\/\/www.blindtrapper.com\/wp-content\/uploads\/2023\/09\/raspberry_leaves_2-scaled.jpg 1920w\" sizes=\"auto, (max-width: 744px) 100vw, 744px\" \/><\/p>\n<div class=\"text-columns-2\">\n<p>On dit qu&#039;il soulage la diarrh\u00e9e. Il contient de grandes quantit\u00e9s de vitamines A, C et de potassium. On retrouve les feuilles de framboisier dans un th\u00e9 commun appel\u00e9 \u00ab\u00a0Rose Rouge\u00a0\u00bb et elles repr\u00e9sentent 851\u00a0TP3T de leur m\u00e9lange. Nos feuilles de framboisier sont r\u00e9colt\u00e9es au moment de la pleine maturit\u00e9, juste avant que le fruit ne commence \u00e0 m\u00fbrir. Nos feuilles de framboisier sont s\u00e9ch\u00e9es \u00e0 l&#039;obscurit\u00e9 et vendues en poudre pour les smoothies ou broy\u00e9es pour les infusions.<\/p>\n<\/div>\n<\/div>","protected":false},"excerpt":{"rendered":"<div class=\"entry-summary\">\n<div class=\"entry-summary\">\nLes feuilles de framboisier (Rubus Idaeus) sont traditionnellement utilis\u00e9es en tisanes et en cataplasmes pour traiter plusieurs affections li\u00e9es au rhume. Elles poss\u00e8dent des propri\u00e9t\u00e9s anti-inflammatoires et diur\u00e9tiques. On dit qu&#039;elles soulagent la diarrh\u00e9e. Elles contiennent de grandes quantit\u00e9s de vitamines A, C et de potassium.\n<\/div>\n<\/div>","protected":false},"featured_media":1223,"template":"","meta":{"_acf_changed":false},"product_brand":[],"product_cat":[76],"product_tag":[],"class_list":{"0":"post-1221","1":"product","2":"type-product","3":"status-publish","4":"has-post-thumbnail","6":"product_cat-dried-herbs","8":"first","9":"instock","10":"shipping-taxable","11":"purchasable","12":"product-type-variable","13":"has-default-attributes","14":"has-gallery","15":"entry"},"acf":[],"yoast_head":"<!-- This site is optimized with the Yoast SEO plugin v27.4 - https:\/\/yoast.com\/product\/yoast-seo-wordpress\/ -->\n<title>Raspberry Leaves - Blind Trapper Holistic Foods<\/title>\n<meta name=\"robots\" content=\"index, follow, max-snippet:-1, max-image-preview:large, max-video-preview:-1\" \/>\n<link rel=\"canonical\" href=\"https:\/\/www.blindtrapper.com\/fr\/produit\/raspberry-leaves\/\" \/>\n<meta property=\"og:locale\" content=\"fr_CA\" \/>\n<meta property=\"og:type\" content=\"article\" \/>\n<meta property=\"og:title\" content=\"Raspberry Leaves - Blind Trapper Holistic Foods\" \/>\n<meta property=\"og:description\" content=\"Raspberry Leaves (Rubus Idaeus) have been used traditionally in teas and poultices to treat several ailments from the common cold. It has anti-inflammatory properties as well as diuretic properties. It is said to help with diarrhea. It contains large amounts of Vitamin A, C, and Potassium.\" \/>\n<meta property=\"og:url\" content=\"https:\/\/www.blindtrapper.com\/fr\/produit\/raspberry-leaves\/\" \/>\n<meta property=\"og:site_name\" content=\"Blind Trapper Holistic Foods\" \/>\n<meta property=\"article:publisher\" content=\"https:\/\/www.facebook.com\/BlindTrapper\/\" \/>\n<meta property=\"article:modified_time\" content=\"2024-05-01T20:37:24+00:00\" \/>\n<meta property=\"og:image\" content=\"https:\/\/www.blindtrapper.com\/wp-content\/uploads\/2023\/09\/raspberry_leaves_1-scaled-e1695921876476.jpg\" \/>\n\t<meta property=\"og:image:width\" content=\"1834\" \/>\n\t<meta property=\"og:image:height\" content=\"1834\" \/>\n\t<meta property=\"og:image:type\" content=\"image\/jpeg\" \/>\n<meta name=\"twitter:card\" content=\"summary_large_image\" \/>\n<meta name=\"twitter:label1\" content=\"Estimation du temps de lecture\" \/>\n\t<meta name=\"twitter:data1\" content=\"1 minute\" \/>\n<script type=\"application\/ld+json\" class=\"yoast-schema-graph\">{\"@context\":\"https:\\\/\\\/schema.org\",\"@graph\":[{\"@type\":\"WebPage\",\"@id\":\"https:\\\/\\\/www.blindtrapper.com\\\/product\\\/raspberry-leaves\\\/\",\"url\":\"https:\\\/\\\/www.blindtrapper.com\\\/product\\\/raspberry-leaves\\\/\",\"name\":\"Raspberry Leaves - Blind Trapper Holistic Foods\",\"isPartOf\":{\"@id\":\"https:\\\/\\\/www.blindtrapper.com\\\/#website\"},\"primaryImageOfPage\":{\"@id\":\"https:\\\/\\\/www.blindtrapper.com\\\/product\\\/raspberry-leaves\\\/#primaryimage\"},\"image\":{\"@id\":\"https:\\\/\\\/www.blindtrapper.com\\\/product\\\/raspberry-leaves\\\/#primaryimage\"},\"thumbnailUrl\":\"https:\\\/\\\/www.blindtrapper.com\\\/wp-content\\\/uploads\\\/2023\\\/09\\\/raspberry_leaves_1-scaled-e1695921876476.jpg\",\"datePublished\":\"2023-09-28T17:20:59+00:00\",\"dateModified\":\"2024-05-01T20:37:24+00:00\",\"breadcrumb\":{\"@id\":\"https:\\\/\\\/www.blindtrapper.com\\\/product\\\/raspberry-leaves\\\/#breadcrumb\"},\"inLanguage\":\"fr-CA\",\"potentialAction\":[{\"@type\":\"ReadAction\",\"target\":[\"https:\\\/\\\/www.blindtrapper.com\\\/product\\\/raspberry-leaves\\\/\"]}]},{\"@type\":\"ImageObject\",\"inLanguage\":\"fr-CA\",\"@id\":\"https:\\\/\\\/www.blindtrapper.com\\\/product\\\/raspberry-leaves\\\/#primaryimage\",\"url\":\"https:\\\/\\\/www.blindtrapper.com\\\/wp-content\\\/uploads\\\/2023\\\/09\\\/raspberry_leaves_1-scaled-e1695921876476.jpg\",\"contentUrl\":\"https:\\\/\\\/www.blindtrapper.com\\\/wp-content\\\/uploads\\\/2023\\\/09\\\/raspberry_leaves_1-scaled-e1695921876476.jpg\",\"width\":1834,\"height\":1834,\"caption\":\"Photo of raspberry leaves with a couple of ripe raspberries\"},{\"@type\":\"BreadcrumbList\",\"@id\":\"https:\\\/\\\/www.blindtrapper.com\\\/product\\\/raspberry-leaves\\\/#breadcrumb\",\"itemListElement\":[{\"@type\":\"ListItem\",\"position\":1,\"name\":\"Home\",\"item\":\"https:\\\/\\\/www.blindtrapper.com\\\/\"},{\"@type\":\"ListItem\",\"position\":2,\"name\":\"Online Shop\",\"item\":\"https:\\\/\\\/www.blindtrapper.com\\\/holistic-food-shop-online-canada\\\/\"},{\"@type\":\"ListItem\",\"position\":3,\"name\":\"Raspberry Leaves\"}]},{\"@type\":\"WebSite\",\"@id\":\"https:\\\/\\\/www.blindtrapper.com\\\/#website\",\"url\":\"https:\\\/\\\/www.blindtrapper.com\\\/\",\"name\":\"Blind Trapper Holistic Foods\",\"description\":\"Canadian Holistic Food Supplier\",\"publisher\":{\"@id\":\"https:\\\/\\\/www.blindtrapper.com\\\/#organization\"},\"potentialAction\":[{\"@type\":\"SearchAction\",\"target\":{\"@type\":\"EntryPoint\",\"urlTemplate\":\"https:\\\/\\\/www.blindtrapper.com\\\/?s={search_term_string}\"},\"query-input\":{\"@type\":\"PropertyValueSpecification\",\"valueRequired\":true,\"valueName\":\"search_term_string\"}}],\"inLanguage\":\"fr-CA\"},{\"@type\":\"Organization\",\"@id\":\"https:\\\/\\\/www.blindtrapper.com\\\/#organization\",\"name\":\"Blind Trapper Holistic Foods\",\"url\":\"https:\\\/\\\/www.blindtrapper.com\\\/\",\"logo\":{\"@type\":\"ImageObject\",\"inLanguage\":\"fr-CA\",\"@id\":\"https:\\\/\\\/www.blindtrapper.com\\\/#\\\/schema\\\/logo\\\/image\\\/\",\"url\":\"https:\\\/\\\/www.blindtrapper.com\\\/wp-content\\\/uploads\\\/2023\\\/05\\\/nature-svgrepo-com.png\",\"contentUrl\":\"https:\\\/\\\/www.blindtrapper.com\\\/wp-content\\\/uploads\\\/2023\\\/05\\\/nature-svgrepo-com.png\",\"width\":256,\"height\":256,\"caption\":\"Blind Trapper Holistic Foods\"},\"image\":{\"@id\":\"https:\\\/\\\/www.blindtrapper.com\\\/#\\\/schema\\\/logo\\\/image\\\/\"},\"sameAs\":[\"https:\\\/\\\/www.facebook.com\\\/BlindTrapper\\\/\",\"https:\\\/\\\/instagram.com\\\/blindtrapperholisticfoods\"]}]}<\/script>\n<!-- \/ Yoast SEO plugin. -->","yoast_head_json":{"title":"Raspberry Leaves - Blind Trapper Holistic Foods","robots":{"index":"index","follow":"follow","max-snippet":"max-snippet:-1","max-image-preview":"max-image-preview:large","max-video-preview":"max-video-preview:-1"},"canonical":"https:\/\/www.blindtrapper.com\/fr\/produit\/raspberry-leaves\/","og_locale":"fr_CA","og_type":"article","og_title":"Raspberry Leaves - Blind Trapper Holistic Foods","og_description":"Raspberry Leaves (Rubus Idaeus) have been used traditionally in teas and poultices to treat several ailments from the common cold. It has anti-inflammatory properties as well as diuretic properties. It is said to help with diarrhea. It contains large amounts of Vitamin A, C, and Potassium.","og_url":"https:\/\/www.blindtrapper.com\/fr\/produit\/raspberry-leaves\/","og_site_name":"Blind Trapper Holistic Foods","article_publisher":"https:\/\/www.facebook.com\/BlindTrapper\/","article_modified_time":"2024-05-01T20:37:24+00:00","og_image":[{"width":1834,"height":1834,"url":"https:\/\/www.blindtrapper.com\/wp-content\/uploads\/2023\/09\/raspberry_leaves_1-scaled-e1695921876476.jpg","type":"image\/jpeg"}],"twitter_card":"summary_large_image","twitter_misc":{"Estimation du temps de lecture":"1 minute"},"schema":{"@context":"https:\/\/schema.org","@graph":[{"@type":"WebPage","@id":"https:\/\/www.blindtrapper.com\/product\/raspberry-leaves\/","url":"https:\/\/www.blindtrapper.com\/product\/raspberry-leaves\/","name":"Raspberry Leaves - Blind Trapper Holistic Foods","isPartOf":{"@id":"https:\/\/www.blindtrapper.com\/#website"},"primaryImageOfPage":{"@id":"https:\/\/www.blindtrapper.com\/product\/raspberry-leaves\/#primaryimage"},"image":{"@id":"https:\/\/www.blindtrapper.com\/product\/raspberry-leaves\/#primaryimage"},"thumbnailUrl":"https:\/\/www.blindtrapper.com\/wp-content\/uploads\/2023\/09\/raspberry_leaves_1-scaled-e1695921876476.jpg","datePublished":"2023-09-28T17:20:59+00:00","dateModified":"2024-05-01T20:37:24+00:00","breadcrumb":{"@id":"https:\/\/www.blindtrapper.com\/product\/raspberry-leaves\/#breadcrumb"},"inLanguage":"fr-CA","potentialAction":[{"@type":"ReadAction","target":["https:\/\/www.blindtrapper.com\/product\/raspberry-leaves\/"]}]},{"@type":"ImageObject","inLanguage":"fr-CA","@id":"https:\/\/www.blindtrapper.com\/product\/raspberry-leaves\/#primaryimage","url":"https:\/\/www.blindtrapper.com\/wp-content\/uploads\/2023\/09\/raspberry_leaves_1-scaled-e1695921876476.jpg","contentUrl":"https:\/\/www.blindtrapper.com\/wp-content\/uploads\/2023\/09\/raspberry_leaves_1-scaled-e1695921876476.jpg","width":1834,"height":1834,"caption":"Photo of raspberry leaves with a couple of ripe raspberries"},{"@type":"BreadcrumbList","@id":"https:\/\/www.blindtrapper.com\/product\/raspberry-leaves\/#breadcrumb","itemListElement":[{"@type":"ListItem","position":1,"name":"Home","item":"https:\/\/www.blindtrapper.com\/"},{"@type":"ListItem","position":2,"name":"Online Shop","item":"https:\/\/www.blindtrapper.com\/holistic-food-shop-online-canada\/"},{"@type":"ListItem","position":3,"name":"Raspberry Leaves"}]},{"@type":"WebSite","@id":"https:\/\/www.blindtrapper.com\/#website","url":"https:\/\/www.blindtrapper.com\/","name":"Blind Trapper Holistic Foods","description":"Fournisseur canadien d&#039;aliments holistiques","publisher":{"@id":"https:\/\/www.blindtrapper.com\/#organization"},"potentialAction":[{"@type":"SearchAction","target":{"@type":"EntryPoint","urlTemplate":"https:\/\/www.blindtrapper.com\/?s={search_term_string}"},"query-input":{"@type":"PropertyValueSpecification","valueRequired":true,"valueName":"search_term_string"}}],"inLanguage":"fr-CA"},{"@type":"Organization","@id":"https:\/\/www.blindtrapper.com\/#organization","name":"Blind Trapper Holistic Foods","url":"https:\/\/www.blindtrapper.com\/","logo":{"@type":"ImageObject","inLanguage":"fr-CA","@id":"https:\/\/www.blindtrapper.com\/#\/schema\/logo\/image\/","url":"https:\/\/www.blindtrapper.com\/wp-content\/uploads\/2023\/05\/nature-svgrepo-com.png","contentUrl":"https:\/\/www.blindtrapper.com\/wp-content\/uploads\/2023\/05\/nature-svgrepo-com.png","width":256,"height":256,"caption":"Blind Trapper Holistic Foods"},"image":{"@id":"https:\/\/www.blindtrapper.com\/#\/schema\/logo\/image\/"},"sameAs":["https:\/\/www.facebook.com\/BlindTrapper\/","https:\/\/instagram.com\/blindtrapperholisticfoods"]}]}},"_links":{"self":[{"href":"https:\/\/www.blindtrapper.com\/fr\/wp-json\/wp\/v2\/product\/1221","targetHints":{"allow":["GET"]}}],"collection":[{"href":"https:\/\/www.blindtrapper.com\/fr\/wp-json\/wp\/v2\/product"}],"about":[{"href":"https:\/\/www.blindtrapper.com\/fr\/wp-json\/wp\/v2\/types\/product"}],"wp:featuredmedia":[{"embeddable":true,"href":"https:\/\/www.blindtrapper.com\/fr\/wp-json\/wp\/v2\/media\/1223"}],"wp:attachment":[{"href":"https:\/\/www.blindtrapper.com\/fr\/wp-json\/wp\/v2\/media?parent=1221"}],"wp:term":[{"taxonomy":"product_brand","embeddable":true,"href":"https:\/\/www.blindtrapper.com\/fr\/wp-json\/wp\/v2\/product_brand?post=1221"},{"taxonomy":"product_cat","embeddable":true,"href":"https:\/\/www.blindtrapper.com\/fr\/wp-json\/wp\/v2\/product_cat?post=1221"},{"taxonomy":"product_tag","embeddable":true,"href":"https:\/\/www.blindtrapper.com\/fr\/wp-json\/wp\/v2\/product_tag?post=1221"}],"curies":[{"name":"wp","href":"https:\/\/api.w.org\/{rel}","templated":true}]}}