{"id":1217,"date":"2023-09-27T15:56:19","date_gmt":"2023-09-27T21:56:19","guid":{"rendered":"https:\/\/www.blindtrapper.com\/?post_type=product&#038;p=1217"},"modified":"2024-11-20T14:36:00","modified_gmt":"2024-11-20T20:36:00","slug":"low-bush-cranberries","status":"publish","type":"product","link":"https:\/\/www.blindtrapper.com\/fr\/produit\/low-bush-cranberries\/","title":{"rendered":"Canneberges \u00e0 feuilles \u00e9troites"},"content":{"rendered":"<p class=\"h3 dropcap-text\">Les canneberges \u00e0 fruits nains poussent en abondance dans les basses terres du delta. Elles \u00e9taient traditionnellement utilis\u00e9es pour purifier le sang et d\u00e9toxifier le foie et les reins.<\/p>\n<div class=\"outdent-content\">\n<p><img loading=\"lazy\" decoding=\"async\" class=\"wp-image-1269 size-medium aligncenter\" src=\"https:\/\/www.blindtrapper.com\/wp-content\/uploads\/2023\/10\/Lowbush-Cranberry-744x992.jpg\" alt=\"Closeup photo of lowbush cranberries\" width=\"744\" height=\"992\" srcset=\"https:\/\/www.blindtrapper.com\/wp-content\/uploads\/2023\/10\/Lowbush-Cranberry-744x992.jpg 744w, https:\/\/www.blindtrapper.com\/wp-content\/uploads\/2023\/10\/Lowbush-Cranberry-600x800.jpg 600w, https:\/\/www.blindtrapper.com\/wp-content\/uploads\/2023\/10\/Lowbush-Cranberry.jpg 1080w\" sizes=\"auto, (max-width: 744px) 100vw, 744px\" \/><\/p>\n<div class=\"text-columns-2\">\n<p>Riches en vitamine C, les canneberges \u00e9taient autrefois couramment utilis\u00e9es comme source alimentaire. S\u00e9ch\u00e9es, consomm\u00e9es telles quelles ou m\u00e9lang\u00e9es \u00e0 des noix de p\u00e9can, les canneberges contiennent des compos\u00e9s qui aident \u00e0 lutter contre les infections urinaires et semblent avoir des propri\u00e9t\u00e9s immunostimulantes. Nous proposons des canneberges s\u00e9ch\u00e9es en sachets de feuilles. Des baies s\u00e9ch\u00e9es ou fra\u00eeches sont \u00e9galement disponibles en saison. Les canneberges sont r\u00e9colt\u00e9es \u00e0 la mi-automne, lorsque les baies sont m\u00fbres. Elles constituent l&#039;ingr\u00e9dient principal du th\u00e9 Moontime de Blind Trappers.<\/p>\n<\/div>\n<\/div>","protected":false},"excerpt":{"rendered":"<div class=\"entry-summary\">\n<div class=\"entry-summary\">\nLes canneberges \u00e0 feuilles \u00e9troites poussent en abondance dans les basses terres du Delta. Elles \u00e9taient traditionnellement utilis\u00e9es pour purifier le sang et d\u00e9toxifier le foie et les reins. Riches en vitamine C, elles \u00e9taient couramment utilis\u00e9es comme source alimentaire. S\u00e9ch\u00e9es, consomm\u00e9es telles quelles ou m\u00e9lang\u00e9es \u00e0 des noix de p\u00e9can, les canneberges contiennent des compos\u00e9s qui aident \u00e0 lutter contre les infections urinaires et semblent avoir des propri\u00e9t\u00e9s immunostimulantes.\n<\/div>\n<\/div>","protected":false},"featured_media":1269,"template":"","meta":{"_acf_changed":false},"product_brand":[],"product_cat":[75],"product_tag":[],"class_list":{"0":"post-1217","1":"product","2":"type-product","3":"status-publish","4":"has-post-thumbnail","6":"product_cat-dried-fruits-mushrooms","8":"first","9":"instock","10":"shipping-taxable","11":"purchasable","12":"product-type-variable","13":"has-default-attributes","14":"entry"},"acf":[],"yoast_head":"<!-- This site is optimized with the Yoast SEO plugin v27.4 - https:\/\/yoast.com\/product\/yoast-seo-wordpress\/ -->\n<title>Low Bush Cranberries - Blind Trapper Holistic Foods<\/title>\n<meta name=\"robots\" content=\"index, follow, max-snippet:-1, max-image-preview:large, max-video-preview:-1\" \/>\n<link rel=\"canonical\" href=\"https:\/\/www.blindtrapper.com\/fr\/produit\/low-bush-cranberries\/\" \/>\n<meta property=\"og:locale\" content=\"fr_CA\" \/>\n<meta property=\"og:type\" content=\"article\" \/>\n<meta property=\"og:title\" content=\"Low Bush Cranberries - Blind Trapper Holistic Foods\" \/>\n<meta property=\"og:description\" content=\"Low bush cranberries grow abundantly in the low areas of the Delta. They were traditionally used as a blood cleaner and to detoxify the liver and kidneys. They have a high amount of Vitamin C and were commonly used as a food source. Dried, eaten or just as is or mixed into pecan, cranberries contain compounds to help with urinary tract infections and seem to have immune boosting properties..\" \/>\n<meta property=\"og:url\" content=\"https:\/\/www.blindtrapper.com\/fr\/produit\/low-bush-cranberries\/\" \/>\n<meta property=\"og:site_name\" content=\"Blind Trapper Holistic Foods\" \/>\n<meta property=\"article:publisher\" content=\"https:\/\/www.facebook.com\/BlindTrapper\/\" \/>\n<meta property=\"article:modified_time\" content=\"2024-11-20T20:36:00+00:00\" \/>\n<meta property=\"og:image\" content=\"https:\/\/www.blindtrapper.com\/wp-content\/uploads\/2023\/10\/Lowbush-Cranberry.jpg\" \/>\n\t<meta property=\"og:image:width\" content=\"1080\" \/>\n\t<meta property=\"og:image:height\" content=\"1440\" \/>\n\t<meta property=\"og:image:type\" content=\"image\/jpeg\" \/>\n<meta name=\"twitter:card\" content=\"summary_large_image\" \/>\n<meta name=\"twitter:label1\" content=\"Estimation du temps de lecture\" \/>\n\t<meta name=\"twitter:data1\" content=\"1 minute\" \/>\n<script type=\"application\/ld+json\" class=\"yoast-schema-graph\">{\"@context\":\"https:\\\/\\\/schema.org\",\"@graph\":[{\"@type\":\"WebPage\",\"@id\":\"https:\\\/\\\/www.blindtrapper.com\\\/product\\\/low-bush-cranberries\\\/\",\"url\":\"https:\\\/\\\/www.blindtrapper.com\\\/product\\\/low-bush-cranberries\\\/\",\"name\":\"Low Bush Cranberries - Blind Trapper Holistic Foods\",\"isPartOf\":{\"@id\":\"https:\\\/\\\/www.blindtrapper.com\\\/#website\"},\"primaryImageOfPage\":{\"@id\":\"https:\\\/\\\/www.blindtrapper.com\\\/product\\\/low-bush-cranberries\\\/#primaryimage\"},\"image\":{\"@id\":\"https:\\\/\\\/www.blindtrapper.com\\\/product\\\/low-bush-cranberries\\\/#primaryimage\"},\"thumbnailUrl\":\"https:\\\/\\\/www.blindtrapper.com\\\/wp-content\\\/uploads\\\/2023\\\/10\\\/Lowbush-Cranberry.jpg\",\"datePublished\":\"2023-09-27T21:56:19+00:00\",\"dateModified\":\"2024-11-20T20:36:00+00:00\",\"breadcrumb\":{\"@id\":\"https:\\\/\\\/www.blindtrapper.com\\\/product\\\/low-bush-cranberries\\\/#breadcrumb\"},\"inLanguage\":\"fr-CA\",\"potentialAction\":[{\"@type\":\"ReadAction\",\"target\":[\"https:\\\/\\\/www.blindtrapper.com\\\/product\\\/low-bush-cranberries\\\/\"]}]},{\"@type\":\"ImageObject\",\"inLanguage\":\"fr-CA\",\"@id\":\"https:\\\/\\\/www.blindtrapper.com\\\/product\\\/low-bush-cranberries\\\/#primaryimage\",\"url\":\"https:\\\/\\\/www.blindtrapper.com\\\/wp-content\\\/uploads\\\/2023\\\/10\\\/Lowbush-Cranberry.jpg\",\"contentUrl\":\"https:\\\/\\\/www.blindtrapper.com\\\/wp-content\\\/uploads\\\/2023\\\/10\\\/Lowbush-Cranberry.jpg\",\"width\":1080,\"height\":1440,\"caption\":\"Closeup photo of lowbush cranberries\"},{\"@type\":\"BreadcrumbList\",\"@id\":\"https:\\\/\\\/www.blindtrapper.com\\\/product\\\/low-bush-cranberries\\\/#breadcrumb\",\"itemListElement\":[{\"@type\":\"ListItem\",\"position\":1,\"name\":\"Home\",\"item\":\"https:\\\/\\\/www.blindtrapper.com\\\/\"},{\"@type\":\"ListItem\",\"position\":2,\"name\":\"Online Shop\",\"item\":\"https:\\\/\\\/www.blindtrapper.com\\\/holistic-food-shop-online-canada\\\/\"},{\"@type\":\"ListItem\",\"position\":3,\"name\":\"Low Bush Cranberries\"}]},{\"@type\":\"WebSite\",\"@id\":\"https:\\\/\\\/www.blindtrapper.com\\\/#website\",\"url\":\"https:\\\/\\\/www.blindtrapper.com\\\/\",\"name\":\"Blind Trapper Holistic Foods\",\"description\":\"Canadian Holistic Food Supplier\",\"publisher\":{\"@id\":\"https:\\\/\\\/www.blindtrapper.com\\\/#organization\"},\"potentialAction\":[{\"@type\":\"SearchAction\",\"target\":{\"@type\":\"EntryPoint\",\"urlTemplate\":\"https:\\\/\\\/www.blindtrapper.com\\\/?s={search_term_string}\"},\"query-input\":{\"@type\":\"PropertyValueSpecification\",\"valueRequired\":true,\"valueName\":\"search_term_string\"}}],\"inLanguage\":\"fr-CA\"},{\"@type\":\"Organization\",\"@id\":\"https:\\\/\\\/www.blindtrapper.com\\\/#organization\",\"name\":\"Blind Trapper Holistic Foods\",\"url\":\"https:\\\/\\\/www.blindtrapper.com\\\/\",\"logo\":{\"@type\":\"ImageObject\",\"inLanguage\":\"fr-CA\",\"@id\":\"https:\\\/\\\/www.blindtrapper.com\\\/#\\\/schema\\\/logo\\\/image\\\/\",\"url\":\"https:\\\/\\\/www.blindtrapper.com\\\/wp-content\\\/uploads\\\/2023\\\/05\\\/nature-svgrepo-com.png\",\"contentUrl\":\"https:\\\/\\\/www.blindtrapper.com\\\/wp-content\\\/uploads\\\/2023\\\/05\\\/nature-svgrepo-com.png\",\"width\":256,\"height\":256,\"caption\":\"Blind Trapper Holistic Foods\"},\"image\":{\"@id\":\"https:\\\/\\\/www.blindtrapper.com\\\/#\\\/schema\\\/logo\\\/image\\\/\"},\"sameAs\":[\"https:\\\/\\\/www.facebook.com\\\/BlindTrapper\\\/\",\"https:\\\/\\\/instagram.com\\\/blindtrapperholisticfoods\"]}]}<\/script>\n<!-- \/ Yoast SEO plugin. -->","yoast_head_json":{"title":"Low Bush Cranberries - Blind Trapper Holistic Foods","robots":{"index":"index","follow":"follow","max-snippet":"max-snippet:-1","max-image-preview":"max-image-preview:large","max-video-preview":"max-video-preview:-1"},"canonical":"https:\/\/www.blindtrapper.com\/fr\/produit\/low-bush-cranberries\/","og_locale":"fr_CA","og_type":"article","og_title":"Low Bush Cranberries - Blind Trapper Holistic Foods","og_description":"Low bush cranberries grow abundantly in the low areas of the Delta. They were traditionally used as a blood cleaner and to detoxify the liver and kidneys. They have a high amount of Vitamin C and were commonly used as a food source. Dried, eaten or just as is or mixed into pecan, cranberries contain compounds to help with urinary tract infections and seem to have immune boosting properties..","og_url":"https:\/\/www.blindtrapper.com\/fr\/produit\/low-bush-cranberries\/","og_site_name":"Blind Trapper Holistic Foods","article_publisher":"https:\/\/www.facebook.com\/BlindTrapper\/","article_modified_time":"2024-11-20T20:36:00+00:00","og_image":[{"width":1080,"height":1440,"url":"https:\/\/www.blindtrapper.com\/wp-content\/uploads\/2023\/10\/Lowbush-Cranberry.jpg","type":"image\/jpeg"}],"twitter_card":"summary_large_image","twitter_misc":{"Estimation du temps de lecture":"1 minute"},"schema":{"@context":"https:\/\/schema.org","@graph":[{"@type":"WebPage","@id":"https:\/\/www.blindtrapper.com\/product\/low-bush-cranberries\/","url":"https:\/\/www.blindtrapper.com\/product\/low-bush-cranberries\/","name":"Low Bush Cranberries - Blind Trapper Holistic Foods","isPartOf":{"@id":"https:\/\/www.blindtrapper.com\/#website"},"primaryImageOfPage":{"@id":"https:\/\/www.blindtrapper.com\/product\/low-bush-cranberries\/#primaryimage"},"image":{"@id":"https:\/\/www.blindtrapper.com\/product\/low-bush-cranberries\/#primaryimage"},"thumbnailUrl":"https:\/\/www.blindtrapper.com\/wp-content\/uploads\/2023\/10\/Lowbush-Cranberry.jpg","datePublished":"2023-09-27T21:56:19+00:00","dateModified":"2024-11-20T20:36:00+00:00","breadcrumb":{"@id":"https:\/\/www.blindtrapper.com\/product\/low-bush-cranberries\/#breadcrumb"},"inLanguage":"fr-CA","potentialAction":[{"@type":"ReadAction","target":["https:\/\/www.blindtrapper.com\/product\/low-bush-cranberries\/"]}]},{"@type":"ImageObject","inLanguage":"fr-CA","@id":"https:\/\/www.blindtrapper.com\/product\/low-bush-cranberries\/#primaryimage","url":"https:\/\/www.blindtrapper.com\/wp-content\/uploads\/2023\/10\/Lowbush-Cranberry.jpg","contentUrl":"https:\/\/www.blindtrapper.com\/wp-content\/uploads\/2023\/10\/Lowbush-Cranberry.jpg","width":1080,"height":1440,"caption":"Closeup photo of lowbush cranberries"},{"@type":"BreadcrumbList","@id":"https:\/\/www.blindtrapper.com\/product\/low-bush-cranberries\/#breadcrumb","itemListElement":[{"@type":"ListItem","position":1,"name":"Home","item":"https:\/\/www.blindtrapper.com\/"},{"@type":"ListItem","position":2,"name":"Online Shop","item":"https:\/\/www.blindtrapper.com\/holistic-food-shop-online-canada\/"},{"@type":"ListItem","position":3,"name":"Low Bush Cranberries"}]},{"@type":"WebSite","@id":"https:\/\/www.blindtrapper.com\/#website","url":"https:\/\/www.blindtrapper.com\/","name":"Blind Trapper Holistic Foods","description":"Fournisseur canadien d&#039;aliments holistiques","publisher":{"@id":"https:\/\/www.blindtrapper.com\/#organization"},"potentialAction":[{"@type":"SearchAction","target":{"@type":"EntryPoint","urlTemplate":"https:\/\/www.blindtrapper.com\/?s={search_term_string}"},"query-input":{"@type":"PropertyValueSpecification","valueRequired":true,"valueName":"search_term_string"}}],"inLanguage":"fr-CA"},{"@type":"Organization","@id":"https:\/\/www.blindtrapper.com\/#organization","name":"Blind Trapper Holistic Foods","url":"https:\/\/www.blindtrapper.com\/","logo":{"@type":"ImageObject","inLanguage":"fr-CA","@id":"https:\/\/www.blindtrapper.com\/#\/schema\/logo\/image\/","url":"https:\/\/www.blindtrapper.com\/wp-content\/uploads\/2023\/05\/nature-svgrepo-com.png","contentUrl":"https:\/\/www.blindtrapper.com\/wp-content\/uploads\/2023\/05\/nature-svgrepo-com.png","width":256,"height":256,"caption":"Blind Trapper Holistic Foods"},"image":{"@id":"https:\/\/www.blindtrapper.com\/#\/schema\/logo\/image\/"},"sameAs":["https:\/\/www.facebook.com\/BlindTrapper\/","https:\/\/instagram.com\/blindtrapperholisticfoods"]}]}},"_links":{"self":[{"href":"https:\/\/www.blindtrapper.com\/fr\/wp-json\/wp\/v2\/product\/1217","targetHints":{"allow":["GET"]}}],"collection":[{"href":"https:\/\/www.blindtrapper.com\/fr\/wp-json\/wp\/v2\/product"}],"about":[{"href":"https:\/\/www.blindtrapper.com\/fr\/wp-json\/wp\/v2\/types\/product"}],"wp:featuredmedia":[{"embeddable":true,"href":"https:\/\/www.blindtrapper.com\/fr\/wp-json\/wp\/v2\/media\/1269"}],"wp:attachment":[{"href":"https:\/\/www.blindtrapper.com\/fr\/wp-json\/wp\/v2\/media?parent=1217"}],"wp:term":[{"taxonomy":"product_brand","embeddable":true,"href":"https:\/\/www.blindtrapper.com\/fr\/wp-json\/wp\/v2\/product_brand?post=1217"},{"taxonomy":"product_cat","embeddable":true,"href":"https:\/\/www.blindtrapper.com\/fr\/wp-json\/wp\/v2\/product_cat?post=1217"},{"taxonomy":"product_tag","embeddable":true,"href":"https:\/\/www.blindtrapper.com\/fr\/wp-json\/wp\/v2\/product_tag?post=1217"}],"curies":[{"name":"wp","href":"https:\/\/api.w.org\/{rel}","templated":true}]}}