{"id":504,"date":"2017-05-22T11:57:54","date_gmt":"2017-05-22T09:57:54","guid":{"rendered":"http:\/\/themedemos.webmandesign.eu\/icelander\/?page_id=504"},"modified":"2024-10-21T19:41:00","modified_gmt":"2024-10-22T01:41:00","slug":"about-our-holistic-food-supplier-canada-business","status":"publish","type":"page","link":"https:\/\/www.blindtrapper.com\/fr\/about-our-holistic-food-supplier-canada-business\/","title":{"rendered":"\u00c0 propos de nous"},"content":{"rendered":"<h2>Bienvenue chez Blind Trapper Holistic Foods<\/h2>\n<p>Situ\u00e9 au c\u0153ur des paysages verdoyants du delta de Cumberland, Blind Trapper, fournisseur d&#039;aliments holistiques Canada, vous invite \u00e0 un voyage gustatif, traditionnel et durable. Nous sommes plus qu&#039;une entreprise alimentaire. Nous sommes une communaut\u00e9 de passionn\u00e9s engag\u00e9s \u00e0 pr\u00e9server la richesse de notre territoire tout en vous offrant le meilleur de la nature.<\/p>\n<p>En tant que r\u00e9f\u00e9rence dans l&#039;industrie alimentaire durable, nous proposons une gamme de produits alimentaires sauvages et biologiques, r\u00e9colt\u00e9s au c\u0153ur du plus grand delta int\u00e9rieur du Canada. Notre connaissance approfondie de la flore locale nous permet de s\u00e9lectionner et de r\u00e9colter avec soin une grande vari\u00e9t\u00e9 de produits comestibles, sans perturber l&#039;harmonie de l&#039;\u00e9cosyst\u00e8me.<\/p>\n<p><a href=\"https:\/\/www.blindtrapper.com\/fr\/holistic-food-shop-online-canada\/\">Cliquez ici pour voir nos aliments holistiques \u00e0 vendre.<\/a><\/p>\n\t\t\t\t<img loading=\"lazy\" decoding=\"async\" src=\"https:\/\/www.blindtrapper.com\/wp-content\/uploads\/2023\/05\/yarrow-g89fcb68b6_1280.jpg\" alt=\"Top view of yarrow flower\" itemprop=\"image\" height=\"960\" width=\"1280\" title=\"Plante d&#039;achill\u00e9e millefeuille\" onerror=\"this.style.display='none'\"  \/>\n\t\t\t\t<img loading=\"lazy\" decoding=\"async\" src=\"https:\/\/www.blindtrapper.com\/wp-content\/uploads\/2023\/05\/yarrow-g89fcb68b6_1280.jpg\" alt=\"Top view of yarrow flower\" itemprop=\"image\" height=\"960\" width=\"1280\" title=\"Plante d&#039;achill\u00e9e millefeuille\" onerror=\"this.style.display='none'\"  \/>\n\t\t\t\t<img loading=\"lazy\" decoding=\"async\" src=\"https:\/\/www.blindtrapper.com\/wp-content\/uploads\/2023\/05\/wild-mint-1280.jpg\" alt=\"Close up photo of wild mint in it's flowering stage\" itemprop=\"image\" height=\"1280\" width=\"914\" title=\"Menthe sauvage\" onerror=\"this.style.display='none'\"  \/>\n\t\t\t\t<img loading=\"lazy\" decoding=\"async\" src=\"https:\/\/www.blindtrapper.com\/wp-content\/uploads\/2023\/05\/labrador-tea-gc2a860408_1280.jpg\" alt=\"Top View of Labrador Tea Flower\" itemprop=\"image\" height=\"853\" width=\"1280\" title=\"Th\u00e9 du Labrador\" onerror=\"this.style.display='none'\"  \/>\n\t\t\t\t<img loading=\"lazy\" decoding=\"async\" src=\"https:\/\/www.blindtrapper.com\/wp-content\/uploads\/2023\/05\/labrador-tea-gc2a860408_1280.jpg\" alt=\"Top View of Labrador Tea Flower\" itemprop=\"image\" height=\"853\" width=\"1280\" title=\"Th\u00e9 du Labrador\" onerror=\"this.style.display='none'\"  \/>\n\t<h2>Notre histoire<\/h2>\n<p>Blind Trapper Holistic Foods est n\u00e9 de la vision de Mark Monsebroten. Fort de vastes connaissances et d&#039;un profond respect pour les ressources naturelles, il a souhait\u00e9 cr\u00e9er une entreprise alliant la sagesse des m\u00e9thodes d&#039;approvisionnement alimentaire traditionnelles \u00e0 des pratiques modernes et durables.<\/p>\n<p>La conviction de Mark \u2013 qu&#039;il est bien plus judicieux de consommer des aliments comme rem\u00e8des que des m\u00e9dicaments comme aliments \u2013 est au c\u0153ur de Blind Trapper. Cette philosophie est ancr\u00e9e dans nos activit\u00e9s et influence tout, de la s\u00e9lection de nos produits aux relations que nous entretenons avec nos clients et notre communaut\u00e9.<\/p>\n<p>Rien qu&#039;en 2022, nous avons produit 27 vari\u00e9t\u00e9s de produits vari\u00e9s, chacune refl\u00e9tant la richesse du delta du Cumberland. Mais le chemin ne s&#039;arr\u00eate pas l\u00e0. Nous nous effor\u00e7ons continuellement d&#039;\u00e9largir notre gamme, en d\u00e9couvrant et en introduisant de nouveaux produits uniques issus de cette terre fertile.<\/p>\n<p><a href=\"https:\/\/www.youtube.com\/watch?v=rTXylg3Bfys\" target=\"_blank\" rel=\"noopener\">Cliquez ici pour regarder l&#039;interview de Mark avec Trapping Inc TV sur YouTube.<\/a><\/p>\n\t<h2><strong>Notre \u00e9quipe de fournisseurs d&#039;aliments holistiques au Canada<\/strong><\/h2>\n<p>Nous sommes fiers de notre \u00e9quipe d\u00e9vou\u00e9e de cueilleurs locaux, issus des communaut\u00e9s entourant le delta de Cumberland, notamment Cumberland House, Shore Lake et Red Earth, en Saskatchewan. Leur connaissance approfondie du territoire et de ses richesses, transmise de g\u00e9n\u00e9ration en g\u00e9n\u00e9ration, est essentielle \u00e0 notre r\u00e9ussite.<\/p>\n<p>Nous croyons en l&#039;autonomisation de nos communaut\u00e9s locales. En offrant des emplois et en contribuant \u00e0 l&#039;acheminement des produits de nos p\u00eacheurs vers les march\u00e9s locaux et internationaux, nous favorisons un \u00e9cosyst\u00e8me o\u00f9 tradition, communaut\u00e9 et durabilit\u00e9 prosp\u00e8rent.<\/p>\n\t\t\t\t<img loading=\"lazy\" decoding=\"async\" src=\"https:\/\/www.blindtrapper.com\/wp-content\/uploads\/2023\/05\/mark_monsebroten.jpg\" alt=\"Photograph of Mark Monsebroten, standing on the ice, holding a large fish\" itemprop=\"image\" height=\"960\" width=\"720\" title=\"Marc Monsebroten\" onerror=\"this.style.display='none'\"  \/>\n\t<h3>Marc Monsebroten<\/h3>\n\t<p><em>R\u00f4le\/Poste<\/em><\/p>\n\t<h2>Pourquoi la r\u00e9colte durable est importante<\/h2>\n\t\t\t\t<img loading=\"lazy\" decoding=\"async\" src=\"https:\/\/www.blindtrapper.com\/wp-content\/uploads\/2023\/05\/nature-svgrepo-com-100x100.png\" alt=\"Leaf Icon\" itemprop=\"image\" height=\"100\" width=\"100\" title=\"Ic\u00f4ne de feuille\" onerror=\"this.style.display='none'\"  \/>\n\t<h3><strong>Pr\u00e9servation des \u00e9cosyst\u00e8mes<\/strong><\/h3>\n<p>La r\u00e9colte durable contribue \u00e0 maintenir et \u00e0 pr\u00e9server la biodiversit\u00e9 des \u00e9cosyst\u00e8mes. En veillant \u00e0 ne pr\u00e9lever que ce que l&#039;environnement peut supporter, nous permettons \u00e0 la nature de se r\u00e9g\u00e9n\u00e9rer et de la pr\u00e9server pour les g\u00e9n\u00e9rations futures.<\/p>\n\t\t\t\t<img loading=\"lazy\" decoding=\"async\" src=\"https:\/\/www.blindtrapper.com\/wp-content\/uploads\/2023\/05\/awareness-earth-eco-social-awareness-svgrepo-com-100x100.png\" alt=\"Eco Social Awareness Icon\" itemprop=\"image\" height=\"100\" width=\"100\" title=\"Ic\u00f4ne de conscience \u00e9cologique et sociale\" onerror=\"this.style.display='none'\"  \/>\n\t<h3><strong>Responsabilit\u00e9 sociale<\/strong><\/h3>\n<p>La r\u00e9colte durable est une question de responsabilit\u00e9 sociale. Elle reconna\u00eet que nos actions d&#039;aujourd&#039;hui ont un impact sur l&#039;avenir. En pratiquant une r\u00e9colte durable, nous contribuons aux efforts mondiaux visant \u00e0 prot\u00e9ger notre plan\u00e8te et \u00e0 assurer sa p\u00e9rennit\u00e9.<\/p>\n\t\t\t\t<img loading=\"lazy\" decoding=\"async\" src=\"https:\/\/www.blindtrapper.com\/wp-content\/uploads\/2023\/05\/renewable-energy-innovation-svgrepo-com-100x100.png\" alt=\"Gear with Leaf Icon\" itemprop=\"image\" height=\"100\" width=\"100\" title=\"Engrenage avec ic\u00f4ne de feuille\" onerror=\"this.style.display='none'\"  \/>\n\t<h3><strong>Viabilit\u00e9 \u00e9conomique<\/strong><\/h3>\n<p>Durabilit\u00e9 et \u00e9conomie vont de pair. En pratiquant une r\u00e9colte durable, nous pouvons garantir un approvisionnement durable en ressources. Cela garantit un revenu stable \u00e0 nos cueilleurs locaux et un approvisionnement continu \u00e0 nos clients. C&#039;est un sc\u00e9nario gagnant-gagnant qui favorise la viabilit\u00e9 et la croissance \u00e9conomiques.<\/p>\n\t\t\t\t<img loading=\"lazy\" decoding=\"async\" src=\"https:\/\/www.blindtrapper.com\/wp-content\/uploads\/2023\/05\/labrador-tea-gc2a860408_1280.jpg\" alt=\"Top View of Labrador Tea Flower\" itemprop=\"image\" height=\"853\" width=\"1280\" title=\"Th\u00e9 du Labrador\" onerror=\"this.style.display='none'\"  \/>","protected":false},"excerpt":{"rendered":"<div class=\"entry-summary\">\n<div class=\"entry-summary\">\nD\u00e9couvrez les merveilles de la nature avec Blind Trapper Holistic Foods. Nich\u00e9s au c\u0153ur du plus grand delta int\u00e9rieur du Canada, le delta de Cumberland, nous nous engageons \u00e0 r\u00e9colter et \u00e0 livrer de mani\u00e8re durable les meilleurs produits sauvages comestibles.\n<\/div>\n<div class=\"link-more\"><a href=\"https:\/\/www.blindtrapper.com\/fr\/about-our-holistic-food-supplier-canada-business\/\" class=\"more-link\">Continuer \u00e0 lire<span class=\"screen-reader-text\"> &quot;\u00c0 propos de nous&quot;<\/span>\u2026<\/a><\/div>\n<\/div>\n<div class=\"link-more\"><a href=\"https:\/\/www.blindtrapper.com\/fr\/about-our-holistic-food-supplier-canada-business\/\" class=\"more-link\">Continuer \u00e0 lire<span class=\"screen-reader-text\"> &quot;\u00c0 propos de nous&quot;<\/span>\u2026<\/a><\/div>","protected":false},"author":1,"featured_media":0,"parent":0,"menu_order":0,"comment_status":"closed","ping_status":"closed","template":"","meta":{"_acf_changed":false,"footnotes":""},"class_list":["post-504","page","type-page","status-publish","hentry","entry"],"acf":[],"yoast_head":"<!-- This site is optimized with the Yoast SEO plugin v27.4 - https:\/\/yoast.com\/product\/yoast-seo-wordpress\/ -->\n<title>About Our Holistic Food Supplier Canada Business - Blind Trapper<\/title>\n<meta name=\"description\" content=\"The Blind Trapper&#039;s Holistic Food Supplier Canada Business grew from a small operation to a nation wide supplier. Learn more about our story.\" \/>\n<meta name=\"robots\" content=\"index, follow, max-snippet:-1, max-image-preview:large, max-video-preview:-1\" \/>\n<link rel=\"canonical\" href=\"https:\/\/www.blindtrapper.com\/fr\/about-our-holistic-food-supplier-canada-business\/\" \/>\n<meta property=\"og:locale\" content=\"fr_CA\" \/>\n<meta property=\"og:type\" content=\"article\" \/>\n<meta property=\"og:title\" content=\"About Our Holistic Food Supplier Canada Business - Blind Trapper\" \/>\n<meta property=\"og:description\" content=\"The Blind Trapper&#039;s Holistic Food Supplier Canada Business grew from a small operation to a nation wide supplier. Learn more about our story.\" \/>\n<meta property=\"og:url\" content=\"https:\/\/www.blindtrapper.com\/fr\/about-our-holistic-food-supplier-canada-business\/\" \/>\n<meta property=\"og:site_name\" content=\"Blind Trapper Holistic Foods\" \/>\n<meta property=\"article:publisher\" content=\"https:\/\/www.facebook.com\/BlindTrapper\/\" \/>\n<meta property=\"article:modified_time\" content=\"2024-10-22T01:41:00+00:00\" \/>\n<meta property=\"og:image\" content=\"https:\/\/www.blindtrapper.com\/wp-content\/uploads\/2023\/05\/yarrow-g89fcb68b6_1280.jpg\" \/>\n<meta name=\"twitter:card\" content=\"summary_large_image\" \/>\n<meta name=\"twitter:label1\" content=\"Estimation du temps de lecture\" \/>\n\t<meta name=\"twitter:data1\" content=\"5 minutes\" \/>\n<script type=\"application\/ld+json\" class=\"yoast-schema-graph\">{\"@context\":\"https:\\\/\\\/schema.org\",\"@graph\":[{\"@type\":\"WebPage\",\"@id\":\"https:\\\/\\\/www.blindtrapper.com\\\/about-our-holistic-food-supplier-canada-business\\\/\",\"url\":\"https:\\\/\\\/www.blindtrapper.com\\\/about-our-holistic-food-supplier-canada-business\\\/\",\"name\":\"About Our Holistic Food Supplier Canada Business - Blind Trapper\",\"isPartOf\":{\"@id\":\"https:\\\/\\\/www.blindtrapper.com\\\/#website\"},\"primaryImageOfPage\":{\"@id\":\"https:\\\/\\\/www.blindtrapper.com\\\/about-our-holistic-food-supplier-canada-business\\\/#primaryimage\"},\"image\":{\"@id\":\"https:\\\/\\\/www.blindtrapper.com\\\/about-our-holistic-food-supplier-canada-business\\\/#primaryimage\"},\"thumbnailUrl\":\"https:\\\/\\\/www.blindtrapper.com\\\/wp-content\\\/uploads\\\/2023\\\/05\\\/yarrow-g89fcb68b6_1280.jpg\",\"datePublished\":\"2017-05-22T09:57:54+00:00\",\"dateModified\":\"2024-10-22T01:41:00+00:00\",\"description\":\"The Blind Trapper's Holistic Food Supplier Canada Business grew from a small operation to a nation wide supplier. Learn more about our story.\",\"breadcrumb\":{\"@id\":\"https:\\\/\\\/www.blindtrapper.com\\\/about-our-holistic-food-supplier-canada-business\\\/#breadcrumb\"},\"inLanguage\":\"fr-CA\",\"potentialAction\":[{\"@type\":\"ReadAction\",\"target\":[\"https:\\\/\\\/www.blindtrapper.com\\\/about-our-holistic-food-supplier-canada-business\\\/\"]}]},{\"@type\":\"ImageObject\",\"inLanguage\":\"fr-CA\",\"@id\":\"https:\\\/\\\/www.blindtrapper.com\\\/about-our-holistic-food-supplier-canada-business\\\/#primaryimage\",\"url\":\"https:\\\/\\\/www.blindtrapper.com\\\/wp-content\\\/uploads\\\/2023\\\/05\\\/yarrow-g89fcb68b6_1280.jpg\",\"contentUrl\":\"https:\\\/\\\/www.blindtrapper.com\\\/wp-content\\\/uploads\\\/2023\\\/05\\\/yarrow-g89fcb68b6_1280.jpg\"},{\"@type\":\"BreadcrumbList\",\"@id\":\"https:\\\/\\\/www.blindtrapper.com\\\/about-our-holistic-food-supplier-canada-business\\\/#breadcrumb\",\"itemListElement\":[{\"@type\":\"ListItem\",\"position\":1,\"name\":\"Home\",\"item\":\"https:\\\/\\\/www.blindtrapper.com\\\/\"},{\"@type\":\"ListItem\",\"position\":2,\"name\":\"About Us\"}]},{\"@type\":\"WebSite\",\"@id\":\"https:\\\/\\\/www.blindtrapper.com\\\/#website\",\"url\":\"https:\\\/\\\/www.blindtrapper.com\\\/\",\"name\":\"Blind Trapper Holistic Foods\",\"description\":\"Canadian Holistic Food Supplier\",\"publisher\":{\"@id\":\"https:\\\/\\\/www.blindtrapper.com\\\/#organization\"},\"potentialAction\":[{\"@type\":\"SearchAction\",\"target\":{\"@type\":\"EntryPoint\",\"urlTemplate\":\"https:\\\/\\\/www.blindtrapper.com\\\/?s={search_term_string}\"},\"query-input\":{\"@type\":\"PropertyValueSpecification\",\"valueRequired\":true,\"valueName\":\"search_term_string\"}}],\"inLanguage\":\"fr-CA\"},{\"@type\":\"Organization\",\"@id\":\"https:\\\/\\\/www.blindtrapper.com\\\/#organization\",\"name\":\"Blind Trapper Holistic Foods\",\"url\":\"https:\\\/\\\/www.blindtrapper.com\\\/\",\"logo\":{\"@type\":\"ImageObject\",\"inLanguage\":\"fr-CA\",\"@id\":\"https:\\\/\\\/www.blindtrapper.com\\\/#\\\/schema\\\/logo\\\/image\\\/\",\"url\":\"https:\\\/\\\/www.blindtrapper.com\\\/wp-content\\\/uploads\\\/2023\\\/05\\\/nature-svgrepo-com.png\",\"contentUrl\":\"https:\\\/\\\/www.blindtrapper.com\\\/wp-content\\\/uploads\\\/2023\\\/05\\\/nature-svgrepo-com.png\",\"width\":256,\"height\":256,\"caption\":\"Blind Trapper Holistic Foods\"},\"image\":{\"@id\":\"https:\\\/\\\/www.blindtrapper.com\\\/#\\\/schema\\\/logo\\\/image\\\/\"},\"sameAs\":[\"https:\\\/\\\/www.facebook.com\\\/BlindTrapper\\\/\",\"https:\\\/\\\/instagram.com\\\/blindtrapperholisticfoods\"]}]}<\/script>\n<!-- \/ Yoast SEO plugin. -->","yoast_head_json":{"title":"\u00c0 propos de notre entreprise canadienne de fournisseur d&#039;aliments holistiques - Blind Trapper","description":"L&#039;entreprise canadienne Blind Trapper&#039;s Holistic Food Supplier est pass\u00e9e d&#039;une petite structure \u00e0 un fournisseur pancanadien. Apprenez-en plus sur notre histoire.","robots":{"index":"index","follow":"follow","max-snippet":"max-snippet:-1","max-image-preview":"max-image-preview:large","max-video-preview":"max-video-preview:-1"},"canonical":"https:\/\/www.blindtrapper.com\/fr\/about-our-holistic-food-supplier-canada-business\/","og_locale":"fr_CA","og_type":"article","og_title":"About Our Holistic Food Supplier Canada Business - Blind Trapper","og_description":"The Blind Trapper's Holistic Food Supplier Canada Business grew from a small operation to a nation wide supplier. Learn more about our story.","og_url":"https:\/\/www.blindtrapper.com\/fr\/about-our-holistic-food-supplier-canada-business\/","og_site_name":"Blind Trapper Holistic Foods","article_publisher":"https:\/\/www.facebook.com\/BlindTrapper\/","article_modified_time":"2024-10-22T01:41:00+00:00","og_image":[{"url":"https:\/\/www.blindtrapper.com\/wp-content\/uploads\/2023\/05\/yarrow-g89fcb68b6_1280.jpg","type":"","width":"","height":""}],"twitter_card":"summary_large_image","twitter_misc":{"Estimation du temps de lecture":"5 minutes"},"schema":{"@context":"https:\/\/schema.org","@graph":[{"@type":"WebPage","@id":"https:\/\/www.blindtrapper.com\/about-our-holistic-food-supplier-canada-business\/","url":"https:\/\/www.blindtrapper.com\/about-our-holistic-food-supplier-canada-business\/","name":"\u00c0 propos de notre entreprise canadienne de fournisseur d&#039;aliments holistiques - Blind Trapper","isPartOf":{"@id":"https:\/\/www.blindtrapper.com\/#website"},"primaryImageOfPage":{"@id":"https:\/\/www.blindtrapper.com\/about-our-holistic-food-supplier-canada-business\/#primaryimage"},"image":{"@id":"https:\/\/www.blindtrapper.com\/about-our-holistic-food-supplier-canada-business\/#primaryimage"},"thumbnailUrl":"https:\/\/www.blindtrapper.com\/wp-content\/uploads\/2023\/05\/yarrow-g89fcb68b6_1280.jpg","datePublished":"2017-05-22T09:57:54+00:00","dateModified":"2024-10-22T01:41:00+00:00","description":"L&#039;entreprise canadienne Blind Trapper&#039;s Holistic Food Supplier est pass\u00e9e d&#039;une petite structure \u00e0 un fournisseur pancanadien. Apprenez-en plus sur notre histoire.","breadcrumb":{"@id":"https:\/\/www.blindtrapper.com\/about-our-holistic-food-supplier-canada-business\/#breadcrumb"},"inLanguage":"fr-CA","potentialAction":[{"@type":"ReadAction","target":["https:\/\/www.blindtrapper.com\/about-our-holistic-food-supplier-canada-business\/"]}]},{"@type":"ImageObject","inLanguage":"fr-CA","@id":"https:\/\/www.blindtrapper.com\/about-our-holistic-food-supplier-canada-business\/#primaryimage","url":"https:\/\/www.blindtrapper.com\/wp-content\/uploads\/2023\/05\/yarrow-g89fcb68b6_1280.jpg","contentUrl":"https:\/\/www.blindtrapper.com\/wp-content\/uploads\/2023\/05\/yarrow-g89fcb68b6_1280.jpg"},{"@type":"BreadcrumbList","@id":"https:\/\/www.blindtrapper.com\/about-our-holistic-food-supplier-canada-business\/#breadcrumb","itemListElement":[{"@type":"ListItem","position":1,"name":"Home","item":"https:\/\/www.blindtrapper.com\/"},{"@type":"ListItem","position":2,"name":"About Us"}]},{"@type":"WebSite","@id":"https:\/\/www.blindtrapper.com\/#website","url":"https:\/\/www.blindtrapper.com\/","name":"Blind Trapper Holistic Foods","description":"Fournisseur canadien d&#039;aliments holistiques","publisher":{"@id":"https:\/\/www.blindtrapper.com\/#organization"},"potentialAction":[{"@type":"SearchAction","target":{"@type":"EntryPoint","urlTemplate":"https:\/\/www.blindtrapper.com\/?s={search_term_string}"},"query-input":{"@type":"PropertyValueSpecification","valueRequired":true,"valueName":"search_term_string"}}],"inLanguage":"fr-CA"},{"@type":"Organization","@id":"https:\/\/www.blindtrapper.com\/#organization","name":"Blind Trapper Holistic Foods","url":"https:\/\/www.blindtrapper.com\/","logo":{"@type":"ImageObject","inLanguage":"fr-CA","@id":"https:\/\/www.blindtrapper.com\/#\/schema\/logo\/image\/","url":"https:\/\/www.blindtrapper.com\/wp-content\/uploads\/2023\/05\/nature-svgrepo-com.png","contentUrl":"https:\/\/www.blindtrapper.com\/wp-content\/uploads\/2023\/05\/nature-svgrepo-com.png","width":256,"height":256,"caption":"Blind Trapper Holistic Foods"},"image":{"@id":"https:\/\/www.blindtrapper.com\/#\/schema\/logo\/image\/"},"sameAs":["https:\/\/www.facebook.com\/BlindTrapper\/","https:\/\/instagram.com\/blindtrapperholisticfoods"]}]}},"_links":{"self":[{"href":"https:\/\/www.blindtrapper.com\/fr\/wp-json\/wp\/v2\/pages\/504","targetHints":{"allow":["GET"]}}],"collection":[{"href":"https:\/\/www.blindtrapper.com\/fr\/wp-json\/wp\/v2\/pages"}],"about":[{"href":"https:\/\/www.blindtrapper.com\/fr\/wp-json\/wp\/v2\/types\/page"}],"author":[{"embeddable":true,"href":"https:\/\/www.blindtrapper.com\/fr\/wp-json\/wp\/v2\/users\/1"}],"replies":[{"embeddable":true,"href":"https:\/\/www.blindtrapper.com\/fr\/wp-json\/wp\/v2\/comments?post=504"}],"version-history":[{"count":16,"href":"https:\/\/www.blindtrapper.com\/fr\/wp-json\/wp\/v2\/pages\/504\/revisions"}],"predecessor-version":[{"id":1456,"href":"https:\/\/www.blindtrapper.com\/fr\/wp-json\/wp\/v2\/pages\/504\/revisions\/1456"}],"wp:attachment":[{"href":"https:\/\/www.blindtrapper.com\/fr\/wp-json\/wp\/v2\/media?parent=504"}],"curies":[{"name":"wp","href":"https:\/\/api.w.org\/{rel}","templated":true}]}}